{"id":9179,"date":"2025-03-07T09:48:10","date_gmt":"2025-03-07T08:48:10","guid":{"rendered":"https:\/\/tolosaldekomankomunitatea.eus\/?page_id=9179"},"modified":"2025-03-07T09:48:10","modified_gmt":"2025-03-07T08:48:10","slug":"protecciom-de-datos","status":"publish","type":"page","link":"https:\/\/tolosaldekomankomunitatea.eus\/es\/protecciom-de-datos\/","title":{"rendered":"Protecci\u00f3m de datos"},"content":{"rendered":"<p>Mediante esta p\u00e1gina la Mancomunidad quiere facilitar un acceso \u00e1gil y r\u00e1pido a la Pol\u00edtica de Protecci\u00f3n de Datos relativa a los tratamientos de datos que lleva a cabo.<\/p>\n<p>Esta Pol\u00edtica de Protecci\u00f3n de datos ha sido desarrollada teniendo en cuenta lo dispuesto en la normativa vigente sobre protecci\u00f3n de datos personales y tiene por objeto poner en conocimiento de los titulares de los datos personales, respecto de los cuales se est\u00e1 recabando informaci\u00f3n, los aspectos espec\u00edficos relativos al tratamiento sus datos, entre otras cosas, las finalidades de los tratamientos, los datos de contacto para ejercer los derechos que le asisten, los plazos de conservaci\u00f3n de la informaci\u00f3n y las medidas de seguridad entre otras cosas.<\/p>\n<p>Esta pol\u00edtica ser\u00e1 aplicable a la informaci\u00f3n recogida directamente a trav\u00e9s de los diferentes servicios de la Mancomunidad, as\u00ed como de su p\u00e1gina web.<\/p>\n<p><strong>Registro de Actividades de Tratamiento<\/strong><\/p>\n<p>Las finalidades de los tratamientos de los que es responsable la Mancomunidad de Tolosaldea se detallan en el registro de actividades de tratamiento de datos.<\/p>\n<p>Puede consultar y descargar <a href=\"https:\/\/tolosaldekomankomunitatea.eus\/wp-content\/uploads\/2025\/03\/TOLOSALDEKO_MANKOMUNITATEA_REGISTRO_DE_ACTIVIDADES_COMO_RT_GENERAL.pdf\" target=\"_blank\" rel=\"noopener\"><u>en este enlace<\/u><\/a> la informaci\u00f3n relativa a los tratamientos de datos\u00a0que realiza la Mancomunidad de Tolosaldea en la gesti\u00f3n de los servicios y programas que presta y desarrolla.<\/p>\n<p><strong>Informaci\u00f3n adicional sobre los tratamientos<\/strong><\/p>\n<p>Los art\u00edculos 13 y 14 del Reglamento Europeo de Protecci\u00f3n de Datos establecen la informaci\u00f3n que deber\u00e1 facilitarse a la persona interesada cuando se recaben sus datos personales. Por su extensi\u00f3n, resulta imposible incluirla en los impresos, carteles y formularios y, por ello, la Agencia Espa\u00f1ola de Protecci\u00f3n de Datos en su \u201cGu\u00eda para el cumplimiento del deber de informar\u201d ha propuesto dividir esta informaci\u00f3n en dos \u201ccapas\u201d. La primera es la informaci\u00f3n b\u00e1sica que se incluye en los documentos antes mencionados. El resto, la segunda \u201ccapa\u201d, se incluye en este apartado de la p\u00e1gina web. De esta segunda capa, hay que distinguir aquella informaci\u00f3n com\u00fan a todos los tratamientos y aquella espec\u00edfica de cada uno.<\/p>\n<p><strong>Informaci\u00f3n adicional com\u00fan a todos los tratamientos<\/strong><\/p>\n<ul>\n<li>Datos de contacto del Delegado de protecci\u00f3n de datos:\u00a0osk@oscargalindo.com<\/li>\n<li>No hay previsi\u00f3n de realizar transferencias de datos a terceros pa\u00edses.<\/li>\n<li>Tiene usted derecho a reclamar ante la Agencia Espa\u00f1ola de Protecci\u00f3n de Datos.<\/li>\n<li>Podr\u00e1 ejercer los derechos de acceso, rectificaci\u00f3n, oposici\u00f3n y supresi\u00f3n (\u201cderecho al olvido\u201d).<\/li>\n<\/ul>\n","protected":false},"excerpt":{"rendered":"<p>Mediante esta p\u00e1gina la Mancomunidad quiere facilitar un acceso \u00e1gil y r\u00e1pido a la Pol\u00edtica de Protecci\u00f3n de Datos relativa a los tratamientos de datos que lleva a cabo. Esta Pol\u00edtica de Protecci\u00f3n de datos ha sido desarrollada teniendo en cuenta lo dispuesto en la normativa vigente sobre protecci\u00f3n de datos personales y tiene por [&hellip;]<\/p>\n","protected":false},"author":3,"featured_media":0,"parent":0,"menu_order":0,"comment_status":"closed","ping_status":"closed","template":"","meta":{"_acf_changed":false,"footnotes":""},"class_list":["post-9179","page","type-page","status-publish","hentry"],"acf":[],"yoast_head":"<!-- This site is optimized with the Yoast SEO plugin v25.3.1 - https:\/\/yoast.com\/wordpress\/plugins\/seo\/ -->\n<title>Protecci\u00f3m de datos - Tolosaldeako Mankomunitatea<\/title>\n<meta name=\"robots\" content=\"index, follow, max-snippet:-1, max-image-preview:large, max-video-preview:-1\" \/>\n<link rel=\"canonical\" href=\"https:\/\/tolosaldekomankomunitatea.eus\/es\/protecciom-de-datos\/\" \/>\n<meta property=\"og:locale\" content=\"es_ES\" \/>\n<meta property=\"og:type\" content=\"article\" \/>\n<meta property=\"og:title\" content=\"Protecci\u00f3m de datos - Tolosaldeako Mankomunitatea\" \/>\n<meta property=\"og:description\" content=\"Mediante esta p\u00e1gina la Mancomunidad quiere facilitar un acceso \u00e1gil y r\u00e1pido a la Pol\u00edtica de Protecci\u00f3n de Datos relativa a los tratamientos de datos que lleva a cabo. Esta Pol\u00edtica de Protecci\u00f3n de datos ha sido desarrollada teniendo en cuenta lo dispuesto en la normativa vigente sobre protecci\u00f3n de datos personales y tiene por [&hellip;]\" \/>\n<meta property=\"og:url\" content=\"https:\/\/tolosaldekomankomunitatea.eus\/es\/protecciom-de-datos\/\" \/>\n<meta property=\"og:site_name\" content=\"Tolosaldeako Mankomunitatea\" \/>\n<meta name=\"twitter:card\" content=\"summary_large_image\" \/>\n<meta name=\"twitter:label1\" content=\"Tiempo de lectura\" \/>\n\t<meta name=\"twitter:data1\" content=\"3 minutos\" \/>\n<script type=\"application\/ld+json\" class=\"yoast-schema-graph\">{\"@context\":\"https:\/\/schema.org\",\"@graph\":[{\"@type\":\"WebPage\",\"@id\":\"https:\/\/tolosaldekomankomunitatea.eus\/es\/protecciom-de-datos\/\",\"url\":\"https:\/\/tolosaldekomankomunitatea.eus\/es\/protecciom-de-datos\/\",\"name\":\"Protecci\u00f3m de datos - Tolosaldeako Mankomunitatea\",\"isPartOf\":{\"@id\":\"https:\/\/tolosaldekomankomunitatea.eus\/es\/#website\"},\"datePublished\":\"2025-03-07T08:48:10+00:00\",\"breadcrumb\":{\"@id\":\"https:\/\/tolosaldekomankomunitatea.eus\/es\/protecciom-de-datos\/#breadcrumb\"},\"inLanguage\":\"es\",\"potentialAction\":[{\"@type\":\"ReadAction\",\"target\":[\"https:\/\/tolosaldekomankomunitatea.eus\/es\/protecciom-de-datos\/\"]}]},{\"@type\":\"BreadcrumbList\",\"@id\":\"https:\/\/tolosaldekomankomunitatea.eus\/es\/protecciom-de-datos\/#breadcrumb\",\"itemListElement\":[{\"@type\":\"ListItem\",\"position\":1,\"name\":\"\",\"item\":\"https:\/\/tolosaldekomankomunitatea.eus\/es\/\"},{\"@type\":\"ListItem\",\"position\":2,\"name\":\"Protecci\u00f3m de datos\"}]},{\"@type\":\"WebSite\",\"@id\":\"https:\/\/tolosaldekomankomunitatea.eus\/es\/#website\",\"url\":\"https:\/\/tolosaldekomankomunitatea.eus\/es\/\",\"name\":\"Tolosaldeako Mankomunitatea\",\"description\":\"Zurekin, alde ederra!\",\"potentialAction\":[{\"@type\":\"SearchAction\",\"target\":{\"@type\":\"EntryPoint\",\"urlTemplate\":\"https:\/\/tolosaldekomankomunitatea.eus\/es\/?s={search_term_string}\"},\"query-input\":{\"@type\":\"PropertyValueSpecification\",\"valueRequired\":true,\"valueName\":\"search_term_string\"}}],\"inLanguage\":\"es\"}]}<\/script>\n<!-- \/ Yoast SEO plugin. -->","yoast_head_json":{"title":"Protecci\u00f3m de datos - Tolosaldeako Mankomunitatea","robots":{"index":"index","follow":"follow","max-snippet":"max-snippet:-1","max-image-preview":"max-image-preview:large","max-video-preview":"max-video-preview:-1"},"canonical":"https:\/\/tolosaldekomankomunitatea.eus\/es\/protecciom-de-datos\/","og_locale":"es_ES","og_type":"article","og_title":"Protecci\u00f3m de datos - Tolosaldeako Mankomunitatea","og_description":"Mediante esta p\u00e1gina la Mancomunidad quiere facilitar un acceso \u00e1gil y r\u00e1pido a la Pol\u00edtica de Protecci\u00f3n de Datos relativa a los tratamientos de datos que lleva a cabo. Esta Pol\u00edtica de Protecci\u00f3n de datos ha sido desarrollada teniendo en cuenta lo dispuesto en la normativa vigente sobre protecci\u00f3n de datos personales y tiene por [&hellip;]","og_url":"https:\/\/tolosaldekomankomunitatea.eus\/es\/protecciom-de-datos\/","og_site_name":"Tolosaldeako Mankomunitatea","twitter_card":"summary_large_image","twitter_misc":{"Tiempo de lectura":"3 minutos"},"schema":{"@context":"https:\/\/schema.org","@graph":[{"@type":"WebPage","@id":"https:\/\/tolosaldekomankomunitatea.eus\/es\/protecciom-de-datos\/","url":"https:\/\/tolosaldekomankomunitatea.eus\/es\/protecciom-de-datos\/","name":"Protecci\u00f3m de datos - Tolosaldeako Mankomunitatea","isPartOf":{"@id":"https:\/\/tolosaldekomankomunitatea.eus\/es\/#website"},"datePublished":"2025-03-07T08:48:10+00:00","breadcrumb":{"@id":"https:\/\/tolosaldekomankomunitatea.eus\/es\/protecciom-de-datos\/#breadcrumb"},"inLanguage":"es","potentialAction":[{"@type":"ReadAction","target":["https:\/\/tolosaldekomankomunitatea.eus\/es\/protecciom-de-datos\/"]}]},{"@type":"BreadcrumbList","@id":"https:\/\/tolosaldekomankomunitatea.eus\/es\/protecciom-de-datos\/#breadcrumb","itemListElement":[{"@type":"ListItem","position":1,"name":"","item":"https:\/\/tolosaldekomankomunitatea.eus\/es\/"},{"@type":"ListItem","position":2,"name":"Protecci\u00f3m de datos"}]},{"@type":"WebSite","@id":"https:\/\/tolosaldekomankomunitatea.eus\/es\/#website","url":"https:\/\/tolosaldekomankomunitatea.eus\/es\/","name":"Tolosaldeako Mankomunitatea","description":"Zurekin, alde ederra!","potentialAction":[{"@type":"SearchAction","target":{"@type":"EntryPoint","urlTemplate":"https:\/\/tolosaldekomankomunitatea.eus\/es\/?s={search_term_string}"},"query-input":{"@type":"PropertyValueSpecification","valueRequired":true,"valueName":"search_term_string"}}],"inLanguage":"es"}]}},"_links":{"self":[{"href":"https:\/\/tolosaldekomankomunitatea.eus\/es\/wp-json\/wp\/v2\/pages\/9179","targetHints":{"allow":["GET"]}}],"collection":[{"href":"https:\/\/tolosaldekomankomunitatea.eus\/es\/wp-json\/wp\/v2\/pages"}],"about":[{"href":"https:\/\/tolosaldekomankomunitatea.eus\/es\/wp-json\/wp\/v2\/types\/page"}],"author":[{"embeddable":true,"href":"https:\/\/tolosaldekomankomunitatea.eus\/es\/wp-json\/wp\/v2\/users\/3"}],"replies":[{"embeddable":true,"href":"https:\/\/tolosaldekomankomunitatea.eus\/es\/wp-json\/wp\/v2\/comments?post=9179"}],"version-history":[{"count":1,"href":"https:\/\/tolosaldekomankomunitatea.eus\/es\/wp-json\/wp\/v2\/pages\/9179\/revisions"}],"predecessor-version":[{"id":9184,"href":"https:\/\/tolosaldekomankomunitatea.eus\/es\/wp-json\/wp\/v2\/pages\/9179\/revisions\/9184"}],"wp:attachment":[{"href":"https:\/\/tolosaldekomankomunitatea.eus\/es\/wp-json\/wp\/v2\/media?parent=9179"}],"curies":[{"name":"wp","href":"https:\/\/api.w.org\/{rel}","templated":true}]}}