{"id":8813,"date":"2024-01-16T09:20:27","date_gmt":"2024-01-16T08:20:27","guid":{"rendered":"https:\/\/tolosaldekomankomunitatea.eus\/next-generation-eu-funtsek-diruz-lagundutako-proiektuak\/"},"modified":"2024-01-22T09:24:54","modified_gmt":"2024-01-22T08:24:54","slug":"proyectos-subvencionados-por-los-fondos-next-generation-eu","status":"publish","type":"page","link":"https:\/\/tolosaldekomankomunitatea.eus\/es\/mancomunidad\/proyectos-subvencionados-por-los-fondos-next-generation-eu\/","title":{"rendered":"Proyectos subvencionados por los fondos NEXT GENERATION EU"},"content":{"rendered":"<p>El Departamento de Desarrollo Econ\u00f3mico, Sostenibilidad y Medio Ambiente del Gobierno Vasco, en la convocatoria de subvenciones para la implantaci\u00f3n de la normativa de residuos y para la promoci\u00f3n de la econom\u00eda circular en la CAPV, ha subvencionado a la mancomunidad de Tolosaldea un proyecto consistente en:<\/p>\n<p><strong>ACONDICIONAMIENTO PARA LA RECOGIDA DE RESIDUOS DE APARATOS EL\u00c9CTRICOS Y ELECTR\u00d3NICOS. GARBIGUNE SAN BLAS.<\/strong><\/p>\n<p><strong>Nombre del proyecto<\/strong>: Acondicionamiento para la recogida de residuos de aparatos el\u00e9ctricos y electr\u00f3nicos, Garbigune San Blas.<\/p>\n<p><strong>Convocatoria<\/strong> regulada por la Orden de 13 de octubre de 2021, de la Consejera de Desarrollo Econ\u00f3mico, Sostenibilidad y Medio Ambiente, para la implantaci\u00f3n de la normativa de residuos y la promoci\u00f3n de la econom\u00eda circular en la CAPV.<\/p>\n<p><strong>Plazo de ejecuci\u00f3n<\/strong>: de junio de 2023 a marzo de 2026.<\/p>\n<p><strong>Objetivo: General<\/strong>: Mejorar la recogida selectiva de residuos mediante la ejecuci\u00f3n de obras de adecuaci\u00f3n de la recogida de residuos de aparatos el\u00e9ctricos y electr\u00f3nicos en el Garbigune de San Blas de Tolosa.<\/p>\n<p><strong>Informaci\u00f3n econ\u00f3mica (sin IVA)<\/strong>: Importe del proyecto: 82.030,24 \u20ac<\/p>\n<p><strong>Importe de la subvenci\u00f3n<\/strong>: 73.827,22 \u20ac<\/p>\n<p><strong>Porcentaje de financiaci\u00f3n<\/strong>: 90%<\/p>\n<hr \/>\n<p><img loading=\"lazy\" decoding=\"async\" class=\"aligncenter size-large wp-image-8809\" src=\"https:\/\/tolosaldekomankomunitatea.eus\/wp-content\/uploads\/2024\/01\/FRANJA_UE_PRTR_GV-COLOR-1024x102.png\" alt=\"\" width=\"640\" height=\"64\" srcset=\"https:\/\/tolosaldekomankomunitatea.eus\/wp-content\/uploads\/2024\/01\/FRANJA_UE_PRTR_GV-COLOR-1024x102.png 1024w, https:\/\/tolosaldekomankomunitatea.eus\/wp-content\/uploads\/2024\/01\/FRANJA_UE_PRTR_GV-COLOR-300x30.png 300w, https:\/\/tolosaldekomankomunitatea.eus\/wp-content\/uploads\/2024\/01\/FRANJA_UE_PRTR_GV-COLOR-768x77.png 768w, https:\/\/tolosaldekomankomunitatea.eus\/wp-content\/uploads\/2024\/01\/FRANJA_UE_PRTR_GV-COLOR-1536x153.png 1536w, https:\/\/tolosaldekomankomunitatea.eus\/wp-content\/uploads\/2024\/01\/FRANJA_UE_PRTR_GV-COLOR-2048x205.png 2048w\" sizes=\"auto, (max-width: 640px) 100vw, 640px\" \/><\/p>\n","protected":false},"excerpt":{"rendered":"<p>El Departamento de Desarrollo Econ\u00f3mico, Sostenibilidad y Medio Ambiente del Gobierno Vasco, en la convocatoria de subvenciones para la implantaci\u00f3n de la normativa de residuos y para la promoci\u00f3n de la econom\u00eda circular en la CAPV, ha subvencionado a la mancomunidad de Tolosaldea un proyecto consistente en: ACONDICIONAMIENTO PARA LA RECOGIDA DE RESIDUOS DE APARATOS [&hellip;]<\/p>\n","protected":false},"author":1,"featured_media":0,"parent":5125,"menu_order":0,"comment_status":"closed","ping_status":"closed","template":"template-mankomunitatea.php","meta":{"_acf_changed":false,"footnotes":""},"class_list":["post-8813","page","type-page","status-publish","hentry"],"acf":[],"yoast_head":"<!-- This site is optimized with the Yoast SEO plugin v25.3.1 - https:\/\/yoast.com\/wordpress\/plugins\/seo\/ -->\n<title>Proyectos subvencionados por los fondos NEXT GENERATION EU - Tolosaldeako Mankomunitatea<\/title>\n<meta name=\"robots\" content=\"index, follow, max-snippet:-1, max-image-preview:large, max-video-preview:-1\" \/>\n<link rel=\"canonical\" href=\"https:\/\/tolosaldekomankomunitatea.eus\/es\/mancomunidad\/proyectos-subvencionados-por-los-fondos-next-generation-eu\/\" \/>\n<meta property=\"og:locale\" content=\"es_ES\" \/>\n<meta property=\"og:type\" content=\"article\" \/>\n<meta property=\"og:title\" content=\"Proyectos subvencionados por los fondos NEXT GENERATION EU - Tolosaldeako Mankomunitatea\" \/>\n<meta property=\"og:description\" content=\"El Departamento de Desarrollo Econ\u00f3mico, Sostenibilidad y Medio Ambiente del Gobierno Vasco, en la convocatoria de subvenciones para la implantaci\u00f3n de la normativa de residuos y para la promoci\u00f3n de la econom\u00eda circular en la CAPV, ha subvencionado a la mancomunidad de Tolosaldea un proyecto consistente en: ACONDICIONAMIENTO PARA LA RECOGIDA DE RESIDUOS DE APARATOS [&hellip;]\" \/>\n<meta property=\"og:url\" content=\"https:\/\/tolosaldekomankomunitatea.eus\/es\/mancomunidad\/proyectos-subvencionados-por-los-fondos-next-generation-eu\/\" \/>\n<meta property=\"og:site_name\" content=\"Tolosaldeako Mankomunitatea\" \/>\n<meta property=\"article:modified_time\" content=\"2024-01-22T08:24:54+00:00\" \/>\n<meta property=\"og:image\" content=\"https:\/\/tolosaldekomankomunitatea.eus\/wp-content\/uploads\/2024\/01\/FRANJA_UE_PRTR_GV-COLOR-1024x102.png\" \/>\n<meta name=\"twitter:card\" content=\"summary_large_image\" \/>\n<meta name=\"twitter:label1\" content=\"Tiempo de lectura\" \/>\n\t<meta name=\"twitter:data1\" content=\"2 minutos\" \/>\n<script type=\"application\/ld+json\" class=\"yoast-schema-graph\">{\"@context\":\"https:\/\/schema.org\",\"@graph\":[{\"@type\":\"WebPage\",\"@id\":\"https:\/\/tolosaldekomankomunitatea.eus\/es\/mancomunidad\/proyectos-subvencionados-por-los-fondos-next-generation-eu\/\",\"url\":\"https:\/\/tolosaldekomankomunitatea.eus\/es\/mancomunidad\/proyectos-subvencionados-por-los-fondos-next-generation-eu\/\",\"name\":\"Proyectos subvencionados por los fondos NEXT GENERATION EU - Tolosaldeako Mankomunitatea\",\"isPartOf\":{\"@id\":\"https:\/\/tolosaldekomankomunitatea.eus\/es\/#website\"},\"primaryImageOfPage\":{\"@id\":\"https:\/\/tolosaldekomankomunitatea.eus\/es\/mancomunidad\/proyectos-subvencionados-por-los-fondos-next-generation-eu\/#primaryimage\"},\"image\":{\"@id\":\"https:\/\/tolosaldekomankomunitatea.eus\/es\/mancomunidad\/proyectos-subvencionados-por-los-fondos-next-generation-eu\/#primaryimage\"},\"thumbnailUrl\":\"https:\/\/tolosaldekomankomunitatea.eus\/wp-content\/uploads\/2024\/01\/FRANJA_UE_PRTR_GV-COLOR-1024x102.png\",\"datePublished\":\"2024-01-16T08:20:27+00:00\",\"dateModified\":\"2024-01-22T08:24:54+00:00\",\"breadcrumb\":{\"@id\":\"https:\/\/tolosaldekomankomunitatea.eus\/es\/mancomunidad\/proyectos-subvencionados-por-los-fondos-next-generation-eu\/#breadcrumb\"},\"inLanguage\":\"es\",\"potentialAction\":[{\"@type\":\"ReadAction\",\"target\":[\"https:\/\/tolosaldekomankomunitatea.eus\/es\/mancomunidad\/proyectos-subvencionados-por-los-fondos-next-generation-eu\/\"]}]},{\"@type\":\"ImageObject\",\"inLanguage\":\"es\",\"@id\":\"https:\/\/tolosaldekomankomunitatea.eus\/es\/mancomunidad\/proyectos-subvencionados-por-los-fondos-next-generation-eu\/#primaryimage\",\"url\":\"https:\/\/tolosaldekomankomunitatea.eus\/wp-content\/uploads\/2024\/01\/FRANJA_UE_PRTR_GV-COLOR-1024x102.png\",\"contentUrl\":\"https:\/\/tolosaldekomankomunitatea.eus\/wp-content\/uploads\/2024\/01\/FRANJA_UE_PRTR_GV-COLOR-1024x102.png\"},{\"@type\":\"BreadcrumbList\",\"@id\":\"https:\/\/tolosaldekomankomunitatea.eus\/es\/mancomunidad\/proyectos-subvencionados-por-los-fondos-next-generation-eu\/#breadcrumb\",\"itemListElement\":[{\"@type\":\"ListItem\",\"position\":1,\"name\":\"\",\"item\":\"https:\/\/tolosaldekomankomunitatea.eus\/es\/\"},{\"@type\":\"ListItem\",\"position\":2,\"name\":\"Mancomunidad\",\"item\":\"https:\/\/tolosaldekomankomunitatea.eus\/es\/mancomunidad\/\"},{\"@type\":\"ListItem\",\"position\":3,\"name\":\"Proyectos subvencionados por los fondos NEXT GENERATION EU\"}]},{\"@type\":\"WebSite\",\"@id\":\"https:\/\/tolosaldekomankomunitatea.eus\/es\/#website\",\"url\":\"https:\/\/tolosaldekomankomunitatea.eus\/es\/\",\"name\":\"Tolosaldeako Mankomunitatea\",\"description\":\"Zurekin, alde ederra!\",\"potentialAction\":[{\"@type\":\"SearchAction\",\"target\":{\"@type\":\"EntryPoint\",\"urlTemplate\":\"https:\/\/tolosaldekomankomunitatea.eus\/es\/?s={search_term_string}\"},\"query-input\":{\"@type\":\"PropertyValueSpecification\",\"valueRequired\":true,\"valueName\":\"search_term_string\"}}],\"inLanguage\":\"es\"}]}<\/script>\n<!-- \/ Yoast SEO plugin. -->","yoast_head_json":{"title":"Proyectos subvencionados por los fondos NEXT GENERATION EU - Tolosaldeako Mankomunitatea","robots":{"index":"index","follow":"follow","max-snippet":"max-snippet:-1","max-image-preview":"max-image-preview:large","max-video-preview":"max-video-preview:-1"},"canonical":"https:\/\/tolosaldekomankomunitatea.eus\/es\/mancomunidad\/proyectos-subvencionados-por-los-fondos-next-generation-eu\/","og_locale":"es_ES","og_type":"article","og_title":"Proyectos subvencionados por los fondos NEXT GENERATION EU - Tolosaldeako Mankomunitatea","og_description":"El Departamento de Desarrollo Econ\u00f3mico, Sostenibilidad y Medio Ambiente del Gobierno Vasco, en la convocatoria de subvenciones para la implantaci\u00f3n de la normativa de residuos y para la promoci\u00f3n de la econom\u00eda circular en la CAPV, ha subvencionado a la mancomunidad de Tolosaldea un proyecto consistente en: ACONDICIONAMIENTO PARA LA RECOGIDA DE RESIDUOS DE APARATOS [&hellip;]","og_url":"https:\/\/tolosaldekomankomunitatea.eus\/es\/mancomunidad\/proyectos-subvencionados-por-los-fondos-next-generation-eu\/","og_site_name":"Tolosaldeako Mankomunitatea","article_modified_time":"2024-01-22T08:24:54+00:00","og_image":[{"url":"https:\/\/tolosaldekomankomunitatea.eus\/wp-content\/uploads\/2024\/01\/FRANJA_UE_PRTR_GV-COLOR-1024x102.png","type":"","width":"","height":""}],"twitter_card":"summary_large_image","twitter_misc":{"Tiempo de lectura":"2 minutos"},"schema":{"@context":"https:\/\/schema.org","@graph":[{"@type":"WebPage","@id":"https:\/\/tolosaldekomankomunitatea.eus\/es\/mancomunidad\/proyectos-subvencionados-por-los-fondos-next-generation-eu\/","url":"https:\/\/tolosaldekomankomunitatea.eus\/es\/mancomunidad\/proyectos-subvencionados-por-los-fondos-next-generation-eu\/","name":"Proyectos subvencionados por los fondos NEXT GENERATION EU - Tolosaldeako Mankomunitatea","isPartOf":{"@id":"https:\/\/tolosaldekomankomunitatea.eus\/es\/#website"},"primaryImageOfPage":{"@id":"https:\/\/tolosaldekomankomunitatea.eus\/es\/mancomunidad\/proyectos-subvencionados-por-los-fondos-next-generation-eu\/#primaryimage"},"image":{"@id":"https:\/\/tolosaldekomankomunitatea.eus\/es\/mancomunidad\/proyectos-subvencionados-por-los-fondos-next-generation-eu\/#primaryimage"},"thumbnailUrl":"https:\/\/tolosaldekomankomunitatea.eus\/wp-content\/uploads\/2024\/01\/FRANJA_UE_PRTR_GV-COLOR-1024x102.png","datePublished":"2024-01-16T08:20:27+00:00","dateModified":"2024-01-22T08:24:54+00:00","breadcrumb":{"@id":"https:\/\/tolosaldekomankomunitatea.eus\/es\/mancomunidad\/proyectos-subvencionados-por-los-fondos-next-generation-eu\/#breadcrumb"},"inLanguage":"es","potentialAction":[{"@type":"ReadAction","target":["https:\/\/tolosaldekomankomunitatea.eus\/es\/mancomunidad\/proyectos-subvencionados-por-los-fondos-next-generation-eu\/"]}]},{"@type":"ImageObject","inLanguage":"es","@id":"https:\/\/tolosaldekomankomunitatea.eus\/es\/mancomunidad\/proyectos-subvencionados-por-los-fondos-next-generation-eu\/#primaryimage","url":"https:\/\/tolosaldekomankomunitatea.eus\/wp-content\/uploads\/2024\/01\/FRANJA_UE_PRTR_GV-COLOR-1024x102.png","contentUrl":"https:\/\/tolosaldekomankomunitatea.eus\/wp-content\/uploads\/2024\/01\/FRANJA_UE_PRTR_GV-COLOR-1024x102.png"},{"@type":"BreadcrumbList","@id":"https:\/\/tolosaldekomankomunitatea.eus\/es\/mancomunidad\/proyectos-subvencionados-por-los-fondos-next-generation-eu\/#breadcrumb","itemListElement":[{"@type":"ListItem","position":1,"name":"","item":"https:\/\/tolosaldekomankomunitatea.eus\/es\/"},{"@type":"ListItem","position":2,"name":"Mancomunidad","item":"https:\/\/tolosaldekomankomunitatea.eus\/es\/mancomunidad\/"},{"@type":"ListItem","position":3,"name":"Proyectos subvencionados por los fondos NEXT GENERATION EU"}]},{"@type":"WebSite","@id":"https:\/\/tolosaldekomankomunitatea.eus\/es\/#website","url":"https:\/\/tolosaldekomankomunitatea.eus\/es\/","name":"Tolosaldeako Mankomunitatea","description":"Zurekin, alde ederra!","potentialAction":[{"@type":"SearchAction","target":{"@type":"EntryPoint","urlTemplate":"https:\/\/tolosaldekomankomunitatea.eus\/es\/?s={search_term_string}"},"query-input":{"@type":"PropertyValueSpecification","valueRequired":true,"valueName":"search_term_string"}}],"inLanguage":"es"}]}},"_links":{"self":[{"href":"https:\/\/tolosaldekomankomunitatea.eus\/es\/wp-json\/wp\/v2\/pages\/8813","targetHints":{"allow":["GET"]}}],"collection":[{"href":"https:\/\/tolosaldekomankomunitatea.eus\/es\/wp-json\/wp\/v2\/pages"}],"about":[{"href":"https:\/\/tolosaldekomankomunitatea.eus\/es\/wp-json\/wp\/v2\/types\/page"}],"author":[{"embeddable":true,"href":"https:\/\/tolosaldekomankomunitatea.eus\/es\/wp-json\/wp\/v2\/users\/1"}],"replies":[{"embeddable":true,"href":"https:\/\/tolosaldekomankomunitatea.eus\/es\/wp-json\/wp\/v2\/comments?post=8813"}],"version-history":[{"count":3,"href":"https:\/\/tolosaldekomankomunitatea.eus\/es\/wp-json\/wp\/v2\/pages\/8813\/revisions"}],"predecessor-version":[{"id":8819,"href":"https:\/\/tolosaldekomankomunitatea.eus\/es\/wp-json\/wp\/v2\/pages\/8813\/revisions\/8819"}],"up":[{"embeddable":true,"href":"https:\/\/tolosaldekomankomunitatea.eus\/es\/wp-json\/wp\/v2\/pages\/5125"}],"wp:attachment":[{"href":"https:\/\/tolosaldekomankomunitatea.eus\/es\/wp-json\/wp\/v2\/media?parent=8813"}],"curies":[{"name":"wp","href":"https:\/\/api.w.org\/{rel}","templated":true}]}}