{"id":5550,"date":"2018-12-13T14:14:41","date_gmt":"2018-12-13T13:14:41","guid":{"rendered":"https:\/\/tolosaldekomankomunitatea.eus\/en-nuestras-manos\/berrerabiltzea\/"},"modified":"2019-05-27T12:31:18","modified_gmt":"2019-05-27T11:31:18","slug":"reutilizar","status":"publish","type":"page","link":"https:\/\/tolosaldekomankomunitatea.eus\/es\/en-nuestras-manos\/reutilizar\/","title":{"rendered":"Reutilizar"},"content":{"rendered":"<section class=\"zerbitzuak gure-esku\">\n<div class=\"container\">\n<div class=\"row\">\n<div class=\"col-sm-12\">\n<p class=\"tituloa\">Reutilizaci\u00f3n, el arte de la imaginaci\u00f3n<\/p>\n<p>Un objeto o un producto no tiene por qu\u00e9 acabar en la basura cuando ha dejado de cumplir su funci\u00f3n inicial; podemos darle un nuevo uso y utilizarlo de nuevo, es decir, reutilizarlo.<\/p>\n<p>Con un poco de imaginaci\u00f3n podemos reutilizar recipientes, juguetes, utensilios de cocina u objetos decorativos: convertir tetra-bricks en tuppers, botes de jab\u00f3n en macetas, neum\u00e1ticos en parques infantiles&#8230; <strong>Alargar la vida de los productos es la compra m\u00e1s sana, barata y \u00f3ptima.<\/strong><\/p>\n<\/div>\n<\/div>\n<div class=\"row\">\n<div class=\"col-sm-12\">\n<div class=\"zerbitzu-edukia\">\n<div class=\"list-group\">\n<article class=\"list-group-item\">\n<header class=\"filter-header\"> <a href=\"#\" data-toggle=\"collapse\" data-target=\"#comprar\" rel=\"noopener noreferrer\"> <i class=\"icon-action fa fa-chevron-down\"><\/i><\/p>\n<h6 class=\"title\">\u00bfCOMPRAR, UTILIZAR, DESECHAR?<\/h6>\n<p>                  <\/a> <\/header>\n<div id=\"comprar\" class=\"filter-content collapse\">\n<div class=\"row content-edukia\">\n<div class=\"col-sm-12\">\n<p>En la cultura del mero consumo predomina la actitud de \u201ccomprar, utilizar, desechar\u201d. Los productos se han convertido en bienes a corto plazo y a menudo los fabricantes los programan para que queden obsoletos antes de los debido, con el objetivo de aumentar el consumo y incrementar beneficios.<\/p>\n<p>Las bombillas son el ejemplo m\u00e1s claro. Al principio pod\u00edan tener una vida \u00fatil de 2.500 horas, pero los principales productores cambiaron su dise\u00f1o y redujeron su caducidad a 1.000 horas.<\/p>\n<p><strong>El ciudadano dispone de varias opciones para salir de ese c\u00edrculo vicioso. <\/strong>. Hoy en d\u00eda tambi\u00e9n se fabrican productos que tienen una vida \u00fatil m\u00e1s duradera y que consumen menos energ\u00eda, como las bombillas de bajo consumo.<\/p>\n<\/div>\n<\/div>\n<\/div>\n<\/article>\n<article class=\"list-group-item\">\n<header class=\"filter-header\"> <a href=\"#\" data-toggle=\"collapse\" data-target=\"#reparado\" rel=\"noopener noreferrer\"> <i class=\"icon-action fa fa-chevron-down\"><\/i><\/p>\n<h6 class=\"title\">REPARADO MEJOR QUE NUEVO<\/h6>\n<p>                  <\/a> <\/header>\n<div id=\"reparado\" class=\"filter-content collapse\">\n<div class=\"row content-edukia\">\n<div class=\"col-sm-12\">\n<p>Cuando algo se estropea o se rompe, tenemos que tener en cuenta la posibilidad de repararlo antes de tirarlo. Un zapatero puede arreglar los zapatos, un sastre la ropa, los electrodom\u00e9sticos suelen ser reparados en tiendas especializadas&#8230; Adem\u00e1s de evitar generar residuos, reavivamos oficios locales y, econ\u00f3micamente, todos saldremos ganando.<br \/>\nT\u00fa tambi\u00e9n puede ser el manitas de casa que todo lo arregla. Con algunas instrucciones y un poco de paciencia ser\u00e1s capaz de reparar lo averiado. He aqu\u00ed algunas webs que divulgan trucos y consejos para a reparaci\u00f3n:<\/p>\n<ol class=\"znbk\">\n<li><a href=\"http:\/\/reparatmillorquenou.blogspot.com\/\" target=\"_blank\" rel=\"noopener noreferrer\">Reparat:<\/a> Esta asociaci\u00f3n catalana se dedica al asesoramiento para reparaciones. En su blog ofrece ejemplos, cursos breves en v\u00eddeo e ideas, entre otras cosas.<\/li>\n<li>Reparando: Lavadoras, goteras, iphones, cafeteras&#8230; en esta web encontrar\u00e1s instrucciones para reparar de todo.<\/li>\n<li><a href=\"https:\/\/www.ifixit.com\/\" target=\"_blank\" rel=\"noopener noreferrer\">Ifixit:<\/a> Web en favor de la reparaci\u00f3n de aparatos electr\u00f3nicos. Ofrece enlaces e ideas (en ingl\u00e9s).<\/li>\n<\/ol>\n<\/div>\n<\/div>\n<\/div>\n<\/article>\n<article class=\"list-group-item\">\n<header class=\"filter-header\"> <a href=\"#\" data-toggle=\"collapse\" data-target=\"#todos\" rel=\"noopener noreferrer\"> <i class=\"icon-action fa fa-chevron-down\"><\/i><\/p>\n<h6 class=\"title\">TODOS GANAMOS CON EL INTERCAMBIO<\/h6>\n<p>                  <\/a> <\/header>\n<div id=\"todos\" class=\"filter-content collapse\">\n<div class=\"row content-edukia\">\n<div class=\"col-sm-12\">\n<p>Cuando no necesitamos un producto, en vez de desecharlo, lo mejor es d\u00e1rselo a alguien que lo pueda utilizar. El intercambio es una actitud saludable, una acci\u00f3n que realizamos frecuentemente con las personas de nuestro alrededor: es pasamos ropa, electrodom\u00e9sticos que nos sobran, libros de texto, juguetes&#8230; Dispones de varias opciones para participar en ello:<\/p>\n<ol class=\"znbk\">\n<li>Para fomentar el intercambio de un modo m\u00e1s amplio, la Diputaci\u00f3n Foral de Gipuzkoa ha puesto en marcha la web <a href=\"https:\/\/www.truke.eu\/home\/lang\/es\" target=\"_blank\" rel=\"noopener noreferrer\">www.gipuzkoatruke.org.<\/a> En ella podr\u00e1s consultar el cat\u00e1logo de productos para el intercambio.<\/li>\n<li>La asociaci\u00f3n Traperos de Ema\u00fas lleva a\u00f1os recogiendo y aprovechando objetos. Ponen a la venta los objetos reutilizables a precios m\u00e1s bajos. Reciclan lo que no se puede reutilizar. Para obtener m\u00e1s informaci\u00f3n: 943 36 75 34 y <a href=\"http:\/\/www.emaus.com\/\" target=\"_blank\" rel=\"noopener noreferrer\">www.emaus.com<\/a><\/li>\n<li>Los mercados de segunda mano y de stock ofrecen una buena oportunidad para adquirir objetos reutilizables.<\/li>\n<\/ol>\n<\/div>\n<\/div>\n<\/div>\n<\/article>\n<\/div>\n<p><!-- list-group.\/\/ --><\/p>\n<\/div>\n<\/div>\n<\/div>\n<\/div>\n<\/section>\n","protected":false},"excerpt":{"rendered":"<p>Reutilizaci\u00f3n, el arte de la imaginaci\u00f3n Un objeto o un producto no tiene por qu\u00e9 acabar en la basura cuando ha dejado de cumplir su funci\u00f3n inicial; podemos darle un nuevo uso y utilizarlo de nuevo, es decir, reutilizarlo. Con un poco de imaginaci\u00f3n podemos reutilizar recipientes, juguetes, utensilios de cocina u objetos decorativos: convertir [&hellip;]<\/p>\n","protected":false},"author":1,"featured_media":0,"parent":5511,"menu_order":0,"comment_status":"closed","ping_status":"closed","template":"template-gure-esku.php","meta":{"_acf_changed":false,"footnotes":""},"class_list":["post-5550","page","type-page","status-publish","hentry"],"acf":[],"yoast_head":"<!-- This site is optimized with the Yoast SEO plugin v25.3.1 - https:\/\/yoast.com\/wordpress\/plugins\/seo\/ -->\n<title>Reutilizar - Tolosaldeako Mankomunitatea<\/title>\n<meta name=\"robots\" content=\"index, follow, max-snippet:-1, max-image-preview:large, max-video-preview:-1\" \/>\n<link rel=\"canonical\" href=\"https:\/\/tolosaldekomankomunitatea.eus\/es\/en-nuestras-manos\/reutilizar\/\" \/>\n<meta property=\"og:locale\" content=\"es_ES\" \/>\n<meta property=\"og:type\" content=\"article\" \/>\n<meta property=\"og:title\" content=\"Reutilizar - Tolosaldeako Mankomunitatea\" \/>\n<meta property=\"og:description\" content=\"Reutilizaci\u00f3n, el arte de la imaginaci\u00f3n Un objeto o un producto no tiene por qu\u00e9 acabar en la basura cuando ha dejado de cumplir su funci\u00f3n inicial; podemos darle un nuevo uso y utilizarlo de nuevo, es decir, reutilizarlo. Con un poco de imaginaci\u00f3n podemos reutilizar recipientes, juguetes, utensilios de cocina u objetos decorativos: convertir [&hellip;]\" \/>\n<meta property=\"og:url\" content=\"https:\/\/tolosaldekomankomunitatea.eus\/es\/en-nuestras-manos\/reutilizar\/\" \/>\n<meta property=\"og:site_name\" content=\"Tolosaldeako Mankomunitatea\" \/>\n<meta property=\"article:modified_time\" content=\"2019-05-27T11:31:18+00:00\" \/>\n<meta name=\"twitter:card\" content=\"summary_large_image\" \/>\n<meta name=\"twitter:label1\" content=\"Tiempo de lectura\" \/>\n\t<meta name=\"twitter:data1\" content=\"3 minutos\" \/>\n<script type=\"application\/ld+json\" class=\"yoast-schema-graph\">{\"@context\":\"https:\/\/schema.org\",\"@graph\":[{\"@type\":\"WebPage\",\"@id\":\"https:\/\/tolosaldekomankomunitatea.eus\/es\/en-nuestras-manos\/reutilizar\/\",\"url\":\"https:\/\/tolosaldekomankomunitatea.eus\/es\/en-nuestras-manos\/reutilizar\/\",\"name\":\"Reutilizar - Tolosaldeako Mankomunitatea\",\"isPartOf\":{\"@id\":\"https:\/\/tolosaldekomankomunitatea.eus\/es\/#website\"},\"datePublished\":\"2018-12-13T13:14:41+00:00\",\"dateModified\":\"2019-05-27T11:31:18+00:00\",\"breadcrumb\":{\"@id\":\"https:\/\/tolosaldekomankomunitatea.eus\/es\/en-nuestras-manos\/reutilizar\/#breadcrumb\"},\"inLanguage\":\"es\",\"potentialAction\":[{\"@type\":\"ReadAction\",\"target\":[\"https:\/\/tolosaldekomankomunitatea.eus\/es\/en-nuestras-manos\/reutilizar\/\"]}]},{\"@type\":\"BreadcrumbList\",\"@id\":\"https:\/\/tolosaldekomankomunitatea.eus\/es\/en-nuestras-manos\/reutilizar\/#breadcrumb\",\"itemListElement\":[{\"@type\":\"ListItem\",\"position\":1,\"name\":\"\",\"item\":\"https:\/\/tolosaldekomankomunitatea.eus\/es\/\"},{\"@type\":\"ListItem\",\"position\":2,\"name\":\"En nuestras manos\",\"item\":\"https:\/\/tolosaldekomankomunitatea.eus\/es\/en-nuestras-manos\/\"},{\"@type\":\"ListItem\",\"position\":3,\"name\":\"Reutilizar\"}]},{\"@type\":\"WebSite\",\"@id\":\"https:\/\/tolosaldekomankomunitatea.eus\/es\/#website\",\"url\":\"https:\/\/tolosaldekomankomunitatea.eus\/es\/\",\"name\":\"Tolosaldeako Mankomunitatea\",\"description\":\"Zurekin, alde ederra!\",\"potentialAction\":[{\"@type\":\"SearchAction\",\"target\":{\"@type\":\"EntryPoint\",\"urlTemplate\":\"https:\/\/tolosaldekomankomunitatea.eus\/es\/?s={search_term_string}\"},\"query-input\":{\"@type\":\"PropertyValueSpecification\",\"valueRequired\":true,\"valueName\":\"search_term_string\"}}],\"inLanguage\":\"es\"}]}<\/script>\n<!-- \/ Yoast SEO plugin. -->","yoast_head_json":{"title":"Reutilizar - Tolosaldeako Mankomunitatea","robots":{"index":"index","follow":"follow","max-snippet":"max-snippet:-1","max-image-preview":"max-image-preview:large","max-video-preview":"max-video-preview:-1"},"canonical":"https:\/\/tolosaldekomankomunitatea.eus\/es\/en-nuestras-manos\/reutilizar\/","og_locale":"es_ES","og_type":"article","og_title":"Reutilizar - Tolosaldeako Mankomunitatea","og_description":"Reutilizaci\u00f3n, el arte de la imaginaci\u00f3n Un objeto o un producto no tiene por qu\u00e9 acabar en la basura cuando ha dejado de cumplir su funci\u00f3n inicial; podemos darle un nuevo uso y utilizarlo de nuevo, es decir, reutilizarlo. Con un poco de imaginaci\u00f3n podemos reutilizar recipientes, juguetes, utensilios de cocina u objetos decorativos: convertir [&hellip;]","og_url":"https:\/\/tolosaldekomankomunitatea.eus\/es\/en-nuestras-manos\/reutilizar\/","og_site_name":"Tolosaldeako Mankomunitatea","article_modified_time":"2019-05-27T11:31:18+00:00","twitter_card":"summary_large_image","twitter_misc":{"Tiempo de lectura":"3 minutos"},"schema":{"@context":"https:\/\/schema.org","@graph":[{"@type":"WebPage","@id":"https:\/\/tolosaldekomankomunitatea.eus\/es\/en-nuestras-manos\/reutilizar\/","url":"https:\/\/tolosaldekomankomunitatea.eus\/es\/en-nuestras-manos\/reutilizar\/","name":"Reutilizar - Tolosaldeako Mankomunitatea","isPartOf":{"@id":"https:\/\/tolosaldekomankomunitatea.eus\/es\/#website"},"datePublished":"2018-12-13T13:14:41+00:00","dateModified":"2019-05-27T11:31:18+00:00","breadcrumb":{"@id":"https:\/\/tolosaldekomankomunitatea.eus\/es\/en-nuestras-manos\/reutilizar\/#breadcrumb"},"inLanguage":"es","potentialAction":[{"@type":"ReadAction","target":["https:\/\/tolosaldekomankomunitatea.eus\/es\/en-nuestras-manos\/reutilizar\/"]}]},{"@type":"BreadcrumbList","@id":"https:\/\/tolosaldekomankomunitatea.eus\/es\/en-nuestras-manos\/reutilizar\/#breadcrumb","itemListElement":[{"@type":"ListItem","position":1,"name":"","item":"https:\/\/tolosaldekomankomunitatea.eus\/es\/"},{"@type":"ListItem","position":2,"name":"En nuestras manos","item":"https:\/\/tolosaldekomankomunitatea.eus\/es\/en-nuestras-manos\/"},{"@type":"ListItem","position":3,"name":"Reutilizar"}]},{"@type":"WebSite","@id":"https:\/\/tolosaldekomankomunitatea.eus\/es\/#website","url":"https:\/\/tolosaldekomankomunitatea.eus\/es\/","name":"Tolosaldeako Mankomunitatea","description":"Zurekin, alde ederra!","potentialAction":[{"@type":"SearchAction","target":{"@type":"EntryPoint","urlTemplate":"https:\/\/tolosaldekomankomunitatea.eus\/es\/?s={search_term_string}"},"query-input":{"@type":"PropertyValueSpecification","valueRequired":true,"valueName":"search_term_string"}}],"inLanguage":"es"}]}},"_links":{"self":[{"href":"https:\/\/tolosaldekomankomunitatea.eus\/es\/wp-json\/wp\/v2\/pages\/5550","targetHints":{"allow":["GET"]}}],"collection":[{"href":"https:\/\/tolosaldekomankomunitatea.eus\/es\/wp-json\/wp\/v2\/pages"}],"about":[{"href":"https:\/\/tolosaldekomankomunitatea.eus\/es\/wp-json\/wp\/v2\/types\/page"}],"author":[{"embeddable":true,"href":"https:\/\/tolosaldekomankomunitatea.eus\/es\/wp-json\/wp\/v2\/users\/1"}],"replies":[{"embeddable":true,"href":"https:\/\/tolosaldekomankomunitatea.eus\/es\/wp-json\/wp\/v2\/comments?post=5550"}],"version-history":[{"count":7,"href":"https:\/\/tolosaldekomankomunitatea.eus\/es\/wp-json\/wp\/v2\/pages\/5550\/revisions"}],"predecessor-version":[{"id":5558,"href":"https:\/\/tolosaldekomankomunitatea.eus\/es\/wp-json\/wp\/v2\/pages\/5550\/revisions\/5558"}],"up":[{"embeddable":true,"href":"https:\/\/tolosaldekomankomunitatea.eus\/es\/wp-json\/wp\/v2\/pages\/5511"}],"wp:attachment":[{"href":"https:\/\/tolosaldekomankomunitatea.eus\/es\/wp-json\/wp\/v2\/media?parent=5550"}],"curies":[{"name":"wp","href":"https:\/\/api.w.org\/{rel}","templated":true}]}}