{"id":5546,"date":"2018-12-13T14:14:20","date_gmt":"2018-12-13T13:14:20","guid":{"rendered":"https:\/\/tolosaldekomankomunitatea.eus\/en-nuestras-manos\/birziklatzea\/"},"modified":"2021-06-08T09:01:08","modified_gmt":"2021-06-08T08:01:08","slug":"reciclaje","status":"publish","type":"page","link":"https:\/\/tolosaldekomankomunitatea.eus\/es\/en-nuestras-manos\/reciclaje\/","title":{"rendered":"Reciclaje"},"content":{"rendered":"<section class=\"zerbitzuak gure-esku\">\n<div class=\"container\">\n<div class=\"row sarrerak\">\n<div class=\"col-sm-12\">\n<p class=\"tituloa\">El reciclaje es responsabilidad de todos<\/p>\n<p>El reciclaje es la \u00faltima opci\u00f3n. Cuando reciclamos, aprovechamos la materia prima de los productos agotados. Debemos separar en casa los envoltorios y envases de pl\u00e1stico, papel o aluminio que ya no nos sirven; es responsabilidad de todos. <strong>Mediante un peque\u00f1o gesto reducimos la contaminaci\u00f3n.<\/strong>.<\/p>\n<p>M\u00e1s del 90% de los residuos generados en casa es reciclable. En los municipios guipuzcoanos en los que el reciclaje se extiende a toda la poblaci\u00f3n mediante la recogida puerta a puerta m\u00e1s de un 80% de los residuos se recogen separados: el 40% es org\u00e1nico y se puede compostar, el 15% es papel, el 12% envases ligeros y el 14% vidrio.<\/p>\n<p>Aprovechar toda esa materia prima para fabricar otros productos es totalmente razonable; lo que no tiene sentido es malgastar toda esa energ\u00eda:<\/p>\n<div class=\"cita\">\n<p>\u201cNo me parece inteligente poner el dinero en el aire (en el caso de las incineradoras) o bajo tierra\u201d<\/p>\n<p class=\"autor\">(Roberto Cavallo, Presidente de la Asociaci\u00f3n Internacional para la Comunicaci\u00f3n Medioambiental)<\/p>\n<p>\u201cY si se responsabiliza de los suyo, de sus residuos.<br \/>\nY si mediante esos residuos se da cuenta de que lo que era comida antes hab\u00eda sido envase,<\/p>\n<p>y aquellos envase transporte,<br \/>\nel transporte petr\u00f3leo&#8230;<br \/>\nel peque\u00f1o mont\u00f3n de residuos de su casa le revela toda una l\u00f3gica del mundo.<br \/>\nY le pregunta sobre su participaci\u00f3n.<br \/>\nY entonces el residuo se hace fertilizante. Fertilizante de su coherencia.\u201d<\/p>\n<p class=\"autor\">(Maialen Lujanbio, Eskuak zenbat dezaken)<\/p>\n<div class=\"container\">\n<div class=\"row sarrerak\">\n<div class=\"col-sm-12\">\n<p class=\"tituloa\">EL CICLO DEL VIDRIO<\/p>\n<p><iframe loading=\"lazy\" title=\"\u00bfC\u00f3mo se recicla el vidrio?: Aprende el proceso de reciclaje de vidrio | Ecovidrio\" width=\"640\" height=\"360\" src=\"https:\/\/www.youtube.com\/embed\/2l6WtDr97R4?feature=oembed\" frameborder=\"0\" allow=\"accelerometer; autoplay; clipboard-write; encrypted-media; gyroscope; picture-in-picture; web-share\" referrerpolicy=\"strict-origin-when-cross-origin\" allowfullscreen><\/iframe>\n<\/div>\n<\/div>\n<\/div>\n<\/div>\n<\/section>\n","protected":false},"excerpt":{"rendered":"<p>El reciclaje es responsabilidad de todos El reciclaje es la \u00faltima opci\u00f3n. Cuando reciclamos, aprovechamos la materia prima de los productos agotados. Debemos separar en casa los envoltorios y envases de pl\u00e1stico, papel o aluminio que ya no nos sirven; es responsabilidad de todos. Mediante un peque\u00f1o gesto reducimos la contaminaci\u00f3n.. M\u00e1s del 90% de [&hellip;]<\/p>\n","protected":false},"author":1,"featured_media":0,"parent":5511,"menu_order":0,"comment_status":"closed","ping_status":"closed","template":"template-gure-esku.php","meta":{"_acf_changed":false,"footnotes":""},"class_list":["post-5546","page","type-page","status-publish","hentry"],"acf":[],"yoast_head":"<!-- This site is optimized with the Yoast SEO plugin v25.3.1 - https:\/\/yoast.com\/wordpress\/plugins\/seo\/ -->\n<title>Reciclaje - Tolosaldeako Mankomunitatea<\/title>\n<meta name=\"robots\" content=\"index, follow, max-snippet:-1, max-image-preview:large, max-video-preview:-1\" \/>\n<link rel=\"canonical\" href=\"https:\/\/tolosaldekomankomunitatea.eus\/es\/en-nuestras-manos\/reciclaje\/\" \/>\n<meta property=\"og:locale\" content=\"es_ES\" \/>\n<meta property=\"og:type\" content=\"article\" \/>\n<meta property=\"og:title\" content=\"Reciclaje - Tolosaldeako Mankomunitatea\" \/>\n<meta property=\"og:description\" content=\"El reciclaje es responsabilidad de todos El reciclaje es la \u00faltima opci\u00f3n. Cuando reciclamos, aprovechamos la materia prima de los productos agotados. Debemos separar en casa los envoltorios y envases de pl\u00e1stico, papel o aluminio que ya no nos sirven; es responsabilidad de todos. Mediante un peque\u00f1o gesto reducimos la contaminaci\u00f3n.. M\u00e1s del 90% de [&hellip;]\" \/>\n<meta property=\"og:url\" content=\"https:\/\/tolosaldekomankomunitatea.eus\/es\/en-nuestras-manos\/reciclaje\/\" \/>\n<meta property=\"og:site_name\" content=\"Tolosaldeako Mankomunitatea\" \/>\n<meta property=\"article:modified_time\" content=\"2021-06-08T08:01:08+00:00\" \/>\n<meta name=\"twitter:card\" content=\"summary_large_image\" \/>\n<meta name=\"twitter:label1\" content=\"Tiempo de lectura\" \/>\n\t<meta name=\"twitter:data1\" content=\"1 minuto\" \/>\n<script type=\"application\/ld+json\" class=\"yoast-schema-graph\">{\"@context\":\"https:\/\/schema.org\",\"@graph\":[{\"@type\":\"WebPage\",\"@id\":\"https:\/\/tolosaldekomankomunitatea.eus\/es\/en-nuestras-manos\/reciclaje\/\",\"url\":\"https:\/\/tolosaldekomankomunitatea.eus\/es\/en-nuestras-manos\/reciclaje\/\",\"name\":\"Reciclaje - Tolosaldeako Mankomunitatea\",\"isPartOf\":{\"@id\":\"https:\/\/tolosaldekomankomunitatea.eus\/es\/#website\"},\"datePublished\":\"2018-12-13T13:14:20+00:00\",\"dateModified\":\"2021-06-08T08:01:08+00:00\",\"breadcrumb\":{\"@id\":\"https:\/\/tolosaldekomankomunitatea.eus\/es\/en-nuestras-manos\/reciclaje\/#breadcrumb\"},\"inLanguage\":\"es\",\"potentialAction\":[{\"@type\":\"ReadAction\",\"target\":[\"https:\/\/tolosaldekomankomunitatea.eus\/es\/en-nuestras-manos\/reciclaje\/\"]}]},{\"@type\":\"BreadcrumbList\",\"@id\":\"https:\/\/tolosaldekomankomunitatea.eus\/es\/en-nuestras-manos\/reciclaje\/#breadcrumb\",\"itemListElement\":[{\"@type\":\"ListItem\",\"position\":1,\"name\":\"\",\"item\":\"https:\/\/tolosaldekomankomunitatea.eus\/es\/\"},{\"@type\":\"ListItem\",\"position\":2,\"name\":\"En nuestras manos\",\"item\":\"https:\/\/tolosaldekomankomunitatea.eus\/es\/en-nuestras-manos\/\"},{\"@type\":\"ListItem\",\"position\":3,\"name\":\"Reciclaje\"}]},{\"@type\":\"WebSite\",\"@id\":\"https:\/\/tolosaldekomankomunitatea.eus\/es\/#website\",\"url\":\"https:\/\/tolosaldekomankomunitatea.eus\/es\/\",\"name\":\"Tolosaldeako Mankomunitatea\",\"description\":\"Zurekin, alde ederra!\",\"potentialAction\":[{\"@type\":\"SearchAction\",\"target\":{\"@type\":\"EntryPoint\",\"urlTemplate\":\"https:\/\/tolosaldekomankomunitatea.eus\/es\/?s={search_term_string}\"},\"query-input\":{\"@type\":\"PropertyValueSpecification\",\"valueRequired\":true,\"valueName\":\"search_term_string\"}}],\"inLanguage\":\"es\"}]}<\/script>\n<!-- \/ Yoast SEO plugin. -->","yoast_head_json":{"title":"Reciclaje - Tolosaldeako Mankomunitatea","robots":{"index":"index","follow":"follow","max-snippet":"max-snippet:-1","max-image-preview":"max-image-preview:large","max-video-preview":"max-video-preview:-1"},"canonical":"https:\/\/tolosaldekomankomunitatea.eus\/es\/en-nuestras-manos\/reciclaje\/","og_locale":"es_ES","og_type":"article","og_title":"Reciclaje - Tolosaldeako Mankomunitatea","og_description":"El reciclaje es responsabilidad de todos El reciclaje es la \u00faltima opci\u00f3n. Cuando reciclamos, aprovechamos la materia prima de los productos agotados. Debemos separar en casa los envoltorios y envases de pl\u00e1stico, papel o aluminio que ya no nos sirven; es responsabilidad de todos. Mediante un peque\u00f1o gesto reducimos la contaminaci\u00f3n.. M\u00e1s del 90% de [&hellip;]","og_url":"https:\/\/tolosaldekomankomunitatea.eus\/es\/en-nuestras-manos\/reciclaje\/","og_site_name":"Tolosaldeako Mankomunitatea","article_modified_time":"2021-06-08T08:01:08+00:00","twitter_card":"summary_large_image","twitter_misc":{"Tiempo de lectura":"1 minuto"},"schema":{"@context":"https:\/\/schema.org","@graph":[{"@type":"WebPage","@id":"https:\/\/tolosaldekomankomunitatea.eus\/es\/en-nuestras-manos\/reciclaje\/","url":"https:\/\/tolosaldekomankomunitatea.eus\/es\/en-nuestras-manos\/reciclaje\/","name":"Reciclaje - Tolosaldeako Mankomunitatea","isPartOf":{"@id":"https:\/\/tolosaldekomankomunitatea.eus\/es\/#website"},"datePublished":"2018-12-13T13:14:20+00:00","dateModified":"2021-06-08T08:01:08+00:00","breadcrumb":{"@id":"https:\/\/tolosaldekomankomunitatea.eus\/es\/en-nuestras-manos\/reciclaje\/#breadcrumb"},"inLanguage":"es","potentialAction":[{"@type":"ReadAction","target":["https:\/\/tolosaldekomankomunitatea.eus\/es\/en-nuestras-manos\/reciclaje\/"]}]},{"@type":"BreadcrumbList","@id":"https:\/\/tolosaldekomankomunitatea.eus\/es\/en-nuestras-manos\/reciclaje\/#breadcrumb","itemListElement":[{"@type":"ListItem","position":1,"name":"","item":"https:\/\/tolosaldekomankomunitatea.eus\/es\/"},{"@type":"ListItem","position":2,"name":"En nuestras manos","item":"https:\/\/tolosaldekomankomunitatea.eus\/es\/en-nuestras-manos\/"},{"@type":"ListItem","position":3,"name":"Reciclaje"}]},{"@type":"WebSite","@id":"https:\/\/tolosaldekomankomunitatea.eus\/es\/#website","url":"https:\/\/tolosaldekomankomunitatea.eus\/es\/","name":"Tolosaldeako Mankomunitatea","description":"Zurekin, alde ederra!","potentialAction":[{"@type":"SearchAction","target":{"@type":"EntryPoint","urlTemplate":"https:\/\/tolosaldekomankomunitatea.eus\/es\/?s={search_term_string}"},"query-input":{"@type":"PropertyValueSpecification","valueRequired":true,"valueName":"search_term_string"}}],"inLanguage":"es"}]}},"_links":{"self":[{"href":"https:\/\/tolosaldekomankomunitatea.eus\/es\/wp-json\/wp\/v2\/pages\/5546","targetHints":{"allow":["GET"]}}],"collection":[{"href":"https:\/\/tolosaldekomankomunitatea.eus\/es\/wp-json\/wp\/v2\/pages"}],"about":[{"href":"https:\/\/tolosaldekomankomunitatea.eus\/es\/wp-json\/wp\/v2\/types\/page"}],"author":[{"embeddable":true,"href":"https:\/\/tolosaldekomankomunitatea.eus\/es\/wp-json\/wp\/v2\/users\/1"}],"replies":[{"embeddable":true,"href":"https:\/\/tolosaldekomankomunitatea.eus\/es\/wp-json\/wp\/v2\/comments?post=5546"}],"version-history":[{"count":4,"href":"https:\/\/tolosaldekomankomunitatea.eus\/es\/wp-json\/wp\/v2\/pages\/5546\/revisions"}],"predecessor-version":[{"id":7973,"href":"https:\/\/tolosaldekomankomunitatea.eus\/es\/wp-json\/wp\/v2\/pages\/5546\/revisions\/7973"}],"up":[{"embeddable":true,"href":"https:\/\/tolosaldekomankomunitatea.eus\/es\/wp-json\/wp\/v2\/pages\/5511"}],"wp:attachment":[{"href":"https:\/\/tolosaldekomankomunitatea.eus\/es\/wp-json\/wp\/v2\/media?parent=5546"}],"curies":[{"name":"wp","href":"https:\/\/api.w.org\/{rel}","templated":true}]}}