{"id":5515,"date":"2019-05-23T15:24:31","date_gmt":"2019-05-23T14:24:31","guid":{"rendered":"https:\/\/tolosaldekomankomunitatea.eus\/?page_id=5515"},"modified":"2019-05-27T11:53:17","modified_gmt":"2019-05-27T10:53:17","slug":"reducir-residuos","status":"publish","type":"page","link":"https:\/\/tolosaldekomankomunitatea.eus\/es\/en-nuestras-manos\/reducir-residuos\/","title":{"rendered":"Reducir residuos"},"content":{"rendered":"<section class=\"zerbitzuak gure-esku\">\n<div class=\"container\">\n<div class=\"row\">\n<div class=\"col-sm-12\">\n<p>Con frecuencia, cuando hacemos la compra en grandes superficies, generamos multitud de residuos debido al sobreenvasado de muchos productos. Pero est\u00e1 en nuestras manos <strong>comprar productos en vez de comprar basura.<\/strong><\/p>\n<p>El eco-comprador compra causando el menor da\u00f1o ecol\u00f3gico posible. La mancomunidad de San Marcos y la Diputaci\u00f3n Foral de Gipuzkoa pusieron en marcha la campa\u00f1a \u201cEkoshopper\u201d en la que, un total de 100 familias, redujeron 15,34 kilos de residuos realizando unas compras responsables.<\/p>\n<p><strong>Te ofrecemos una serie de consejos<\/strong> para hacer la compra con sentido com\u00fan:<\/p>\n<\/div>\n<\/div>\n<div class=\"row\">\n<div class=\"col-sm-12\">\n<div class=\"zerbitzu-edukia\">\n<div class=\"list-group\">\n<article class=\"list-group-item\">\n<header class=\"filter-header\"> <a href=\"#\" data-toggle=\"collapse\" data-target=\"#diez\" rel=\"noopener noreferrer\"> <i class=\"icon-action fa fa-chevron-down\"><\/i><\/p>\n<h6 class=\"title\">DIEZ CONSEJOS PARA REDUCIR<\/h6>\n<p>                  <\/a> <\/header>\n<div id=\"diez\" class=\"filter-content collapse\">\n<div class=\"row content-edukia\">\n<div class=\"col-sm-12\">Siguiendo una serie de consejos, te dar\u00e1s cuenta de que los residuos se pueden reducir f\u00e1cilmente. En una prueba piloto realizada por la Diputaci\u00f3n Foral de Gipuzkoa con 21 familias dichas familias redujeron la producci\u00f3n de residuos en un 15% introduciendo algunos simples cambios en nuestra pr\u00e1cticas diarias.<br \/>\n<strong>Aqu\u00ed tienes algunos consejos:<\/strong><\/p>\n<ol class=\"znbk\">\n<li>Al hacer la compra, utiliza bolsas reutilizables o el carro de compra.<strong> De este modo, podemos evitar la generaci\u00f3n de residuos que suponen las bolsas de pl\u00e1stico de un solo uso.<\/strong><\/li>\n<li>Consume agua de grifo haciendo uso de la jarra o de botellas reutilizables.<strong> Conseguir\u00e1s as\u00ed producir menos botellas y ahorrar energ\u00eda.<\/strong><\/li>\n<li>Compra productos de temporada, a granel y aut\u00f3ctonos. Sabes lo que es ser un eco-comprador?<\/li>\n<li>Lleva el tupper de casa a la pescader\u00eda o a la carnicer\u00eda. <strong>Es m\u00e1s limpio y no tendr\u00e1s que echar a la basura el papel plastificado.<\/strong><\/li>\n<li>Utiliza pa\u00f1ales reutilizables para los ni\u00f1os\/as.<strong>Un beb\u00e9 produce en torno a 1.000 kilos de residuos si utiliza pa\u00f1ales de usar y tirar. <\/strong><\/li>\n<li>Coloca en tu buz\u00f3n el adhesivo que indica que no deseas recibir propaganda. <strong>Nadie introducir\u00e1 publicidad en papel y tendr\u00e1s siempre el buz\u00f3n m\u00e1s limpio.<\/strong><\/li>\n<li>A la hora de hacer regalos, acu\u00e9rdate de los productos que generan menos residuos. Reutiliza el papel de regalo en la medida de lo posible. <strong>Es una buena manera de educar a los m\u00e1s peque\u00f1os de la casa en favor del medio ambiente.<\/strong><\/li>\n<li>Utiliza la maquina expendedora de leche que funciona con envases o compra la leche directamente al lechero. Puedes consumir leche de calidad y nutritiva utilizando la botella que has llevado desde casa.<\/li>\n<li>Antes de comprar un producto, intenta alquilarlo o ped\u00edrselo a alguien de tu entorno. <strong>Si vas a utilizarlo temporalmente, te saldr\u00e1 m\u00e1s barato y es m\u00e1s ecol\u00f3gico.<\/strong><\/li>\n<li>Pide que te env\u00eden los recibos por correo electr\u00f3nico. <strong>Podemos aprovechar las ventajas que nos ofrece Internet y reducir el consumo de papel.<\/strong><\/li>\n<\/ol>\n<\/div>\n<\/div>\n<\/div>\n<\/article>\n<article class=\"list-group-item\">\n<header class=\"filter-header\"> <a href=\"#\" data-toggle=\"collapse\" data-target=\"#comprar\" rel=\"noopener noreferrer\"> <i class=\"icon-action fa fa-chevron-down\"><\/i><\/p>\n<h6 class=\"title\">COMPRAR CON SENTIDO COM\u00daN<\/h6>\n<p>                  <\/a> <\/header>\n<div id=\"comprar\" class=\"filter-content collapse\">\n<div class=\"row content-edukia\">\n<div class=\"col-sm-12\">\n<ol class=\"znbk\">\n<li>Antes de ir a hacer la compra, conviene preparar la lista, para no meter en la cesta nada que no necesites.<\/li>\n<li>Antes de comprar un producto envasado, intenta hacerlo en casa (tomate, yogur\u2026)<\/li>\n<li>Antes de comprar, piensa para qu\u00e9 puedes utilizar el envase o envoltorio que cubre el producto.<\/li>\n<li>Comprando ciertos alimentos en establecimientos peque\u00f1os puedes evitar mucho pl\u00e1stico (pan, verduras\u2026)<\/li>\n<li>Pesa por separado frutas y verduras, para despu\u00e9s introducirlas en la misma cesta; puedes pegarle tantas etiquetas como quieras.<\/li>\n<li>Si es posible, compra paquetes de gran tama\u00f1o (familiares) y jabones concentrados.<\/li>\n<\/ol>\n<\/div>\n<\/div>\n<div class=\"row\">\n<div class=\"col-md-8 offset-md-2 text-center\">\n<p><strong>Puedes ver como se hace \u201cecoshopping\u201d en este video del programa de televisi\u00f3n Ekogunea:<\/strong><\/p>\n<div class=\"embed-responsive embed-responsive-16by9\"><iframe class=\"embed-responsive-item\" src=\"https:\/\/www.youtube.com\/embed\/XnJP9bsiR84\" allowfullscreen=\"allowfullscreen\"><\/iframe><\/div>\n<\/div>\n<\/div>\n<\/div>\n<\/article>\n<article class=\"list-group-item\">\n<header class=\"filter-header\"> <a href=\"#\" data-toggle=\"collapse\" data-target=\"#mercado\" rel=\"noopener noreferrer\"> <i class=\"icon-action fa fa-chevron-down\"><\/i><\/p>\n<h6 class=\"title\">MERCADO DE \u00daLTIMO MINUTO<\/h6>\n<p>                  <\/a> <\/header>\n<div id=\"mercado\" class=\"filter-content collapse\">\n<div class=\"row content-edukia\">\n<div class=\"col-sm-12\">\n<p>La mitad de los alimentos de consumo para los ciudadanos acaban en la basura. Esa p\u00e9rdida est\u00e1 causada por las normativas estrictas y nuestros h\u00e1bitos inadecuados. Esta pr\u00e1ctica, provoca el echar a perder productos todav\u00eda aptos para el consumo.<\/p>\n<p>El Banco de Alimentos de Gipuzkoa puso en marcha una iniciativa para evitarlo: El Mercado de \u00daltimo Minuto (Last minute marquet). Gracias a esta iniciativa cada a\u00f1o recupera cientos de toneladas de alimentos que se echar\u00edan a perder en los comercios; de este modo, en 2016 recogi\u00f3 835.222 Kg. Estos alimentos son donados a asociaciones sin \u00e1nimo de lucro para repartirlos entre los ciudadanos que m\u00e1s los necesitan.<\/p>\n<p>El Banco de Alimentos tiene dos sedes, una en <strong>Oiartzun<\/strong> y otra en <strong>Bergara<\/strong>. Para obtener m\u00e1s informaci\u00f3n puedes consultar su p\u00e1gina web.<\/p>\n<p><strong>Aprovechar los alimentos es tambi\u00e9n responsabilidad de cada uno. \u00c9stas son algunas de las actitudes que podemos adoptar:<\/strong><\/p>\n<ul class=\"check\">\n<li>En el restaurante:<br \/>\nAntes de ir al restaurante, haz la reserva indicando el n\u00famero de comensales, para que el cocinero sepa cuantos alimentos va a necesitar. No te cortes y ll\u00e9vate las sobras a casa en un tupper.<\/li>\n<li>En tu cocina:<br \/>\nAntes de que se echen a perder los alimentos frescos que tienes en el frigor\u00edfico, m\u00e9telos en el congelador. Tambi\u00e9n puedes preparar buenos platos con los alimentos que te sobran cada d\u00eda.<\/li>\n<\/ul>\n<\/div>\n<\/div>\n<\/div>\n<\/article>\n<article class=\"list-group-item\">\n<header class=\"filter-header\"> <a href=\"#\" data-toggle=\"collapse\" data-target=\"#m\u00e1quinas\" rel=\"noopener noreferrer\"> <i class=\"icon-action fa fa-chevron-down\"><\/i><\/p>\n<h6 class=\"title\">M\u00c1QUINAS EXPENDEDORAS DE LECHE<\/h6>\n<p>                  <\/a> <\/header>\n<div id=\"m\u00e1quinas\" class=\"filter-content collapse\">\n<div class=\"row content-edukia\">\n<div class=\"col-sm-12\">\n<p>Utilizando las m\u00e1quinas expendedoras de leche podemos reducir en gran medida el consumo de envases ligeros, ya que utiliza un sistema de envases reutilizables. Si al d\u00eda compr\u00e1ramos 150 litros de leche utilizando este m\u00e9todo, <strong>en un mes<\/strong> tendr\u00edamos <strong>4.200 tetra briks menos<\/strong> en nuestros residuos.<\/p>\n<p>La leche que ofrecen estas m\u00e1quinas expendedoras es <strong>del d\u00eda y de gran calidad<\/strong>. Tambi\u00e9n es m\u00e1s barata, pues se basa en la venta directa.<\/p>\n<\/div>\n<\/div>\n<\/div>\n<\/article>\n<article class=\"list-group-item\">\n<header class=\"filter-header\"> <a href=\"#\" data-toggle=\"collapse\" data-target=\"#huertos\" rel=\"noopener noreferrer\"> <i class=\"icon-action fa fa-chevron-down\"><\/i><\/p>\n<h6 class=\"title\">HUERTOS PARA AUTOCONSUMO<\/h6>\n<p>                  <\/a> <\/header>\n<div id=\"huertos\" class=\"filter-content collapse\">\n<div class=\"row content-edukia\">\n<div class=\"col-sm-12\">\n<p>Lo que cultiva y produce cada uno, se consume con responsabilidad y as\u00ed se generan menos residuos.<\/p>\n<p>La horticultura para autoconsumo responde a esa premisa. De hecho, el trabajo en el huerto es muy agradecido, ya que al cultivar la tierra somos m\u00e1s conscientes del <strong>aporte al medio ambiente y a la sociedad,<\/strong> y reforzamos nuestra conexi\u00f3n con la naturaleza.<\/p>\n<p>La horticultura despierta cada vez m\u00e1s inter\u00e9s en los n\u00facleos de poblaci\u00f3n; quien tiene un peque\u00f1o terreno o un jard\u00edn planta ah\u00ed su huerto; nos hemos acostumbrado a ver tomates y otras hortalizas en las terrazas de los edificios. Pero <strong>tambi\u00e9n existen alternativas para los que no disponen de un terreno propio.lurrik ez duenarentzat ere bada alternatibarik<\/strong>.<\/p>\n<p>Los ayuntamientos han empezado a disponer terrenos p\u00fablicos al alcance de los ciudadanos, para que \u00e9stos puedan cultivarlos. Suelen ser parcelas de 50-70 metros cuadrados que suelen ser alquiladas y\/o cedidas bajo ciertas condiciones.<\/p>\n<p>Gasteiz fue uno de los primeros municipios vascos en promover los huertos municipales y tras la capital alavesa vinieron Zarautz, Legorreta, Sarriguren\u2026 En Gipuzkoa, en colaboraci\u00f3n con Kutxa Ekogunea, algunos ayuntamientos han puesto en marcha el Parque de Huertos de Gipuzkoa.<\/p>\n<ul class=\"check\">\n<li><a title=\"A pie de mata\" href=\"http:\/\/www.youtube.com\/watch?feature=player_embedded&amp;v=j0_rMWYB1-8\" target=\"_blank\" rel=\"noopener noreferrer\">V\u00eddeo en el que se explica el proyecto de huertos de Gasteiz<\/a>\u00a0(A pie de mata)<\/li>\n<li><a title=\"Legorreta\" href=\"http:\/\/www.gitb.info\/index.php?option=com_hwdvideoshare&amp;task=viewvideo&amp;Itemid=10&amp;video_id=1652\" target=\"_blank\" rel=\"noopener noreferrer\">V\u00eddeo que recoge la experiencia de Legorreta<\/a>\u00a0(Goierri Telebista)<\/li>\n<li><a title=\"Sarriguren\" href=\"http:\/\/www.eitb.com\/eu\/bideoak\/osoa\/839663\/hiri-baratzen-bideoa--baratza-zatia-10-eurotan\/]\" target=\"_blank\" rel=\"noopener noreferrer\">V\u00eddeo sobre los huertos municipales de Sarriguren<\/a>\u00a0(Eitb)<\/li>\n<\/ul>\n<\/div>\n<\/div>\n<\/div>\n<\/article>\n<\/div>\n<p><!-- list-group.\/\/ --><\/p>\n<\/div>\n<\/div>\n<\/div>\n<\/div>\n<\/section>\n","protected":false},"excerpt":{"rendered":"<p>Con frecuencia, cuando hacemos la compra en grandes superficies, generamos multitud de residuos debido al sobreenvasado de muchos productos. Pero est\u00e1 en nuestras manos comprar productos en vez de comprar basura. El eco-comprador compra causando el menor da\u00f1o ecol\u00f3gico posible. La mancomunidad de San Marcos y la Diputaci\u00f3n Foral de Gipuzkoa pusieron en marcha la [&hellip;]<\/p>\n","protected":false},"author":1,"featured_media":0,"parent":5511,"menu_order":0,"comment_status":"closed","ping_status":"closed","template":"template-gure-esku.php","meta":{"_acf_changed":false,"footnotes":""},"class_list":["post-5515","page","type-page","status-publish","hentry"],"acf":[],"yoast_head":"<!-- This site is optimized with the Yoast SEO plugin v25.3.1 - https:\/\/yoast.com\/wordpress\/plugins\/seo\/ -->\n<title>Reducir residuos - Tolosaldeako Mankomunitatea<\/title>\n<meta name=\"robots\" content=\"index, follow, max-snippet:-1, max-image-preview:large, max-video-preview:-1\" \/>\n<link rel=\"canonical\" href=\"https:\/\/tolosaldekomankomunitatea.eus\/es\/en-nuestras-manos\/reducir-residuos\/\" \/>\n<meta property=\"og:locale\" content=\"es_ES\" \/>\n<meta property=\"og:type\" content=\"article\" \/>\n<meta property=\"og:title\" content=\"Reducir residuos - Tolosaldeako Mankomunitatea\" \/>\n<meta property=\"og:description\" content=\"Con frecuencia, cuando hacemos la compra en grandes superficies, generamos multitud de residuos debido al sobreenvasado de muchos productos. Pero est\u00e1 en nuestras manos comprar productos en vez de comprar basura. El eco-comprador compra causando el menor da\u00f1o ecol\u00f3gico posible. La mancomunidad de San Marcos y la Diputaci\u00f3n Foral de Gipuzkoa pusieron en marcha la [&hellip;]\" \/>\n<meta property=\"og:url\" content=\"https:\/\/tolosaldekomankomunitatea.eus\/es\/en-nuestras-manos\/reducir-residuos\/\" \/>\n<meta property=\"og:site_name\" content=\"Tolosaldeako Mankomunitatea\" \/>\n<meta property=\"article:modified_time\" content=\"2019-05-27T10:53:17+00:00\" \/>\n<meta name=\"twitter:card\" content=\"summary_large_image\" \/>\n<meta name=\"twitter:label1\" content=\"Tiempo de lectura\" \/>\n\t<meta name=\"twitter:data1\" content=\"6 minutos\" \/>\n<script type=\"application\/ld+json\" class=\"yoast-schema-graph\">{\"@context\":\"https:\/\/schema.org\",\"@graph\":[{\"@type\":\"WebPage\",\"@id\":\"https:\/\/tolosaldekomankomunitatea.eus\/es\/en-nuestras-manos\/reducir-residuos\/\",\"url\":\"https:\/\/tolosaldekomankomunitatea.eus\/es\/en-nuestras-manos\/reducir-residuos\/\",\"name\":\"Reducir residuos - Tolosaldeako Mankomunitatea\",\"isPartOf\":{\"@id\":\"https:\/\/tolosaldekomankomunitatea.eus\/es\/#website\"},\"datePublished\":\"2019-05-23T14:24:31+00:00\",\"dateModified\":\"2019-05-27T10:53:17+00:00\",\"breadcrumb\":{\"@id\":\"https:\/\/tolosaldekomankomunitatea.eus\/es\/en-nuestras-manos\/reducir-residuos\/#breadcrumb\"},\"inLanguage\":\"es\",\"potentialAction\":[{\"@type\":\"ReadAction\",\"target\":[\"https:\/\/tolosaldekomankomunitatea.eus\/es\/en-nuestras-manos\/reducir-residuos\/\"]}]},{\"@type\":\"BreadcrumbList\",\"@id\":\"https:\/\/tolosaldekomankomunitatea.eus\/es\/en-nuestras-manos\/reducir-residuos\/#breadcrumb\",\"itemListElement\":[{\"@type\":\"ListItem\",\"position\":1,\"name\":\"\",\"item\":\"https:\/\/tolosaldekomankomunitatea.eus\/es\/\"},{\"@type\":\"ListItem\",\"position\":2,\"name\":\"En nuestras manos\",\"item\":\"https:\/\/tolosaldekomankomunitatea.eus\/es\/en-nuestras-manos\/\"},{\"@type\":\"ListItem\",\"position\":3,\"name\":\"Reducir residuos\"}]},{\"@type\":\"WebSite\",\"@id\":\"https:\/\/tolosaldekomankomunitatea.eus\/es\/#website\",\"url\":\"https:\/\/tolosaldekomankomunitatea.eus\/es\/\",\"name\":\"Tolosaldeako Mankomunitatea\",\"description\":\"Zurekin, alde ederra!\",\"potentialAction\":[{\"@type\":\"SearchAction\",\"target\":{\"@type\":\"EntryPoint\",\"urlTemplate\":\"https:\/\/tolosaldekomankomunitatea.eus\/es\/?s={search_term_string}\"},\"query-input\":{\"@type\":\"PropertyValueSpecification\",\"valueRequired\":true,\"valueName\":\"search_term_string\"}}],\"inLanguage\":\"es\"}]}<\/script>\n<!-- \/ Yoast SEO plugin. -->","yoast_head_json":{"title":"Reducir residuos - Tolosaldeako Mankomunitatea","robots":{"index":"index","follow":"follow","max-snippet":"max-snippet:-1","max-image-preview":"max-image-preview:large","max-video-preview":"max-video-preview:-1"},"canonical":"https:\/\/tolosaldekomankomunitatea.eus\/es\/en-nuestras-manos\/reducir-residuos\/","og_locale":"es_ES","og_type":"article","og_title":"Reducir residuos - Tolosaldeako Mankomunitatea","og_description":"Con frecuencia, cuando hacemos la compra en grandes superficies, generamos multitud de residuos debido al sobreenvasado de muchos productos. Pero est\u00e1 en nuestras manos comprar productos en vez de comprar basura. El eco-comprador compra causando el menor da\u00f1o ecol\u00f3gico posible. La mancomunidad de San Marcos y la Diputaci\u00f3n Foral de Gipuzkoa pusieron en marcha la [&hellip;]","og_url":"https:\/\/tolosaldekomankomunitatea.eus\/es\/en-nuestras-manos\/reducir-residuos\/","og_site_name":"Tolosaldeako Mankomunitatea","article_modified_time":"2019-05-27T10:53:17+00:00","twitter_card":"summary_large_image","twitter_misc":{"Tiempo de lectura":"6 minutos"},"schema":{"@context":"https:\/\/schema.org","@graph":[{"@type":"WebPage","@id":"https:\/\/tolosaldekomankomunitatea.eus\/es\/en-nuestras-manos\/reducir-residuos\/","url":"https:\/\/tolosaldekomankomunitatea.eus\/es\/en-nuestras-manos\/reducir-residuos\/","name":"Reducir residuos - Tolosaldeako Mankomunitatea","isPartOf":{"@id":"https:\/\/tolosaldekomankomunitatea.eus\/es\/#website"},"datePublished":"2019-05-23T14:24:31+00:00","dateModified":"2019-05-27T10:53:17+00:00","breadcrumb":{"@id":"https:\/\/tolosaldekomankomunitatea.eus\/es\/en-nuestras-manos\/reducir-residuos\/#breadcrumb"},"inLanguage":"es","potentialAction":[{"@type":"ReadAction","target":["https:\/\/tolosaldekomankomunitatea.eus\/es\/en-nuestras-manos\/reducir-residuos\/"]}]},{"@type":"BreadcrumbList","@id":"https:\/\/tolosaldekomankomunitatea.eus\/es\/en-nuestras-manos\/reducir-residuos\/#breadcrumb","itemListElement":[{"@type":"ListItem","position":1,"name":"","item":"https:\/\/tolosaldekomankomunitatea.eus\/es\/"},{"@type":"ListItem","position":2,"name":"En nuestras manos","item":"https:\/\/tolosaldekomankomunitatea.eus\/es\/en-nuestras-manos\/"},{"@type":"ListItem","position":3,"name":"Reducir residuos"}]},{"@type":"WebSite","@id":"https:\/\/tolosaldekomankomunitatea.eus\/es\/#website","url":"https:\/\/tolosaldekomankomunitatea.eus\/es\/","name":"Tolosaldeako Mankomunitatea","description":"Zurekin, alde ederra!","potentialAction":[{"@type":"SearchAction","target":{"@type":"EntryPoint","urlTemplate":"https:\/\/tolosaldekomankomunitatea.eus\/es\/?s={search_term_string}"},"query-input":{"@type":"PropertyValueSpecification","valueRequired":true,"valueName":"search_term_string"}}],"inLanguage":"es"}]}},"_links":{"self":[{"href":"https:\/\/tolosaldekomankomunitatea.eus\/es\/wp-json\/wp\/v2\/pages\/5515","targetHints":{"allow":["GET"]}}],"collection":[{"href":"https:\/\/tolosaldekomankomunitatea.eus\/es\/wp-json\/wp\/v2\/pages"}],"about":[{"href":"https:\/\/tolosaldekomankomunitatea.eus\/es\/wp-json\/wp\/v2\/types\/page"}],"author":[{"embeddable":true,"href":"https:\/\/tolosaldekomankomunitatea.eus\/es\/wp-json\/wp\/v2\/users\/1"}],"replies":[{"embeddable":true,"href":"https:\/\/tolosaldekomankomunitatea.eus\/es\/wp-json\/wp\/v2\/comments?post=5515"}],"version-history":[{"count":21,"href":"https:\/\/tolosaldekomankomunitatea.eus\/es\/wp-json\/wp\/v2\/pages\/5515\/revisions"}],"predecessor-version":[{"id":5544,"href":"https:\/\/tolosaldekomankomunitatea.eus\/es\/wp-json\/wp\/v2\/pages\/5515\/revisions\/5544"}],"up":[{"embeddable":true,"href":"https:\/\/tolosaldekomankomunitatea.eus\/es\/wp-json\/wp\/v2\/pages\/5511"}],"wp:attachment":[{"href":"https:\/\/tolosaldekomankomunitatea.eus\/es\/wp-json\/wp\/v2\/media?parent=5515"}],"curies":[{"name":"wp","href":"https:\/\/api.w.org\/{rel}","templated":true}]}}