{"id":5497,"date":"2018-12-13T12:45:33","date_gmt":"2018-12-13T11:45:33","guid":{"rendered":"https:\/\/tolosaldekomankomunitatea.eus\/servicios\/hondakin-arriskutsuen-etxolak\/"},"modified":"2019-05-23T13:31:04","modified_gmt":"2019-05-23T12:31:04","slug":"casetas-residuos-peligrosos","status":"publish","type":"page","link":"https:\/\/tolosaldekomankomunitatea.eus\/es\/servicios\/casetas-residuos-peligrosos\/","title":{"rendered":"Casetas residuos peligrosos"},"content":{"rendered":"<section class=\"zerbitzuak etxolak\">\n<div class=\"container\">\n<div class=\"row\">\n<div class=\"col-sm-12\">\n<div class=\"sarrerak\">\n<p>En varios municipios que integran la Mancomunidad de Tolosaldea, est\u00e1n instaladas las casetas de reciclaje de residuos peligrosos y especiales. Los municipios en cuesti\u00f3n son: Alegia, Andoain, Anoeta, Asteasu, Berastegi, Ibarra, Irura, Tolosa, Villabona y Zizurkil.<\/p>\n<p>Uno de los objetivos que se persigue al instalar esta caseta, es facilitar a los ciudadanos el reciclaje de residuos peligrosos, acerc\u00e1ndoles el punto de recogida, pues de lo contrario deben ser llevados a los garbigunes de la comarca.<br \/>\nLos ciudadanos introducir\u00e1n los residuos a trav\u00e9s de las ventanas o buzones que tiene la estructura, donde ser\u00e1n almacenados de forma separada en su interior en contenedores diferentes seg\u00fan su naturaleza.<\/p>\n<\/div>\n<\/div>\n<\/div>\n<div class=\"row zerbitzu-edukia\">\n<div class=\"col-sm-6\">\n<div class=\"card\">\n<div class=\"card-header bai\"><i class=\"fa fa-check-circle\"><\/i> S\u00cd<\/div>\n<div class=\"card-body\">\n<ul>\n<li>Peque\u00f1os aparatos el\u00e9ctricos y electr\u00f3nicos: teclados de ordenadores, m\u00f3viles&#8230;<\/li>\n<li>Bater\u00edas de automoci\u00f3n<\/li>\n<li>CDs y DVDs<\/li>\n<li>Term\u00f3metros de mercurio (en bolsa de pl\u00e1stico bien cerrado)<\/li>\n<li>Pilas: todo tipo<\/li>\n<li>Radiograf\u00edas<\/li>\n<li>Envases de aerosoles llenos o medio llenos<\/li>\n<li>Disolventes y productos de limpieza (en envase bien cerrado)<\/li>\n<li>Cartuchos de tinta\/t\u00f3ner<\/li>\n<li>Pinturas y brochas (en envase bien cerrado)<\/li>\n<li>Aceite de motor (en envase bien cerrado)<\/li>\n<li>Fluorescentes, bombillas de bajo consumo y hal\u00f3genos<\/li>\n<\/ul>\n<\/div>\n<\/div>\n<\/div>\n<div class=\"col-sm-6\">\n<div class=\"card\">\n<div class=\"card-header ez\"><i class=\"fa fa-ban\"><\/i> NO<\/div>\n<div class=\"card-body\">\n<ul>\n<li>F\u00e1rmacos<\/li>\n<li>Bombillas normales<\/li>\n<\/ul>\n<\/div>\n<\/div>\n<\/div>\n<\/div>\n<\/div>\n<\/section>\n","protected":false},"excerpt":{"rendered":"<p>En varios municipios que integran la Mancomunidad de Tolosaldea, est\u00e1n instaladas las casetas de reciclaje de residuos peligrosos y especiales. Los municipios en cuesti\u00f3n son: Alegia, Andoain, Anoeta, Asteasu, Berastegi, Ibarra, Irura, Tolosa, Villabona y Zizurkil. Uno de los objetivos que se persigue al instalar esta caseta, es facilitar a los ciudadanos el reciclaje de [&hellip;]<\/p>\n","protected":false},"author":1,"featured_media":0,"parent":5424,"menu_order":0,"comment_status":"closed","ping_status":"closed","template":"template-zerbitzuak.php","meta":{"_acf_changed":false,"footnotes":""},"class_list":["post-5497","page","type-page","status-publish","hentry"],"acf":[],"yoast_head":"<!-- This site is optimized with the Yoast SEO plugin v25.3.1 - https:\/\/yoast.com\/wordpress\/plugins\/seo\/ -->\n<title>Casetas residuos peligrosos - Tolosaldeako Mankomunitatea<\/title>\n<meta name=\"robots\" content=\"index, follow, max-snippet:-1, max-image-preview:large, max-video-preview:-1\" \/>\n<link rel=\"canonical\" href=\"https:\/\/tolosaldekomankomunitatea.eus\/es\/servicios\/casetas-residuos-peligrosos\/\" \/>\n<meta property=\"og:locale\" content=\"es_ES\" \/>\n<meta property=\"og:type\" content=\"article\" \/>\n<meta property=\"og:title\" content=\"Casetas residuos peligrosos - Tolosaldeako Mankomunitatea\" \/>\n<meta property=\"og:description\" content=\"En varios municipios que integran la Mancomunidad de Tolosaldea, est\u00e1n instaladas las casetas de reciclaje de residuos peligrosos y especiales. Los municipios en cuesti\u00f3n son: Alegia, Andoain, Anoeta, Asteasu, Berastegi, Ibarra, Irura, Tolosa, Villabona y Zizurkil. Uno de los objetivos que se persigue al instalar esta caseta, es facilitar a los ciudadanos el reciclaje de [&hellip;]\" \/>\n<meta property=\"og:url\" content=\"https:\/\/tolosaldekomankomunitatea.eus\/es\/servicios\/casetas-residuos-peligrosos\/\" \/>\n<meta property=\"og:site_name\" content=\"Tolosaldeako Mankomunitatea\" \/>\n<meta property=\"article:modified_time\" content=\"2019-05-23T12:31:04+00:00\" \/>\n<meta name=\"twitter:card\" content=\"summary_large_image\" \/>\n<meta name=\"twitter:label1\" content=\"Tiempo de lectura\" \/>\n\t<meta name=\"twitter:data1\" content=\"1 minuto\" \/>\n<script type=\"application\/ld+json\" class=\"yoast-schema-graph\">{\"@context\":\"https:\/\/schema.org\",\"@graph\":[{\"@type\":\"WebPage\",\"@id\":\"https:\/\/tolosaldekomankomunitatea.eus\/es\/servicios\/casetas-residuos-peligrosos\/\",\"url\":\"https:\/\/tolosaldekomankomunitatea.eus\/es\/servicios\/casetas-residuos-peligrosos\/\",\"name\":\"Casetas residuos peligrosos - Tolosaldeako Mankomunitatea\",\"isPartOf\":{\"@id\":\"https:\/\/tolosaldekomankomunitatea.eus\/es\/#website\"},\"datePublished\":\"2018-12-13T11:45:33+00:00\",\"dateModified\":\"2019-05-23T12:31:04+00:00\",\"breadcrumb\":{\"@id\":\"https:\/\/tolosaldekomankomunitatea.eus\/es\/servicios\/casetas-residuos-peligrosos\/#breadcrumb\"},\"inLanguage\":\"es\",\"potentialAction\":[{\"@type\":\"ReadAction\",\"target\":[\"https:\/\/tolosaldekomankomunitatea.eus\/es\/servicios\/casetas-residuos-peligrosos\/\"]}]},{\"@type\":\"BreadcrumbList\",\"@id\":\"https:\/\/tolosaldekomankomunitatea.eus\/es\/servicios\/casetas-residuos-peligrosos\/#breadcrumb\",\"itemListElement\":[{\"@type\":\"ListItem\",\"position\":1,\"name\":\"\",\"item\":\"https:\/\/tolosaldekomankomunitatea.eus\/es\/\"},{\"@type\":\"ListItem\",\"position\":2,\"name\":\"Servicios\",\"item\":\"https:\/\/tolosaldekomankomunitatea.eus\/es\/servicios\/\"},{\"@type\":\"ListItem\",\"position\":3,\"name\":\"Casetas residuos peligrosos\"}]},{\"@type\":\"WebSite\",\"@id\":\"https:\/\/tolosaldekomankomunitatea.eus\/es\/#website\",\"url\":\"https:\/\/tolosaldekomankomunitatea.eus\/es\/\",\"name\":\"Tolosaldeako Mankomunitatea\",\"description\":\"Zurekin, alde ederra!\",\"potentialAction\":[{\"@type\":\"SearchAction\",\"target\":{\"@type\":\"EntryPoint\",\"urlTemplate\":\"https:\/\/tolosaldekomankomunitatea.eus\/es\/?s={search_term_string}\"},\"query-input\":{\"@type\":\"PropertyValueSpecification\",\"valueRequired\":true,\"valueName\":\"search_term_string\"}}],\"inLanguage\":\"es\"}]}<\/script>\n<!-- \/ Yoast SEO plugin. -->","yoast_head_json":{"title":"Casetas residuos peligrosos - Tolosaldeako Mankomunitatea","robots":{"index":"index","follow":"follow","max-snippet":"max-snippet:-1","max-image-preview":"max-image-preview:large","max-video-preview":"max-video-preview:-1"},"canonical":"https:\/\/tolosaldekomankomunitatea.eus\/es\/servicios\/casetas-residuos-peligrosos\/","og_locale":"es_ES","og_type":"article","og_title":"Casetas residuos peligrosos - Tolosaldeako Mankomunitatea","og_description":"En varios municipios que integran la Mancomunidad de Tolosaldea, est\u00e1n instaladas las casetas de reciclaje de residuos peligrosos y especiales. Los municipios en cuesti\u00f3n son: Alegia, Andoain, Anoeta, Asteasu, Berastegi, Ibarra, Irura, Tolosa, Villabona y Zizurkil. Uno de los objetivos que se persigue al instalar esta caseta, es facilitar a los ciudadanos el reciclaje de [&hellip;]","og_url":"https:\/\/tolosaldekomankomunitatea.eus\/es\/servicios\/casetas-residuos-peligrosos\/","og_site_name":"Tolosaldeako Mankomunitatea","article_modified_time":"2019-05-23T12:31:04+00:00","twitter_card":"summary_large_image","twitter_misc":{"Tiempo de lectura":"1 minuto"},"schema":{"@context":"https:\/\/schema.org","@graph":[{"@type":"WebPage","@id":"https:\/\/tolosaldekomankomunitatea.eus\/es\/servicios\/casetas-residuos-peligrosos\/","url":"https:\/\/tolosaldekomankomunitatea.eus\/es\/servicios\/casetas-residuos-peligrosos\/","name":"Casetas residuos peligrosos - Tolosaldeako Mankomunitatea","isPartOf":{"@id":"https:\/\/tolosaldekomankomunitatea.eus\/es\/#website"},"datePublished":"2018-12-13T11:45:33+00:00","dateModified":"2019-05-23T12:31:04+00:00","breadcrumb":{"@id":"https:\/\/tolosaldekomankomunitatea.eus\/es\/servicios\/casetas-residuos-peligrosos\/#breadcrumb"},"inLanguage":"es","potentialAction":[{"@type":"ReadAction","target":["https:\/\/tolosaldekomankomunitatea.eus\/es\/servicios\/casetas-residuos-peligrosos\/"]}]},{"@type":"BreadcrumbList","@id":"https:\/\/tolosaldekomankomunitatea.eus\/es\/servicios\/casetas-residuos-peligrosos\/#breadcrumb","itemListElement":[{"@type":"ListItem","position":1,"name":"","item":"https:\/\/tolosaldekomankomunitatea.eus\/es\/"},{"@type":"ListItem","position":2,"name":"Servicios","item":"https:\/\/tolosaldekomankomunitatea.eus\/es\/servicios\/"},{"@type":"ListItem","position":3,"name":"Casetas residuos peligrosos"}]},{"@type":"WebSite","@id":"https:\/\/tolosaldekomankomunitatea.eus\/es\/#website","url":"https:\/\/tolosaldekomankomunitatea.eus\/es\/","name":"Tolosaldeako Mankomunitatea","description":"Zurekin, alde ederra!","potentialAction":[{"@type":"SearchAction","target":{"@type":"EntryPoint","urlTemplate":"https:\/\/tolosaldekomankomunitatea.eus\/es\/?s={search_term_string}"},"query-input":{"@type":"PropertyValueSpecification","valueRequired":true,"valueName":"search_term_string"}}],"inLanguage":"es"}]}},"_links":{"self":[{"href":"https:\/\/tolosaldekomankomunitatea.eus\/es\/wp-json\/wp\/v2\/pages\/5497","targetHints":{"allow":["GET"]}}],"collection":[{"href":"https:\/\/tolosaldekomankomunitatea.eus\/es\/wp-json\/wp\/v2\/pages"}],"about":[{"href":"https:\/\/tolosaldekomankomunitatea.eus\/es\/wp-json\/wp\/v2\/types\/page"}],"author":[{"embeddable":true,"href":"https:\/\/tolosaldekomankomunitatea.eus\/es\/wp-json\/wp\/v2\/users\/1"}],"replies":[{"embeddable":true,"href":"https:\/\/tolosaldekomankomunitatea.eus\/es\/wp-json\/wp\/v2\/comments?post=5497"}],"version-history":[{"count":7,"href":"https:\/\/tolosaldekomankomunitatea.eus\/es\/wp-json\/wp\/v2\/pages\/5497\/revisions"}],"predecessor-version":[{"id":5505,"href":"https:\/\/tolosaldekomankomunitatea.eus\/es\/wp-json\/wp\/v2\/pages\/5497\/revisions\/5505"}],"up":[{"embeddable":true,"href":"https:\/\/tolosaldekomankomunitatea.eus\/es\/wp-json\/wp\/v2\/pages\/5424"}],"wp:attachment":[{"href":"https:\/\/tolosaldekomankomunitatea.eus\/es\/wp-json\/wp\/v2\/media?parent=5497"}],"curies":[{"name":"wp","href":"https:\/\/api.w.org\/{rel}","templated":true}]}}