{"id":5470,"date":"2018-12-13T12:45:07","date_gmt":"2018-12-13T11:45:07","guid":{"rendered":"https:\/\/tolosaldekomankomunitatea.eus\/servicios\/garbiguneak\/"},"modified":"2021-01-29T09:27:43","modified_gmt":"2021-01-29T08:27:43","slug":"garbigunes","status":"publish","type":"page","link":"https:\/\/tolosaldekomankomunitatea.eus\/es\/servicios\/garbigunes\/","title":{"rendered":"Garbigunes"},"content":{"rendered":"<section class=\"zerbitzuak garbigune\">\n<div class=\"container\">\n<div class=\"row\">\n<div class=\"col-sm-12\">\n<div class=\"sarrerak\">\n<p class=\"tituloa\"><strong>\u00bfQu\u00e9 es el garbigune?<\/strong><\/p>\n<p>Es un recinto con el objetivo fundamental de servir a los ciudadanos como centro de aportaci\u00f3n voluntaria para la recogida selectiva de residuos. Est\u00e1 dotado de contenedores espec\u00edficos para distintos tipos de residuos, algunos de ellos susceptibles de reutilizar y\/o reciclar, que deben ser gestionados de acuerdo a la legislaci\u00f3n vigente en esta materia.<\/p>\n<p class=\"tituloa\"><strong>\u00bfQu\u00e9 objetivos tiene el Garbigune?<\/strong><\/p>\n<p>Recuperaci\u00f3n de los materiales contenidos en los residuos para su reciclaje. Evitar el vertido incontrolado de residuos. Reducci\u00f3n del volumen de residuos a tratar o eliminar en los vertederos controlados.<\/p>\n<p><a class=\"btn btn-primary btn-lg\" target=\"_blank\" rel=\"noopener noreferrer\">Balance de recogida de residuos en los garbigunes de Tolosaldea (A\u00f1o 2018)<\/a><\/p>\n<\/div>\n<\/div>\n<\/div>\n<hr \/>\n<div class=\"row zerbitzu-edukia\">\n<div class=\"col-md-8 offset-md-2\">\n<div class=\"card\">\n<div class=\"card-header bai\"><i class=\"fa fa-check-circle\"><\/i> S\u00cd<\/div>\n<div class=\"card-body\">\n<ul>\n<li>Escombros y residuos de obra<\/li>\n<li>Pl\u00e1sticos: bidones, embalajes<\/li>\n<li>Enseres voluminosos: muebles, colchones<\/li>\n<li>Papel y cart\u00f3n<\/li>\n<li>Metales y chatarra<\/li>\n<li>Poda y residuos de jardiner\u00eda<\/li>\n<li>Madera: palets, cajas, tablas<\/li>\n<li>Neum\u00e1ticos de coche no procedentes de talleres<\/li>\n<li>Textiles<\/li>\n<li>Envases de vidrio<\/li>\n<li>Envases de pl\u00e1stico, metal y brik<\/li>\n<li>Electrodom\u00e9sticos: frigor\u00edficos, lavadoras, ordenadores, televisores<\/li>\n<li>Residuos peligrosos del hogar: fluorescentes, pilas, aceite de cocina y coche, bater\u00edas, pinturas, aerosoles, disolventes, fitosanitarios, toners, etc.<\/li>\n<\/ul>\n<\/div>\n<\/div>\n<\/div>\n<\/div>\n<hr \/>\n<div class=\"row\">\n<div class=\"col-sm-12\">\n<div class=\"zerbitzu-edukia\">\n<div class=\"list-group\">\n<article class=\"list-group-item\">\n<header class=\"filter-header\"><a href=\"#\" data-toggle=\"collapse\" data-target=\"#tolosa\" rel=\"noopener noreferrer\"> <i class=\"icon-action fa fa-chevron-down\"><\/i><\/p>\n<h6 class=\"title\">GARBIGUNE DE TOLOSA<\/h6>\n<p><\/a><a href=\"#\" data-toggle=\"collapse\" data-target=\"#tolosa\" rel=\"noopener noreferrer\"><\/a><br \/>\n<\/header>\n<div id=\"tolosa\" class=\"filter-content collapse\">\n<div class=\"row\">\n<div class=\"col-sm-12\">\n<p>Est\u00e1 dirigido a todos los ciudadanos, comercios, oficinas, gremios de obras menores dom\u00e9sticas y peque\u00f1os talleres de los 28 municipios de la Mancomunidad de Tolosaldea. EL SERVICIO ES GRATUITO.<\/p>\n<\/div>\n<\/div>\n<div class=\"kokapena\">\n<div class=\"row bulegoa\">\n<div class=\"col-12 col-md-6\"><iframe loading=\"lazy\" style=\"border: 0;\" src=\"https:\/\/www.google.com\/maps\/embed?pb=!1m18!1m12!1m3!1d2912.095023979429!2d-2.0725086845193617!3d43.12352997914298!2m3!1f0!2f0!3f0!3m2!1i1024!2i768!4f13.1!3m3!1m2!1s0xd504b7c6a504bdb%3A0x87a3ada67bd978ee!2sSan+Blas+Garbigunea!5e0!3m2!1seu!2ses!4v1554289659397!5m2!1seu!2ses\" width=\"100%\" height=\"300\" frameborder=\"0\" allowfullscreen=\"allowfullscreen\"><\/iframe><\/div>\n<div class=\"col-12 col-md-6\">\n<h3>GARBIGUNE SAN BLAS<\/h3>\n<div class=\"ordutegia\">\n<p>Horario:<\/p>\n<p>Lunes a viernes 9:00 \u2013 14:00 \/ 15:00 \u2013 17:30<\/p>\n<p>S\u00e1bados 9:00 \u2013 13:30<\/p>\n<p>Agosto, de lunes a s\u00e1bado 9:00 \u2013 13:30<\/p>\n<\/div>\n<p><i class=\"fa fa-home\"><\/i>Barrio San Blas 9 bis. 20400 Tolosa.<\/p>\n<p><i class=\"fa fa-phone\"><\/i>943 67 16 78<\/p>\n<p><i class=\"fa fa-envelope\"><\/i><a href=\"mailto:sanblasgarbigunea@tolosaldekomankomunitatea.eus\">sanblasgarbigunea@ tolosaldekomankomunitatea.eus<\/a><\/p>\n<\/div>\n<\/div>\n<div class=\"row\">\n<div class=\"col-6\"><a class=\"btn btn-primary\" href=\"https:\/\/tolosaldekomankomunitatea.eus\/wp-content\/uploads\/2019\/05\/Garbigune-Reglamento-San-Blas.pdf\" target=\"_blank\" rel=\"noopener noreferrer\">Reglamento garbigune San Blas<\/a><\/div>\n<\/div>\n<\/div>\n<\/div>\n<\/article>\n<article class=\"list-group-item\">\n<header class=\"filter-header\"><a href=\"#\" data-toggle=\"collapse\" data-target=\"#andoain\" rel=\"noopener noreferrer\"> <i class=\"icon-action fa fa-chevron-down\"><\/i><\/p>\n<h6 class=\"title\">GARBIGUNE DE ANDOAIN<\/h6>\n<p><\/a><a href=\"#\" data-toggle=\"collapse\" data-target=\"#tolosa\" rel=\"noopener noreferrer\"><\/a><br \/>\n<\/header>\n<div id=\"andoain\" class=\"filter-content collapse\">\n<div class=\"row\">\n<div class=\"col-sm-12\">\n<p>En la zona industrial de Leiotz de Andoain, ya est\u00e1 abierto el nuevo Garbigune desde el 7 de octubre del 2013, para as\u00ed poder dar este servicio a todos los ciudadanos, comercios, oficinas, gremios de obras menores dom\u00e9sticas y peque\u00f1os talleres de los 28 municipios de la Mancomunidad de Tolosaldea. El servicio, al igual que en el Garbigune San Blas de Tolosa, ser\u00e1 gratuito. Adem\u00e1s, gracias a la cooperaci\u00f3n que tenemos entre la Mancomunidad de San Marko y la Mancomunidad de Tolosaldea, los ciudadanos de Urnieta tambi\u00e9n podr\u00e1n hacer uso de este Garbigune de Andoain.<\/p>\n<\/div>\n<\/div>\n<div class=\"kokapena\">\n<div class=\"row bulegoa\">\n<div class=\"col-12 col-md-6\">\n<p><iframe loading=\"lazy\" style=\"border: 0;\" src=\"https:\/\/www.google.com\/maps\/embed?pb=!1m18!1m12!1m3!1d5813.990536048922!2d-2.004277434786958!3d43.23055886295995!2m3!1f0!2f0!3f0!3m2!1i1024!2i768!4f13.1!3m3!1m2!1s0xd51b219186b5dcd%3A0xb292d358f11ceaa!2sPol%C3%ADgono+Industrial+Leiotz!5e0!3m2!1ses!2ses!4v1545120772599\" width=\"100%\" height=\"300\" frameborder=\"0\" allowfullscreen=\"allowfullscreen\"><\/iframe><\/p>\n<\/div>\n<div class=\"col-12 col-md-6\">\n<h3>GARBIGUNE DE ANDOAIN<\/h3>\n<div class=\"ordutegia\">\n<p>Horario:<\/p>\n<p>Lunes a viernes 9:00 \u2013 12:30 \/ 16:00 \u2013 19:00<\/p>\n<p>S\u00e1bados 9:00 \u2013 13:30<\/p>\n<p>Agosto, de lunes a viernes 9:00 \u2013 13:30<\/p>\n<\/div>\n<p><i class=\"fa fa-home\"><\/i>Pol\u00edgono industrial Leizotz \u00b7 20140 Andoain<\/p>\n<p><i class=\"fa fa-phone\"><\/i>943 30 38 09<\/p>\n<p><i class=\"fa fa-envelope\"><\/i><a href=\"mailto:ndoaingarbigunea@tolosaldekomankomunitatea.eus\">andoaingarbigunea@tolosaldekomankomunitatea.eus<\/a><\/p>\n<\/div>\n<\/div>\n<\/div>\n<\/div>\n<\/article>\n<\/div>\n<p><!-- list-group.\/\/ --><\/p>\n<\/div>\n<\/div>\n<\/div>\n<\/div>\n<\/section>\n","protected":false},"excerpt":{"rendered":"<p>\u00bfQu\u00e9 es el garbigune? Es un recinto con el objetivo fundamental de servir a los ciudadanos como centro de aportaci\u00f3n voluntaria para la recogida selectiva de residuos. Est\u00e1 dotado de contenedores espec\u00edficos para distintos tipos de residuos, algunos de ellos susceptibles de reutilizar y\/o reciclar, que deben ser gestionados de acuerdo a la legislaci\u00f3n vigente [&hellip;]<\/p>\n","protected":false},"author":1,"featured_media":0,"parent":5424,"menu_order":0,"comment_status":"closed","ping_status":"closed","template":"template-zerbitzuak.php","meta":{"_acf_changed":false,"footnotes":""},"class_list":["post-5470","page","type-page","status-publish","hentry"],"acf":[],"yoast_head":"<!-- This site is optimized with the Yoast SEO plugin v25.3.1 - https:\/\/yoast.com\/wordpress\/plugins\/seo\/ -->\n<title>Garbigunes - Tolosaldeako Mankomunitatea<\/title>\n<meta name=\"robots\" content=\"index, follow, max-snippet:-1, max-image-preview:large, max-video-preview:-1\" \/>\n<link rel=\"canonical\" href=\"https:\/\/tolosaldekomankomunitatea.eus\/es\/servicios\/garbigunes\/\" \/>\n<meta property=\"og:locale\" content=\"es_ES\" \/>\n<meta property=\"og:type\" content=\"article\" \/>\n<meta property=\"og:title\" content=\"Garbigunes - Tolosaldeako Mankomunitatea\" \/>\n<meta property=\"og:description\" content=\"\u00bfQu\u00e9 es el garbigune? Es un recinto con el objetivo fundamental de servir a los ciudadanos como centro de aportaci\u00f3n voluntaria para la recogida selectiva de residuos. Est\u00e1 dotado de contenedores espec\u00edficos para distintos tipos de residuos, algunos de ellos susceptibles de reutilizar y\/o reciclar, que deben ser gestionados de acuerdo a la legislaci\u00f3n vigente [&hellip;]\" \/>\n<meta property=\"og:url\" content=\"https:\/\/tolosaldekomankomunitatea.eus\/es\/servicios\/garbigunes\/\" \/>\n<meta property=\"og:site_name\" content=\"Tolosaldeako Mankomunitatea\" \/>\n<meta property=\"article:modified_time\" content=\"2021-01-29T08:27:43+00:00\" \/>\n<meta name=\"twitter:card\" content=\"summary_large_image\" \/>\n<meta name=\"twitter:label1\" content=\"Tiempo de lectura\" \/>\n\t<meta name=\"twitter:data1\" content=\"2 minutos\" \/>\n<script type=\"application\/ld+json\" class=\"yoast-schema-graph\">{\"@context\":\"https:\/\/schema.org\",\"@graph\":[{\"@type\":\"WebPage\",\"@id\":\"https:\/\/tolosaldekomankomunitatea.eus\/es\/servicios\/garbigunes\/\",\"url\":\"https:\/\/tolosaldekomankomunitatea.eus\/es\/servicios\/garbigunes\/\",\"name\":\"Garbigunes - Tolosaldeako Mankomunitatea\",\"isPartOf\":{\"@id\":\"https:\/\/tolosaldekomankomunitatea.eus\/es\/#website\"},\"datePublished\":\"2018-12-13T11:45:07+00:00\",\"dateModified\":\"2021-01-29T08:27:43+00:00\",\"breadcrumb\":{\"@id\":\"https:\/\/tolosaldekomankomunitatea.eus\/es\/servicios\/garbigunes\/#breadcrumb\"},\"inLanguage\":\"es\",\"potentialAction\":[{\"@type\":\"ReadAction\",\"target\":[\"https:\/\/tolosaldekomankomunitatea.eus\/es\/servicios\/garbigunes\/\"]}]},{\"@type\":\"BreadcrumbList\",\"@id\":\"https:\/\/tolosaldekomankomunitatea.eus\/es\/servicios\/garbigunes\/#breadcrumb\",\"itemListElement\":[{\"@type\":\"ListItem\",\"position\":1,\"name\":\"\",\"item\":\"https:\/\/tolosaldekomankomunitatea.eus\/es\/\"},{\"@type\":\"ListItem\",\"position\":2,\"name\":\"Servicios\",\"item\":\"https:\/\/tolosaldekomankomunitatea.eus\/es\/servicios\/\"},{\"@type\":\"ListItem\",\"position\":3,\"name\":\"Garbigunes\"}]},{\"@type\":\"WebSite\",\"@id\":\"https:\/\/tolosaldekomankomunitatea.eus\/es\/#website\",\"url\":\"https:\/\/tolosaldekomankomunitatea.eus\/es\/\",\"name\":\"Tolosaldeako Mankomunitatea\",\"description\":\"Zurekin, alde ederra!\",\"potentialAction\":[{\"@type\":\"SearchAction\",\"target\":{\"@type\":\"EntryPoint\",\"urlTemplate\":\"https:\/\/tolosaldekomankomunitatea.eus\/es\/?s={search_term_string}\"},\"query-input\":{\"@type\":\"PropertyValueSpecification\",\"valueRequired\":true,\"valueName\":\"search_term_string\"}}],\"inLanguage\":\"es\"}]}<\/script>\n<!-- \/ Yoast SEO plugin. -->","yoast_head_json":{"title":"Garbigunes - Tolosaldeako Mankomunitatea","robots":{"index":"index","follow":"follow","max-snippet":"max-snippet:-1","max-image-preview":"max-image-preview:large","max-video-preview":"max-video-preview:-1"},"canonical":"https:\/\/tolosaldekomankomunitatea.eus\/es\/servicios\/garbigunes\/","og_locale":"es_ES","og_type":"article","og_title":"Garbigunes - Tolosaldeako Mankomunitatea","og_description":"\u00bfQu\u00e9 es el garbigune? Es un recinto con el objetivo fundamental de servir a los ciudadanos como centro de aportaci\u00f3n voluntaria para la recogida selectiva de residuos. Est\u00e1 dotado de contenedores espec\u00edficos para distintos tipos de residuos, algunos de ellos susceptibles de reutilizar y\/o reciclar, que deben ser gestionados de acuerdo a la legislaci\u00f3n vigente [&hellip;]","og_url":"https:\/\/tolosaldekomankomunitatea.eus\/es\/servicios\/garbigunes\/","og_site_name":"Tolosaldeako Mankomunitatea","article_modified_time":"2021-01-29T08:27:43+00:00","twitter_card":"summary_large_image","twitter_misc":{"Tiempo de lectura":"2 minutos"},"schema":{"@context":"https:\/\/schema.org","@graph":[{"@type":"WebPage","@id":"https:\/\/tolosaldekomankomunitatea.eus\/es\/servicios\/garbigunes\/","url":"https:\/\/tolosaldekomankomunitatea.eus\/es\/servicios\/garbigunes\/","name":"Garbigunes - Tolosaldeako Mankomunitatea","isPartOf":{"@id":"https:\/\/tolosaldekomankomunitatea.eus\/es\/#website"},"datePublished":"2018-12-13T11:45:07+00:00","dateModified":"2021-01-29T08:27:43+00:00","breadcrumb":{"@id":"https:\/\/tolosaldekomankomunitatea.eus\/es\/servicios\/garbigunes\/#breadcrumb"},"inLanguage":"es","potentialAction":[{"@type":"ReadAction","target":["https:\/\/tolosaldekomankomunitatea.eus\/es\/servicios\/garbigunes\/"]}]},{"@type":"BreadcrumbList","@id":"https:\/\/tolosaldekomankomunitatea.eus\/es\/servicios\/garbigunes\/#breadcrumb","itemListElement":[{"@type":"ListItem","position":1,"name":"","item":"https:\/\/tolosaldekomankomunitatea.eus\/es\/"},{"@type":"ListItem","position":2,"name":"Servicios","item":"https:\/\/tolosaldekomankomunitatea.eus\/es\/servicios\/"},{"@type":"ListItem","position":3,"name":"Garbigunes"}]},{"@type":"WebSite","@id":"https:\/\/tolosaldekomankomunitatea.eus\/es\/#website","url":"https:\/\/tolosaldekomankomunitatea.eus\/es\/","name":"Tolosaldeako Mankomunitatea","description":"Zurekin, alde ederra!","potentialAction":[{"@type":"SearchAction","target":{"@type":"EntryPoint","urlTemplate":"https:\/\/tolosaldekomankomunitatea.eus\/es\/?s={search_term_string}"},"query-input":{"@type":"PropertyValueSpecification","valueRequired":true,"valueName":"search_term_string"}}],"inLanguage":"es"}]}},"_links":{"self":[{"href":"https:\/\/tolosaldekomankomunitatea.eus\/es\/wp-json\/wp\/v2\/pages\/5470","targetHints":{"allow":["GET"]}}],"collection":[{"href":"https:\/\/tolosaldekomankomunitatea.eus\/es\/wp-json\/wp\/v2\/pages"}],"about":[{"href":"https:\/\/tolosaldekomankomunitatea.eus\/es\/wp-json\/wp\/v2\/types\/page"}],"author":[{"embeddable":true,"href":"https:\/\/tolosaldekomankomunitatea.eus\/es\/wp-json\/wp\/v2\/users\/1"}],"replies":[{"embeddable":true,"href":"https:\/\/tolosaldekomankomunitatea.eus\/es\/wp-json\/wp\/v2\/comments?post=5470"}],"version-history":[{"count":15,"href":"https:\/\/tolosaldekomankomunitatea.eus\/es\/wp-json\/wp\/v2\/pages\/5470\/revisions"}],"predecessor-version":[{"id":7458,"href":"https:\/\/tolosaldekomankomunitatea.eus\/es\/wp-json\/wp\/v2\/pages\/5470\/revisions\/7458"}],"up":[{"embeddable":true,"href":"https:\/\/tolosaldekomankomunitatea.eus\/es\/wp-json\/wp\/v2\/pages\/5424"}],"wp:attachment":[{"href":"https:\/\/tolosaldekomankomunitatea.eus\/es\/wp-json\/wp\/v2\/media?parent=5470"}],"curies":[{"name":"wp","href":"https:\/\/api.w.org\/{rel}","templated":true}]}}