{"id":5410,"date":"2018-12-13T13:54:51","date_gmt":"2018-12-13T12:54:51","guid":{"rendered":"https:\/\/tolosaldekomankomunitatea.eus\/konpostajea\/"},"modified":"2021-06-11T12:49:46","modified_gmt":"2021-06-11T11:49:46","slug":"compostaje","status":"publish","type":"page","link":"https:\/\/tolosaldekomankomunitatea.eus\/es\/en-nuestras-manos\/compostaje\/","title":{"rendered":"Compostaje"},"content":{"rendered":"<section class=\"zerbitzuak gure-esku\">\n<div class=\"container\">\n<div class=\"row\">\n<div class=\"col-sm-12\">\n<p class=\"tituloa\">Autocompostaje, al alcance de todos<\/p>\n<p>Elaborar compost est\u00e1 al alcance de todos. Quien tenga un terreno puede hacerlo en el compostador de casa. Por su parte, quien no tenga un terreno tiene la posibilidad de hacer compost comunitario o vermicompost. Todos podemos ayudar a completar el ciclo de la vida.<\/p>\n<p>Mediante el compost aprovechamos los residuos, convirti\u00e9ndolos en abono. En el compostador, la naturaleza realiza su labor con tu ayuda: t\u00fa le aportas residuos org\u00e1nicos, ella te devuelve abono de calidad.<\/p>\n<p>Cada vez son m\u00e1s numerosos los ciudadanos que aprovechan las ventajas del autocompostaje.<\/p>\n<p>&nbsp;<\/p>\n<\/div>\n<section class=\"zerbitzuak gure-esku\">\n<div class=\"container\">\n<div class=\"row\">\n<div class=\"col-sm-12\">\n<p class=\"tituloa\">VIDEOS<\/p>\n<p>&nbsp;<\/p>\n<p><iframe loading=\"lazy\" title=\"Compost\" width=\"640\" height=\"360\" src=\"https:\/\/www.youtube.com\/embed\/QWoOlFo48s0?feature=oembed\" frameborder=\"0\" allow=\"accelerometer; autoplay; clipboard-write; encrypted-media; gyroscope; picture-in-picture; web-share\" referrerpolicy=\"strict-origin-when-cross-origin\" allowfullscreen><\/iframe><\/p>\n<div class=\"col-sm-12\">\n<p><strong>M\u00e1s informaci\u00f3n: <\/strong><a href=\"http:\/\/konpostatu.tolosaldekomankomunitatea.eus\/\" target=\"_blank\" rel=\"noopener noreferrer\">konpostatu.tolosaldekomankomunitatea.eus<\/a><\/p>\n<\/div>\n<\/div>\n<\/div>\n<\/section>\n","protected":false},"excerpt":{"rendered":"<p>Autocompostaje, al alcance de todos Elaborar compost est\u00e1 al alcance de todos. Quien tenga un terreno puede hacerlo en el compostador de casa. Por su parte, quien no tenga un terreno tiene la posibilidad de hacer compost comunitario o vermicompost. Todos podemos ayudar a completar el ciclo de la vida. Mediante el compost aprovechamos los [&hellip;]<\/p>\n","protected":false},"author":1,"featured_media":0,"parent":5511,"menu_order":0,"comment_status":"closed","ping_status":"closed","template":"template-gure-esku.php","meta":{"_acf_changed":false,"footnotes":""},"class_list":["post-5410","page","type-page","status-publish","hentry"],"acf":[],"yoast_head":"<!-- This site is optimized with the Yoast SEO plugin v25.3.1 - https:\/\/yoast.com\/wordpress\/plugins\/seo\/ -->\n<title>Compostaje - Tolosaldeako Mankomunitatea<\/title>\n<meta name=\"robots\" content=\"index, follow, max-snippet:-1, max-image-preview:large, max-video-preview:-1\" \/>\n<link rel=\"canonical\" href=\"https:\/\/tolosaldekomankomunitatea.eus\/es\/en-nuestras-manos\/compostaje\/\" \/>\n<meta property=\"og:locale\" content=\"es_ES\" \/>\n<meta property=\"og:type\" content=\"article\" \/>\n<meta property=\"og:title\" content=\"Compostaje - Tolosaldeako Mankomunitatea\" \/>\n<meta property=\"og:description\" content=\"Autocompostaje, al alcance de todos Elaborar compost est\u00e1 al alcance de todos. Quien tenga un terreno puede hacerlo en el compostador de casa. Por su parte, quien no tenga un terreno tiene la posibilidad de hacer compost comunitario o vermicompost. Todos podemos ayudar a completar el ciclo de la vida. Mediante el compost aprovechamos los [&hellip;]\" \/>\n<meta property=\"og:url\" content=\"https:\/\/tolosaldekomankomunitatea.eus\/es\/en-nuestras-manos\/compostaje\/\" \/>\n<meta property=\"og:site_name\" content=\"Tolosaldeako Mankomunitatea\" \/>\n<meta property=\"article:modified_time\" content=\"2021-06-11T11:49:46+00:00\" \/>\n<meta name=\"twitter:card\" content=\"summary_large_image\" \/>\n<meta name=\"twitter:label1\" content=\"Tiempo de lectura\" \/>\n\t<meta name=\"twitter:data1\" content=\"1 minuto\" \/>\n<script type=\"application\/ld+json\" class=\"yoast-schema-graph\">{\"@context\":\"https:\/\/schema.org\",\"@graph\":[{\"@type\":\"WebPage\",\"@id\":\"https:\/\/tolosaldekomankomunitatea.eus\/es\/en-nuestras-manos\/compostaje\/\",\"url\":\"https:\/\/tolosaldekomankomunitatea.eus\/es\/en-nuestras-manos\/compostaje\/\",\"name\":\"Compostaje - Tolosaldeako Mankomunitatea\",\"isPartOf\":{\"@id\":\"https:\/\/tolosaldekomankomunitatea.eus\/es\/#website\"},\"datePublished\":\"2018-12-13T12:54:51+00:00\",\"dateModified\":\"2021-06-11T11:49:46+00:00\",\"breadcrumb\":{\"@id\":\"https:\/\/tolosaldekomankomunitatea.eus\/es\/en-nuestras-manos\/compostaje\/#breadcrumb\"},\"inLanguage\":\"es\",\"potentialAction\":[{\"@type\":\"ReadAction\",\"target\":[\"https:\/\/tolosaldekomankomunitatea.eus\/es\/en-nuestras-manos\/compostaje\/\"]}]},{\"@type\":\"BreadcrumbList\",\"@id\":\"https:\/\/tolosaldekomankomunitatea.eus\/es\/en-nuestras-manos\/compostaje\/#breadcrumb\",\"itemListElement\":[{\"@type\":\"ListItem\",\"position\":1,\"name\":\"\",\"item\":\"https:\/\/tolosaldekomankomunitatea.eus\/es\/\"},{\"@type\":\"ListItem\",\"position\":2,\"name\":\"En nuestras manos\",\"item\":\"https:\/\/tolosaldekomankomunitatea.eus\/es\/en-nuestras-manos\/\"},{\"@type\":\"ListItem\",\"position\":3,\"name\":\"Compostaje\"}]},{\"@type\":\"WebSite\",\"@id\":\"https:\/\/tolosaldekomankomunitatea.eus\/es\/#website\",\"url\":\"https:\/\/tolosaldekomankomunitatea.eus\/es\/\",\"name\":\"Tolosaldeako Mankomunitatea\",\"description\":\"Zurekin, alde ederra!\",\"potentialAction\":[{\"@type\":\"SearchAction\",\"target\":{\"@type\":\"EntryPoint\",\"urlTemplate\":\"https:\/\/tolosaldekomankomunitatea.eus\/es\/?s={search_term_string}\"},\"query-input\":{\"@type\":\"PropertyValueSpecification\",\"valueRequired\":true,\"valueName\":\"search_term_string\"}}],\"inLanguage\":\"es\"}]}<\/script>\n<!-- \/ Yoast SEO plugin. -->","yoast_head_json":{"title":"Compostaje - Tolosaldeako Mankomunitatea","robots":{"index":"index","follow":"follow","max-snippet":"max-snippet:-1","max-image-preview":"max-image-preview:large","max-video-preview":"max-video-preview:-1"},"canonical":"https:\/\/tolosaldekomankomunitatea.eus\/es\/en-nuestras-manos\/compostaje\/","og_locale":"es_ES","og_type":"article","og_title":"Compostaje - Tolosaldeako Mankomunitatea","og_description":"Autocompostaje, al alcance de todos Elaborar compost est\u00e1 al alcance de todos. Quien tenga un terreno puede hacerlo en el compostador de casa. Por su parte, quien no tenga un terreno tiene la posibilidad de hacer compost comunitario o vermicompost. Todos podemos ayudar a completar el ciclo de la vida. Mediante el compost aprovechamos los [&hellip;]","og_url":"https:\/\/tolosaldekomankomunitatea.eus\/es\/en-nuestras-manos\/compostaje\/","og_site_name":"Tolosaldeako Mankomunitatea","article_modified_time":"2021-06-11T11:49:46+00:00","twitter_card":"summary_large_image","twitter_misc":{"Tiempo de lectura":"1 minuto"},"schema":{"@context":"https:\/\/schema.org","@graph":[{"@type":"WebPage","@id":"https:\/\/tolosaldekomankomunitatea.eus\/es\/en-nuestras-manos\/compostaje\/","url":"https:\/\/tolosaldekomankomunitatea.eus\/es\/en-nuestras-manos\/compostaje\/","name":"Compostaje - Tolosaldeako Mankomunitatea","isPartOf":{"@id":"https:\/\/tolosaldekomankomunitatea.eus\/es\/#website"},"datePublished":"2018-12-13T12:54:51+00:00","dateModified":"2021-06-11T11:49:46+00:00","breadcrumb":{"@id":"https:\/\/tolosaldekomankomunitatea.eus\/es\/en-nuestras-manos\/compostaje\/#breadcrumb"},"inLanguage":"es","potentialAction":[{"@type":"ReadAction","target":["https:\/\/tolosaldekomankomunitatea.eus\/es\/en-nuestras-manos\/compostaje\/"]}]},{"@type":"BreadcrumbList","@id":"https:\/\/tolosaldekomankomunitatea.eus\/es\/en-nuestras-manos\/compostaje\/#breadcrumb","itemListElement":[{"@type":"ListItem","position":1,"name":"","item":"https:\/\/tolosaldekomankomunitatea.eus\/es\/"},{"@type":"ListItem","position":2,"name":"En nuestras manos","item":"https:\/\/tolosaldekomankomunitatea.eus\/es\/en-nuestras-manos\/"},{"@type":"ListItem","position":3,"name":"Compostaje"}]},{"@type":"WebSite","@id":"https:\/\/tolosaldekomankomunitatea.eus\/es\/#website","url":"https:\/\/tolosaldekomankomunitatea.eus\/es\/","name":"Tolosaldeako Mankomunitatea","description":"Zurekin, alde ederra!","potentialAction":[{"@type":"SearchAction","target":{"@type":"EntryPoint","urlTemplate":"https:\/\/tolosaldekomankomunitatea.eus\/es\/?s={search_term_string}"},"query-input":{"@type":"PropertyValueSpecification","valueRequired":true,"valueName":"search_term_string"}}],"inLanguage":"es"}]}},"_links":{"self":[{"href":"https:\/\/tolosaldekomankomunitatea.eus\/es\/wp-json\/wp\/v2\/pages\/5410","targetHints":{"allow":["GET"]}}],"collection":[{"href":"https:\/\/tolosaldekomankomunitatea.eus\/es\/wp-json\/wp\/v2\/pages"}],"about":[{"href":"https:\/\/tolosaldekomankomunitatea.eus\/es\/wp-json\/wp\/v2\/types\/page"}],"author":[{"embeddable":true,"href":"https:\/\/tolosaldekomankomunitatea.eus\/es\/wp-json\/wp\/v2\/users\/1"}],"replies":[{"embeddable":true,"href":"https:\/\/tolosaldekomankomunitatea.eus\/es\/wp-json\/wp\/v2\/comments?post=5410"}],"version-history":[{"count":7,"href":"https:\/\/tolosaldekomankomunitatea.eus\/es\/wp-json\/wp\/v2\/pages\/5410\/revisions"}],"predecessor-version":[{"id":7967,"href":"https:\/\/tolosaldekomankomunitatea.eus\/es\/wp-json\/wp\/v2\/pages\/5410\/revisions\/7967"}],"up":[{"embeddable":true,"href":"https:\/\/tolosaldekomankomunitatea.eus\/es\/wp-json\/wp\/v2\/pages\/5511"}],"wp:attachment":[{"href":"https:\/\/tolosaldekomankomunitatea.eus\/es\/wp-json\/wp\/v2\/media?parent=5410"}],"curies":[{"name":"wp","href":"https:\/\/api.w.org\/{rel}","templated":true}]}}