{"id":5200,"date":"2018-12-10T22:39:45","date_gmt":"2018-12-10T21:39:45","guid":{"rendered":"https:\/\/tolosaldekomankomunitatea.eus\/herritarren-zerbitzua\/"},"modified":"2019-06-10T09:11:48","modified_gmt":"2019-06-10T08:11:48","slug":"correcta-clasificacion-de-residuos","status":"publish","type":"page","link":"https:\/\/tolosaldekomankomunitatea.eus\/es\/correcta-clasificacion-de-residuos\/","title":{"rendered":"Correcta clasificaci\u00f3n de residuos"},"content":{"rendered":"<section class=\"zerbitzuak\">\n<div class=\"container\">\n<div class=\"row\">\n<div class=\"col-sm-12\">\n<div class=\"zerbitzu-edukia\">\n<div class=\"list-group\">\n<article class=\"list-group-item\">\n<header class=\"filter-header\"> <a href=\"#\" data-toggle=\"collapse\" data-target=\"#collapse1\" rel=\"noopener noreferrer\"> <i class=\"icon-action fa fa-chevron-down\"><\/i><\/p>\n<h6 class=\"title\"><img decoding=\"async\" src=\"https:\/\/tolosaldekomankomunitatea.eus\/\/wp-content\/themes\/tolosaldea\/img\/icon-organikoa.png\">ORG\u00c1NICO<\/h6>\n<p><\/a> <\/header>\n<div id=\"collapse1\" class=\"filter-content collapse\">\n<div class=\"row\">\n<div class=\"col-sm-6\">\n<div class=\"card\">\n<div class=\"card-header bai\"><i class=\"fa fa-check-circle\"><\/i> S\u00cd<\/div>\n<div class=\"card-body\">\n<ul>\n<li>Frutas y verduras.<\/li>\n<li>Haragi, arrain eta itsaski zatiak, hezurrak.<\/li>\n<li>Arraultza eta fruitu lehor azalak.<\/li>\n<li>Sukaldeko janari eta kafe hondarrak.<\/li>\n<li>Sukaldeko papera eta ezpainzapi zikinak.<\/li>\n<li>Loreak, landareak eta lorategiko belarrak.<\/li>\n<\/ul>\n<\/div>\n<\/div>\n<\/div>\n<div class=\"col-sm-6\">\n<div class=\"card\">\n<div class=\"card-header ez\"><i class=\"fa fa-ban\"><\/i> NO<\/div>\n<div class=\"card-body\">\n<ul>\n<li>Tierra, ramas, troncos.<\/li>\n<li>Aceite<\/li>\n<li>Compresas<\/li>\n<li>Pa\u00f1ales<\/li>\n<li>Excrementos de animales<\/li>\n<li>Colillas de tabaco<\/li>\n<\/ul>\n<\/div>\n<\/div>\n<\/div>\n<\/div>\n<p class=\"sarrera\">Residuos vegetales como residuos animales, cocinados o sin cocinar.<\/p>\n<p class=\"sarrera\">Dentro del contenedor marr\u00f3n y en bolsas compostables.<\/p>\n<p class=\"sarrera\">Los residuos recogidos se vac\u00edan en la planta de transferencia de Sasieta y desde all\u00ed se transportan a la planta de compostaje. Se obtiene el compost, tras recibir el tratamiento correspondiente.<\/p>\n<\/div>\n<\/article>\n<article class=\"list-group-item\">\n<header class=\"filter-header\"> <a href=\"#\" data-toggle=\"collapse\" data-target=\"#collapse2\" rel=\"noopener noreferrer\"> <i class=\"icon-action fa fa-chevron-down\"><\/i><\/p>\n<h6 class=\"title\"><img decoding=\"async\" src=\"https:\/\/tolosaldekomankomunitatea.eus\/\/wp-content\/themes\/tolosaldea\/img\/icon-beira.png\" \/>V\u00cdDRIO<\/h6>\n<p><\/a> <\/header>\n<div id=\"collapse2\" class=\"filter-content collapse\">\n<div class=\"row\">\n<div class=\"col-sm-6\">\n<div class=\"card\">\n<div class=\"card-header bai\"><i class=\"fa fa-check-circle\"><\/i> S\u00cd<\/div>\n<div class=\"card-body\">\n<ul>\n<li>Botellas de vidrio (blancos, verdes y marrones).<\/li>\n<li>Botes y frascos de cristal (de conservas, de colonias y de cosm\u00e9tica).<\/li>\n<\/ul>\n<\/div>\n<\/div>\n<\/div>\n<div class=\"col-sm-6\">\n<div class=\"card\">\n<div class=\"card-header ez\"><i class=\"fa fa-ban\"><\/i> NO<\/div>\n<div class=\"card-body\">\n<ul>\n<li>Bombillas y fluorescentes.<\/li>\n<li>Lunas y cristales de ventanas y veh\u00edculos.<\/li>\n<li>Espejos.<\/li>\n<li>Utensilios de vidrio (vasos, copas, platos,&#8230;).<\/li>\n<li>Envases de medicamentos.<\/li>\n<\/ul>\n<\/div>\n<\/div>\n<\/div>\n<\/div>\n<p class=\"sarrera\">Vac\u00edos y limpios.<\/p>\n<p class=\"sarrera\">Sin tapas, tapones o corchos.<\/p>\n<p class=\"sarrera\">En las instalaciones de tratamiento, se limpia el vidrio sucio, se tritura y se eliminan las part\u00edculas impropias o desechables, dej\u00e1ndolos a punto para ser reciclado en las f\u00e1bricas de envases. Es en ellas donde se obtiene el calc\u00edn (vidrio recuperado, puro, limpio y triturado). Para completar el reciclaje, se funde el calc\u00edn y se vuelven a fabricar envases de cristal.<\/p>\n<\/div>\n<\/article>\n<article class=\"list-group-item\">\n<header class=\"filter-header\"> <a href=\"#\" data-toggle=\"collapse\" data-target=\"#collapse3\" rel=\"noopener noreferrer\"> <i class=\"icon-action fa fa-chevron-down\"><\/i><\/p>\n<h6 class=\"title\"><img decoding=\"async\" src=\"https:\/\/tolosaldekomankomunitatea.eus\/\/wp-content\/themes\/tolosaldea\/img\/icon-papera.png\" \/>PAPEL Y CART\u00d3N<\/h6>\n<p><\/a> <\/header>\n<div id=\"collapse3\" class=\"filter-content collapse\">\n<div class=\"row\">\n<div class=\"col-sm-6\">\n<div class=\"card\">\n<div class=\"card-header bai\"><i class=\"fa fa-check-circle\"><\/i> S\u00cd<\/div>\n<div class=\"card-body\">\n<ul>\n<li>Peri\u00f3dicos y revistas.<\/li>\n<li>Papel publicitario (buzoneo&#8230;)<\/li>\n<li>Cajas de cart\u00f3n (cajas de gallestas,cartones de huevo&#8230;)<\/li>\n<li>Envoltorios.<\/li>\n<li>Apuntes y papeles viejos.<\/li>\n<li>Bolsas de papel de los comercios.<\/li>\n<\/ul>\n<\/div>\n<\/div>\n<\/div>\n<div class=\"col-sm-6\">\n<div class=\"card\">\n<div class=\"card-header ez\"><i class=\"fa fa-ban\"><\/i> NO<\/div>\n<div class=\"card-body\">\n<ul>\n<li>Tetabriks.<\/li>\n<li>Pa\u00f1ales usados.<\/li>\n<li>Papeles sucios, encerados o plastificados.<\/li>\n<li>Papel de aluminio.<\/li>\n<\/ul>\n<\/div>\n<\/div>\n<\/div>\n<\/div>\n<p class=\"sarrera\">Plegar bien el cart\u00f3n.<\/p>\n<p class=\"sarrera\">Retirar todas las partes met\u00e1licas grapas, anillas,&#8230;) a los papeles y a los cartones.<\/p>\n<p class=\"sarrera\">No depositar en bolsas de pl\u00e1stico.<\/p>\n<p class=\"sarrera\">Todo lo que se recoge, se lleva a un almac\u00e9n de recuperaci\u00f3n de residuos, donde se clasifican para luego transportarlos a f\u00e1bricas de papel. Despu\u00e9s de eliminar la tinta, se consigue la pasta del papel y de esta pasta se produce papel y cart\u00f3n reciclado.<\/p>\n<\/div>\n<\/article>\n<article class=\"list-group-item\">\n<header class=\"filter-header\"> <a href=\"#\" data-toggle=\"collapse\" data-target=\"#collapse4\" rel=\"noopener noreferrer\"> <i class=\"icon-action fa fa-chevron-down\"><\/i><\/p>\n<h6 class=\"title\"><img decoding=\"async\" src=\"https:\/\/tolosaldekomankomunitatea.eus\/\/wp-content\/themes\/tolosaldea\/img\/icon-ontziak.png\" \/>ENVASES<\/h6>\n<p><\/a> <\/header>\n<div id=\"collapse4\" class=\"filter-content collapse\">\n<div class=\"row\">\n<div class=\"col-sm-6\">\n<div class=\"card\">\n<div class=\"card-header bai\"><i class=\"fa fa-check-circle\"><\/i> S\u00cd<\/div>\n<div class=\"card-body\">\n<ul>\n<li>Envases de pl\u00e1stico: de refrescos, aceite, productos de limpieza, cosm\u00e9ticos, yogures, bolsas de pl\u00e1sticos, botellas de agua, &#8230;<\/li>\n<li>Envases de metal: de bebidas, botes de conserva, aerosoles vac\u00edos, tapas de metal,&#8230;<\/li>\n<li>Tetrabriks<\/li>\n<\/ul>\n<\/div>\n<\/div>\n<\/div>\n<div class=\"col-sm-6\">\n<div class=\"card\">\n<div class=\"card-header ez\"><i class=\"fa fa-ban\"><\/i> NO<\/div>\n<div class=\"card-body\">\n<ul>\n<li>Metales y pl\u00e1sticos que no son envases: juguetes, biberones, sartenes, baldes, peines, guantes de goma,&#8230;<\/li>\n<\/ul>\n<\/div>\n<\/div>\n<\/div>\n<\/div>\n<p class=\"sarrera\">Vaciar completamente los envases, limpiar y plegarlos.<\/p>\n<p class=\"sarrera\">Depositar separadamente los envases y sus tapas.<\/p>\n<p class=\"sarrera\">No dejar los envases dentro de una bolsa de pl\u00e1stico; vaciarla en el contenedor y luego depositarla all\u00ed mismo.<\/p>\n<p class=\"sarrera\">Se lleva a la Planta de selecci\u00f3n de Urnieta, donde se clasifican los diferentes materiales y se env\u00edan a las empresas de reciclajes.<\/p>\n<p class=\"sarrera\">Mediante m\u00e1quinas de los envases de pl\u00e1stico (despu\u00e9s de clasificarlos) se obtiene la \u00abgranza\u00bb, que son peque\u00f1as part\u00edculas parecidas a los granos de arroz. Con esta granza se fabrican nuevas tuber\u00edas y contenedores, entre otros.<\/p>\n<p class=\"sarrera\">De los tetrabiks se recupera el 100% del cart\u00f3n y se fabrica papel \u00abKraft\u00bb. Los metales se llevan a plantas de trabajos de aluminio o acero y se fabrican nuevos botes o sirven de materia prima respectivamente.<\/p>\n<\/div>\n<\/article>\n<article class=\"list-group-item\">\n<header class=\"filter-header\"> <a href=\"#\" data-toggle=\"collapse\" data-target=\"#collapse5\" rel=\"noopener noreferrer\"> <i class=\"icon-action fa fa-chevron-down\"><\/i><\/p>\n<h6 class=\"title\"><img decoding=\"async\" src=\"https:\/\/tolosaldekomankomunitatea.eus\/\/wp-content\/themes\/tolosaldea\/img\/icon-arropa.png\" \/>ROPA Y TELAS<\/h6>\n<p><\/a> <\/header>\n<div id=\"collapse5\" class=\"filter-content collapse\">\n<div class=\"row\">\n<div class=\"col-sm-6\">\n<div class=\"card\">\n<div class=\"card-header bai\"><i class=\"fa fa-check-circle\"><\/i> S\u00cd<\/div>\n<div class=\"card-body\">\n<ul>\n<li>Ropas que no se usan o han quedado anticuadas (vestidos, cinturones, calzado,&#8230;)<\/li>\n<li>Ropa de cama (s\u00e1banas, mantas,&#8230;)<\/li>\n<li>Telas, trapos<\/li>\n<\/ul>\n<\/div>\n<\/div>\n<\/div>\n<div class=\"col-sm-6\">\n<div class=\"card\">\n<div class=\"card-header ez\"><i class=\"fa fa-ban\"><\/i> NO<\/div>\n<div class=\"card-body\">\n<ul>\n<li>Tejidos manchados con grasa o aceite.<\/li>\n<\/ul>\n<\/div>\n<\/div>\n<\/div>\n<\/div>\n<p class=\"sarrera\">En peque\u00f1as bolsas de pl\u00e1stico.<\/p>\n<p class=\"sarrera\">La ropa vieja recogida, primeramente se clasifica, se limpia y se plancha. Posteriormente se reutiliza, entreg\u00e1ndolo a ONGs o vendi\u00e9ndolo como ropa de 2\u00aa mano. Las ropas que no se pueden usar, sirven para hacer trapos de limpieza, borradores de pizarras, material aislante, rellenos de silla, etc.<\/p>\n<\/div>\n<\/article>\n<article class=\"list-group-item\">\n<header class=\"filter-header\"> <a href=\"#\" data-toggle=\"collapse\" data-target=\"#collapse6\" rel=\"noopener noreferrer\"> <i class=\"icon-action fa fa-chevron-down\"><\/i><\/p>\n<h6 class=\"title\"><img decoding=\"async\" src=\"https:\/\/tolosaldekomankomunitatea.eus\/\/wp-content\/themes\/tolosaldea\/img\/icon-olioa.png\" \/>ACEITE DE COCINA<\/h6>\n<p><\/a> <\/header>\n<div id=\"collapse6\" class=\"filter-content collapse\">\n<div class=\"row\">\n<div class=\"col-sm-6\">\n<div class=\"card\">\n<div class=\"card-header bai\"><i class=\"fa fa-check-circle\"><\/i> S\u00cd<\/div>\n<div class=\"card-body\">\n<ul>\n<li>Aceite usado en cocina.<\/li>\n<\/ul>\n<\/div>\n<\/div>\n<\/div>\n<div class=\"col-sm-6\">\n<div class=\"card\">\n<div class=\"card-header ez\"><i class=\"fa fa-ban\"><\/i> NO<\/div>\n<div class=\"card-body\">\n<ul>\n<li>Aceite de coches. Para ello, utilizar las casetas de reciclaje de residuos peigrosos de origen dom\u00e9stico o llevar al garbigune de Andoain o Tolosa.<\/li>\n<\/ul>\n<\/div>\n<\/div>\n<\/div>\n<\/div>\n<p class=\"sarrera\">En botellas de pl\u00e1stico o bricks, bien cerrados, dentro del contenedor. No se recomienda el uso de botellas o tarros de cristal porque al depositarse en el contenedor pueden romperse.<\/p>\n<p class=\"sarrera\">El aceite usado que se recoge se recicla. Se utiliza para fabricar biodi\u00e9sel que se utiliza en la mayor\u00eda de motores di\u00e9sel como sustituto del gas\u00f3leo. Es un carburante ecol\u00f3gico, aportando importantes beneficios medioambientales, ya que se trata de un combustible renovable y biodegradable que mejora la combusti\u00f3n reduciendo la emisi\u00f3n de gases de efecto invernadero hasta un 85% y otras sustancias perjudiciales para la salud como el azufre y el benceno.<\/p>\n<\/div>\n<\/article>\n<article class=\"list-group-item\">\n<header class=\"filter-header\"> <a href=\"#\" data-toggle=\"collapse\" data-target=\"#collapse7\" rel=\"noopener noreferrer\"> <i class=\"icon-action fa fa-chevron-down\"><\/i><\/p>\n<h6 class=\"title\"><img decoding=\"async\" src=\"https:\/\/tolosaldekomankomunitatea.eus\/\/wp-content\/themes\/tolosaldea\/img\/icon-pilak.png\" \/>PILAS<\/h6>\n<p><\/a> <\/header>\n<div id=\"collapse7\" class=\"filter-content collapse\">\n<div class=\"row\">\n<div class=\"col-sm-6\">\n<div class=\"card\">\n<div class=\"card-header bai\"><i class=\"fa fa-check-circle\"><\/i> S\u00cd<\/div>\n<div class=\"card-body\">\n<ul>\n<li>Pilas (salinas, alcalinas,&#8230;)<\/li>\n<li>Pilas de bot\u00f3n<\/li>\n<li>Acumuladores<\/li>\n<\/ul>\n<\/div>\n<\/div>\n<\/div>\n<div class=\"col-sm-6\">\n<div class=\"card\">\n<div class=\"card-header ez\"><i class=\"fa fa-ban\"><\/i> NO<\/div>\n<div class=\"card-body\">\n<ul>\n<li>Telefono kargatzaileak.<\/li>\n<li>Karkasa edo aparatu elektrikoak.<\/li>\n<li>Urrutiko aginte tresnak.<\/li>\n<\/ul>\n<\/div>\n<\/div>\n<\/div>\n<\/div>\n<p class=\"sarrera\">Se deben enchar las pilas una a una y sin ning\u00fan tipo de envase o bolsa.<\/p>\n<p class=\"sarrera\">Se env\u00edan a empresas de reciclaje. Con procesos como el triturado y la destilaci\u00f3n, se consigue recuperar el mercurio de las pilas de bot\u00f3n y el zinc, acero, n\u00edquel y cadmio de las pilas normales. Todos estos elementos, despu\u00e9s se usan como materia prima.<\/p>\n<\/div>\n<\/article>\n<article class=\"list-group-item\">\n<header class=\"filter-header\"> <a href=\"#\" data-toggle=\"collapse\" data-target=\"#collapse8\" rel=\"noopener noreferrer\"> <i class=\"icon-action fa fa-chevron-down\"><\/i><\/p>\n<h6 class=\"title\"><img decoding=\"async\" src=\"https:\/\/tolosaldekomankomunitatea.eus\/\/wp-content\/themes\/tolosaldea\/img\/icon-errefusa.png\" \/>RECHAZO<\/h6>\n<p><\/a> <\/p>\n<div id=\"collapse8\" class=\"filter-content collapse\">\n<div class=\"row\">\n<div class=\"col-sm-6\">\n<div class=\"card\">\n<div class=\"card-header bai\"> <i class=\"fa fa-check-circle\"><\/i> S\u00cd<\/div>\n<div class=\"card-body\">\n<ul>\n<li>Fracciones no reutilizables ni reciclables<\/li>\n<li>Compresas<\/li>\n<li>Pa\u00f1ales<\/li>\n<li>Preservativos<\/li>\n<li>Boligrafos<\/li>\n<li>Juguetes rotos<\/li>\n<li>Vasos y platos cer\u00e1micos<\/li>\n<li>Colillas<\/li>\n<li>Barreduras, etc.<\/li>\n<\/ul>\n<\/div>\n<\/div>\n<\/div>\n<div class=\"col-sm-6\">\n<div class=\"card\">\n<div class=\"card-header ez\"><i class=\"fa fa-ban\"><\/i> NO<\/div>\n<div class=\"card-body\">\n<ul>\n<li>Fracciones reutilizables o reciclables: envases de vidrio o pl\u00e1stico, latas, envases met\u00e1licos, brick, papel, cart\u00f3n, ropa, calzado.<\/li>\n<li>Residuos peligrosos del hogar: pilas, pinturas, fluorescentes, baterias, electrodom\u00e9sticos, aceites,\u2026<\/li>\n<\/ul>\n<\/div>\n<\/div>\n<\/div>\n<\/div>\n<p class=\"sarrera\">Debe contener residuo no recicable destinada a eliminaci\u00f3n.<\/p>\n<p class=\"sarrera\">Los residuos deben depositarse dentro de los contenedores, en bolsas bien cerradas.<\/p>\n<p class=\"sarrera\">Los residuos recogidos mediante camiones compactadores se vac\u00edan en la planta de transferencia de Sasieta, y de ah\u00ed se llevan al vertedero.<\/p>\n<\/div>\n<\/article>\n<\/div>\n<\/div>\n<\/div>\n<\/div>\n<\/div>\n<\/section>\n","protected":false},"excerpt":{"rendered":"<p>ORG\u00c1NICO S\u00cd Frutas y verduras. Haragi, arrain eta itsaski zatiak, hezurrak. Arraultza eta fruitu lehor azalak. Sukaldeko janari eta kafe hondarrak. Sukaldeko papera eta ezpainzapi zikinak. Loreak, landareak eta lorategiko belarrak. NO Tierra, ramas, troncos. Aceite Compresas Pa\u00f1ales Excrementos de animales Colillas de tabaco Residuos vegetales como residuos animales, cocinados o sin cocinar. Dentro del [&hellip;]<\/p>\n","protected":false},"author":1,"featured_media":0,"parent":0,"menu_order":0,"comment_status":"closed","ping_status":"closed","template":"template-zerbitzuak.php","meta":{"_acf_changed":false,"footnotes":""},"class_list":["post-5200","page","type-page","status-publish","hentry"],"acf":[],"yoast_head":"<!-- This site is optimized with the Yoast SEO plugin v25.3.1 - https:\/\/yoast.com\/wordpress\/plugins\/seo\/ -->\n<title>Correcta clasificaci\u00f3n de residuos - Tolosaldeako Mankomunitatea<\/title>\n<meta name=\"robots\" content=\"index, follow, max-snippet:-1, max-image-preview:large, max-video-preview:-1\" \/>\n<link rel=\"canonical\" href=\"https:\/\/tolosaldekomankomunitatea.eus\/es\/correcta-clasificacion-de-residuos\/\" \/>\n<meta property=\"og:locale\" content=\"es_ES\" \/>\n<meta property=\"og:type\" content=\"article\" \/>\n<meta property=\"og:title\" content=\"Correcta clasificaci\u00f3n de residuos - Tolosaldeako Mankomunitatea\" \/>\n<meta property=\"og:description\" content=\"ORG\u00c1NICO S\u00cd Frutas y verduras. Haragi, arrain eta itsaski zatiak, hezurrak. Arraultza eta fruitu lehor azalak. Sukaldeko janari eta kafe hondarrak. Sukaldeko papera eta ezpainzapi zikinak. Loreak, landareak eta lorategiko belarrak. NO Tierra, ramas, troncos. Aceite Compresas Pa\u00f1ales Excrementos de animales Colillas de tabaco Residuos vegetales como residuos animales, cocinados o sin cocinar. Dentro del [&hellip;]\" \/>\n<meta property=\"og:url\" content=\"https:\/\/tolosaldekomankomunitatea.eus\/es\/correcta-clasificacion-de-residuos\/\" \/>\n<meta property=\"og:site_name\" content=\"Tolosaldeako Mankomunitatea\" \/>\n<meta property=\"article:modified_time\" content=\"2019-06-10T08:11:48+00:00\" \/>\n<meta property=\"og:image\" content=\"https:\/\/tolosaldekomankomunitatea.eus\/\/wp-content\/themes\/tolosaldea\/img\/icon-organikoa.png\" \/>\n<meta name=\"twitter:card\" content=\"summary_large_image\" \/>\n<meta name=\"twitter:label1\" content=\"Tiempo de lectura\" \/>\n\t<meta name=\"twitter:data1\" content=\"5 minutos\" \/>\n<script type=\"application\/ld+json\" class=\"yoast-schema-graph\">{\"@context\":\"https:\/\/schema.org\",\"@graph\":[{\"@type\":\"WebPage\",\"@id\":\"https:\/\/tolosaldekomankomunitatea.eus\/es\/correcta-clasificacion-de-residuos\/\",\"url\":\"https:\/\/tolosaldekomankomunitatea.eus\/es\/correcta-clasificacion-de-residuos\/\",\"name\":\"Correcta clasificaci\u00f3n de residuos - Tolosaldeako Mankomunitatea\",\"isPartOf\":{\"@id\":\"https:\/\/tolosaldekomankomunitatea.eus\/es\/#website\"},\"primaryImageOfPage\":{\"@id\":\"https:\/\/tolosaldekomankomunitatea.eus\/es\/correcta-clasificacion-de-residuos\/#primaryimage\"},\"image\":{\"@id\":\"https:\/\/tolosaldekomankomunitatea.eus\/es\/correcta-clasificacion-de-residuos\/#primaryimage\"},\"thumbnailUrl\":\"https:\/\/tolosaldekomankomunitatea.eus\/\/wp-content\/themes\/tolosaldea\/img\/icon-organikoa.png\",\"datePublished\":\"2018-12-10T21:39:45+00:00\",\"dateModified\":\"2019-06-10T08:11:48+00:00\",\"breadcrumb\":{\"@id\":\"https:\/\/tolosaldekomankomunitatea.eus\/es\/correcta-clasificacion-de-residuos\/#breadcrumb\"},\"inLanguage\":\"es\",\"potentialAction\":[{\"@type\":\"ReadAction\",\"target\":[\"https:\/\/tolosaldekomankomunitatea.eus\/es\/correcta-clasificacion-de-residuos\/\"]}]},{\"@type\":\"ImageObject\",\"inLanguage\":\"es\",\"@id\":\"https:\/\/tolosaldekomankomunitatea.eus\/es\/correcta-clasificacion-de-residuos\/#primaryimage\",\"url\":\"https:\/\/tolosaldekomankomunitatea.eus\/\/wp-content\/themes\/tolosaldea\/img\/icon-organikoa.png\",\"contentUrl\":\"https:\/\/tolosaldekomankomunitatea.eus\/\/wp-content\/themes\/tolosaldea\/img\/icon-organikoa.png\"},{\"@type\":\"BreadcrumbList\",\"@id\":\"https:\/\/tolosaldekomankomunitatea.eus\/es\/correcta-clasificacion-de-residuos\/#breadcrumb\",\"itemListElement\":[{\"@type\":\"ListItem\",\"position\":1,\"name\":\"\",\"item\":\"https:\/\/tolosaldekomankomunitatea.eus\/es\/\"},{\"@type\":\"ListItem\",\"position\":2,\"name\":\"Correcta clasificaci\u00f3n de residuos\"}]},{\"@type\":\"WebSite\",\"@id\":\"https:\/\/tolosaldekomankomunitatea.eus\/es\/#website\",\"url\":\"https:\/\/tolosaldekomankomunitatea.eus\/es\/\",\"name\":\"Tolosaldeako Mankomunitatea\",\"description\":\"Zurekin, alde ederra!\",\"potentialAction\":[{\"@type\":\"SearchAction\",\"target\":{\"@type\":\"EntryPoint\",\"urlTemplate\":\"https:\/\/tolosaldekomankomunitatea.eus\/es\/?s={search_term_string}\"},\"query-input\":{\"@type\":\"PropertyValueSpecification\",\"valueRequired\":true,\"valueName\":\"search_term_string\"}}],\"inLanguage\":\"es\"}]}<\/script>\n<!-- \/ Yoast SEO plugin. -->","yoast_head_json":{"title":"Correcta clasificaci\u00f3n de residuos - Tolosaldeako Mankomunitatea","robots":{"index":"index","follow":"follow","max-snippet":"max-snippet:-1","max-image-preview":"max-image-preview:large","max-video-preview":"max-video-preview:-1"},"canonical":"https:\/\/tolosaldekomankomunitatea.eus\/es\/correcta-clasificacion-de-residuos\/","og_locale":"es_ES","og_type":"article","og_title":"Correcta clasificaci\u00f3n de residuos - Tolosaldeako Mankomunitatea","og_description":"ORG\u00c1NICO S\u00cd Frutas y verduras. Haragi, arrain eta itsaski zatiak, hezurrak. Arraultza eta fruitu lehor azalak. Sukaldeko janari eta kafe hondarrak. Sukaldeko papera eta ezpainzapi zikinak. Loreak, landareak eta lorategiko belarrak. NO Tierra, ramas, troncos. Aceite Compresas Pa\u00f1ales Excrementos de animales Colillas de tabaco Residuos vegetales como residuos animales, cocinados o sin cocinar. Dentro del [&hellip;]","og_url":"https:\/\/tolosaldekomankomunitatea.eus\/es\/correcta-clasificacion-de-residuos\/","og_site_name":"Tolosaldeako Mankomunitatea","article_modified_time":"2019-06-10T08:11:48+00:00","og_image":[{"url":"https:\/\/tolosaldekomankomunitatea.eus\/\/wp-content\/themes\/tolosaldea\/img\/icon-organikoa.png","type":"","width":"","height":""}],"twitter_card":"summary_large_image","twitter_misc":{"Tiempo de lectura":"5 minutos"},"schema":{"@context":"https:\/\/schema.org","@graph":[{"@type":"WebPage","@id":"https:\/\/tolosaldekomankomunitatea.eus\/es\/correcta-clasificacion-de-residuos\/","url":"https:\/\/tolosaldekomankomunitatea.eus\/es\/correcta-clasificacion-de-residuos\/","name":"Correcta clasificaci\u00f3n de residuos - Tolosaldeako Mankomunitatea","isPartOf":{"@id":"https:\/\/tolosaldekomankomunitatea.eus\/es\/#website"},"primaryImageOfPage":{"@id":"https:\/\/tolosaldekomankomunitatea.eus\/es\/correcta-clasificacion-de-residuos\/#primaryimage"},"image":{"@id":"https:\/\/tolosaldekomankomunitatea.eus\/es\/correcta-clasificacion-de-residuos\/#primaryimage"},"thumbnailUrl":"https:\/\/tolosaldekomankomunitatea.eus\/\/wp-content\/themes\/tolosaldea\/img\/icon-organikoa.png","datePublished":"2018-12-10T21:39:45+00:00","dateModified":"2019-06-10T08:11:48+00:00","breadcrumb":{"@id":"https:\/\/tolosaldekomankomunitatea.eus\/es\/correcta-clasificacion-de-residuos\/#breadcrumb"},"inLanguage":"es","potentialAction":[{"@type":"ReadAction","target":["https:\/\/tolosaldekomankomunitatea.eus\/es\/correcta-clasificacion-de-residuos\/"]}]},{"@type":"ImageObject","inLanguage":"es","@id":"https:\/\/tolosaldekomankomunitatea.eus\/es\/correcta-clasificacion-de-residuos\/#primaryimage","url":"https:\/\/tolosaldekomankomunitatea.eus\/\/wp-content\/themes\/tolosaldea\/img\/icon-organikoa.png","contentUrl":"https:\/\/tolosaldekomankomunitatea.eus\/\/wp-content\/themes\/tolosaldea\/img\/icon-organikoa.png"},{"@type":"BreadcrumbList","@id":"https:\/\/tolosaldekomankomunitatea.eus\/es\/correcta-clasificacion-de-residuos\/#breadcrumb","itemListElement":[{"@type":"ListItem","position":1,"name":"","item":"https:\/\/tolosaldekomankomunitatea.eus\/es\/"},{"@type":"ListItem","position":2,"name":"Correcta clasificaci\u00f3n de residuos"}]},{"@type":"WebSite","@id":"https:\/\/tolosaldekomankomunitatea.eus\/es\/#website","url":"https:\/\/tolosaldekomankomunitatea.eus\/es\/","name":"Tolosaldeako Mankomunitatea","description":"Zurekin, alde ederra!","potentialAction":[{"@type":"SearchAction","target":{"@type":"EntryPoint","urlTemplate":"https:\/\/tolosaldekomankomunitatea.eus\/es\/?s={search_term_string}"},"query-input":{"@type":"PropertyValueSpecification","valueRequired":true,"valueName":"search_term_string"}}],"inLanguage":"es"}]}},"_links":{"self":[{"href":"https:\/\/tolosaldekomankomunitatea.eus\/es\/wp-json\/wp\/v2\/pages\/5200","targetHints":{"allow":["GET"]}}],"collection":[{"href":"https:\/\/tolosaldekomankomunitatea.eus\/es\/wp-json\/wp\/v2\/pages"}],"about":[{"href":"https:\/\/tolosaldekomankomunitatea.eus\/es\/wp-json\/wp\/v2\/types\/page"}],"author":[{"embeddable":true,"href":"https:\/\/tolosaldekomankomunitatea.eus\/es\/wp-json\/wp\/v2\/users\/1"}],"replies":[{"embeddable":true,"href":"https:\/\/tolosaldekomankomunitatea.eus\/es\/wp-json\/wp\/v2\/comments?post=5200"}],"version-history":[{"count":25,"href":"https:\/\/tolosaldekomankomunitatea.eus\/es\/wp-json\/wp\/v2\/pages\/5200\/revisions"}],"predecessor-version":[{"id":6230,"href":"https:\/\/tolosaldekomankomunitatea.eus\/es\/wp-json\/wp\/v2\/pages\/5200\/revisions\/6230"}],"wp:attachment":[{"href":"https:\/\/tolosaldekomankomunitatea.eus\/es\/wp-json\/wp\/v2\/media?parent=5200"}],"curies":[{"name":"wp","href":"https:\/\/api.w.org\/{rel}","templated":true}]}}