{"id":5185,"date":"2018-11-28T10:46:18","date_gmt":"2018-11-28T09:46:18","guid":{"rendered":"https:\/\/tolosaldekomankomunitatea.eus\/mancomunidad\/kontratatzailearen-profila\/"},"modified":"2019-05-17T13:06:12","modified_gmt":"2019-05-17T12:06:12","slug":"perfil-del-contratante","status":"publish","type":"page","link":"https:\/\/tolosaldekomankomunitatea.eus\/es\/mancomunidad\/perfil-del-contratante\/","title":{"rendered":"Perfil del contratante"},"content":{"rendered":"<div class=\"row\">\n<div class=\"col-12 col-md-8 offset-md-2\">\n<div class=\"panel-group kontratazioa\" id=\"accordion\" role=\"tablist\" aria-multiselectable=\"true\">\n<div class=\"panel panel-default\">\n<div class=\"panel-heading bggrisa\" role=\"tab\" id=\"headingOne\">\n<h5 class=\"panel-title\"><a role=\"button\" data-toggle=\"collapse\" data-parent=\"#accordion\" href=\"#collapseOne\" aria-expanded=\"false\" aria-controls=\"collapseOne\" class=\"collapsed\">Concurso para la contrataci\u00f3n del servicio de recogida y transporte de residuos urbanos en el \u00e1mbito territorial de los municipios que integran la Mancomunidad de Tolosaldea <span class=\"handitu gorria\">[cerrado]<\/span> <i class=\"fa fa-caret-down\"><\/i><\/a><\/h5>\n<\/div>\n<div id=\"collapseOne\" class=\"panel-collapse collapse\" role=\"tabpanel\" aria-labelledby=\"headingOne\" aria-expanded=\"false\" style=\"height: 0px;\">\n<div class=\"panel-body\">\n<ul>\n<li><a href=\"\" target=\"blank\" rel=\"noopener noreferrer\">Anuncio licitaci\u00f3n DOUE <i class=\"fa fa-arrow-circle-o-down\"><\/i> <span class=\"handitu gorria\">[cerrado]<\/span><\/a><\/li>\n<li><a href=\"\" target=\"blank\" rel=\"noopener noreferrer\">Pliego de Cl\u00e1usulas Administrativas Particulares <i class=\"fa fa-arrow-circle-o-down\"><\/i> <span class=\"handitu gorria\">[cerrado]<\/span><\/a><\/li>\n<li><a href=\"\" target=\"blank\" rel=\"noopener noreferrer\">Pliego de Prescripciones T\u00e9cnicas <i class=\"fa fa-arrow-circle-o-down\"><\/i> <span class=\"handitu gorria\">[cerrado]<\/span><\/a><\/li>\n<li><a href=\"\" target=\"blank\" rel=\"noopener noreferrer\">Aclaraciones y correcci\u00f3n de errores <i class=\"fa fa-arrow-circle-o-down\"><\/i> <span class=\"handitu gorria\">[cerrado]<\/span><\/a><\/li>\n<li><a href=\"\" target=\"blank\" rel=\"noopener noreferrer\">Mesa de contrataci\u00f3n <i class=\"fa fa-arrow-circle-o-down\"><\/i> <span class=\"handitu gorria\">[cerrado]<\/span><\/a><\/li>\n<li><a href=\"\" target=\"blank\" rel=\"noopener noreferrer\">Fichas veh\u00edculos objeto de cesi\u00f3n <i class=\"fa fa-arrow-circle-o-down\"><\/i> <span class=\"handitu gorria\">[cerrado]<\/span><\/a><\/li>\n<li><a href=\"\" target=\"blank\" rel=\"noopener noreferrer\">ACTA: Apertura sobra A <i class=\"fa fa-arrow-circle-o-down\"><\/i> <span class=\"handitu gorria\">[cerrado]<\/span><\/a><\/li>\n<li><a href=\"\" target=\"blank\" rel=\"noopener noreferrer\">Apertura sobre B: Criterios de valoraci\u00f3n que dependen de un juicio de valor <i class=\"fa fa-arrow-circle-o-down\"><\/i> <span class=\"handitu gorria\">[cerrado]<\/span><\/a><\/li>\n<li><a href=\"\" target=\"blank\" rel=\"noopener noreferrer\">Apertura sobre C: Proposici\u00f3n econ\u00f3mica <i class=\"fa fa-arrow-circle-o-down\"><\/i> <span class=\"handitu gorria\">[cerrado]<\/span><\/a><\/li>\n<li><a href=\"\" target=\"blank\" rel=\"noopener noreferrer\">ACTA: Apertura sobre C <i class=\"fa fa-arrow-circle-o-down\"><\/i> <span class=\"handitu gorria\">[cerrado]<\/span><\/a><\/li>\n<li><a href=\"\" target=\"blank\" rel=\"noopener noreferrer\">ACUERDO DE ASAMBLEA DE ADJUDICACI\u00d3N <i class=\"fa fa-arrow-circle-o-down\"><\/i> <span class=\"handitu gorria\">[cerrado]<\/span><\/a><\/li>\n<\/ul>\n<\/div>\n<\/div>\n<\/div>\n<div class=\"panel panel-default\">\n<div class=\"panel-heading bggrisa\" role=\"tab\" id=\"headingTwo\">\n<h5 class=\"panel-title\"><a class=\"collapsed\" role=\"button\" data-toggle=\"collapse\" data-parent=\"#accordion\" href=\"#collapseTwo\" aria-expanded=\"false\" aria-controls=\"collapseTwo\">Concurso: Suministro de Casas de reciclaje de residuos peligrosos de origen dom\u00e9stico (11\/05\/2017) <span class=\"handitu gorria\">[cerrado]<\/span> <i class=\"fa fa-caret-down\"><\/i><\/a><\/h5>\n<\/div>\n<div id=\"collapseTwo\" class=\"panel-collapse collapse\" role=\"tabpanel\" aria-labelledby=\"headingTwo\" aria-expanded=\"false\">\n<div class=\"panel-body\">\n<ul class=\"estilorik-ez\">\n<li><a href=\"\" target=\"blank\" rel=\"noopener noreferrer\">Anuncio licitaci\u00f3n BOG <i class=\"fa fa-arrow-circle-o-down\"><\/i> <span class=\"handitu gorria\">[cerrado]<\/span><\/a><\/li>\n<li><a href=\"\" target=\"blank\" rel=\"noopener noreferrer\">Pliego de Cl\u00e1usulas Administrativas Particulares <i class=\"fa fa-arrow-circle-o-down\"><\/i> <span class=\"handitu gorria\">[cerrado]<\/span><\/a><\/li>\n<li><a href=\"\" target=\"blank\" rel=\"noopener noreferrer\">Pliego de Prescripciones T\u00e9cnicas <i class=\"fa fa-arrow-circle-o-down\"><\/i> <span class=\"handitu gorria\">[cerrado]<\/span><\/a><\/li>\n<li><a href=\"\" target=\"blank\" rel=\"noopener noreferrer\">Apertura sobre C: Documentaci\u00f3n cuya ponderaci\u00f3n depende de un juicio de valor <i class=\"fa fa-arrow-circle-o-down\"><\/i> <span class=\"handitu gorria\">[cerrado]<\/span><\/a><\/li>\n<li><a href=\"\" target=\"blank\" rel=\"noopener noreferrer\">Apertura sobre B: Proposici\u00f3n econ\u00f3mica y documentaci\u00f3n cuantificable de forma autom\u00e1tica <i class=\"fa fa-arrow-circle-o-down\"><\/i> <span class=\"handitu gorria\">[cerrado]<\/span><\/a><\/li>\n<li><a href=\"\" target=\"blank\" rel=\"noopener noreferrer\">Adjudicaci\u00f3n <i class=\"fa fa-arrow-circle-o-down\"><\/i> <span class=\"handitu gorria\">[cerrado]<\/span><\/a><\/li>\n<\/ul>\n<\/div>\n<\/div>\n<\/div>\n<\/div>\n<\/div>\n<\/div>\n","protected":false},"excerpt":{"rendered":"<p>Concurso para la contrataci\u00f3n del servicio de recogida y transporte de residuos urbanos en el \u00e1mbito territorial de los municipios que integran la Mancomunidad de Tolosaldea [cerrado] Anuncio licitaci\u00f3n DOUE [cerrado] Pliego de Cl\u00e1usulas Administrativas Particulares [cerrado] Pliego de Prescripciones T\u00e9cnicas [cerrado] Aclaraciones y correcci\u00f3n de errores [cerrado] Mesa de contrataci\u00f3n [cerrado] Fichas veh\u00edculos objeto [&hellip;]<\/p>\n","protected":false},"author":1,"featured_media":0,"parent":5125,"menu_order":0,"comment_status":"closed","ping_status":"closed","template":"template-kontratazioa.php","meta":{"_acf_changed":false,"footnotes":""},"class_list":["post-5185","page","type-page","status-publish","hentry"],"acf":[],"yoast_head":"<!-- This site is optimized with the Yoast SEO plugin v25.3.1 - https:\/\/yoast.com\/wordpress\/plugins\/seo\/ -->\n<title>Perfil del contratante - Tolosaldeako Mankomunitatea<\/title>\n<meta name=\"robots\" content=\"index, follow, max-snippet:-1, max-image-preview:large, max-video-preview:-1\" \/>\n<link rel=\"canonical\" href=\"https:\/\/tolosaldekomankomunitatea.eus\/es\/mancomunidad\/perfil-del-contratante\/\" \/>\n<meta property=\"og:locale\" content=\"es_ES\" \/>\n<meta property=\"og:type\" content=\"article\" \/>\n<meta property=\"og:title\" content=\"Perfil del contratante - Tolosaldeako Mankomunitatea\" \/>\n<meta property=\"og:description\" content=\"Concurso para la contrataci\u00f3n del servicio de recogida y transporte de residuos urbanos en el \u00e1mbito territorial de los municipios que integran la Mancomunidad de Tolosaldea [cerrado] Anuncio licitaci\u00f3n DOUE [cerrado] Pliego de Cl\u00e1usulas Administrativas Particulares [cerrado] Pliego de Prescripciones T\u00e9cnicas [cerrado] Aclaraciones y correcci\u00f3n de errores [cerrado] Mesa de contrataci\u00f3n [cerrado] Fichas veh\u00edculos objeto [&hellip;]\" \/>\n<meta property=\"og:url\" content=\"https:\/\/tolosaldekomankomunitatea.eus\/es\/mancomunidad\/perfil-del-contratante\/\" \/>\n<meta property=\"og:site_name\" content=\"Tolosaldeako Mankomunitatea\" \/>\n<meta property=\"article:modified_time\" content=\"2019-05-17T12:06:12+00:00\" \/>\n<meta name=\"twitter:card\" content=\"summary_large_image\" \/>\n<meta name=\"twitter:label1\" content=\"Tiempo de lectura\" \/>\n\t<meta name=\"twitter:data1\" content=\"1 minuto\" \/>\n<script type=\"application\/ld+json\" class=\"yoast-schema-graph\">{\"@context\":\"https:\/\/schema.org\",\"@graph\":[{\"@type\":\"WebPage\",\"@id\":\"https:\/\/tolosaldekomankomunitatea.eus\/es\/mancomunidad\/perfil-del-contratante\/\",\"url\":\"https:\/\/tolosaldekomankomunitatea.eus\/es\/mancomunidad\/perfil-del-contratante\/\",\"name\":\"Perfil del contratante - Tolosaldeako Mankomunitatea\",\"isPartOf\":{\"@id\":\"https:\/\/tolosaldekomankomunitatea.eus\/es\/#website\"},\"datePublished\":\"2018-11-28T09:46:18+00:00\",\"dateModified\":\"2019-05-17T12:06:12+00:00\",\"breadcrumb\":{\"@id\":\"https:\/\/tolosaldekomankomunitatea.eus\/es\/mancomunidad\/perfil-del-contratante\/#breadcrumb\"},\"inLanguage\":\"es\",\"potentialAction\":[{\"@type\":\"ReadAction\",\"target\":[\"https:\/\/tolosaldekomankomunitatea.eus\/es\/mancomunidad\/perfil-del-contratante\/\"]}]},{\"@type\":\"BreadcrumbList\",\"@id\":\"https:\/\/tolosaldekomankomunitatea.eus\/es\/mancomunidad\/perfil-del-contratante\/#breadcrumb\",\"itemListElement\":[{\"@type\":\"ListItem\",\"position\":1,\"name\":\"\",\"item\":\"https:\/\/tolosaldekomankomunitatea.eus\/es\/\"},{\"@type\":\"ListItem\",\"position\":2,\"name\":\"Mancomunidad\",\"item\":\"https:\/\/tolosaldekomankomunitatea.eus\/es\/mancomunidad\/\"},{\"@type\":\"ListItem\",\"position\":3,\"name\":\"Perfil del contratante\"}]},{\"@type\":\"WebSite\",\"@id\":\"https:\/\/tolosaldekomankomunitatea.eus\/es\/#website\",\"url\":\"https:\/\/tolosaldekomankomunitatea.eus\/es\/\",\"name\":\"Tolosaldeako Mankomunitatea\",\"description\":\"Zurekin, alde ederra!\",\"potentialAction\":[{\"@type\":\"SearchAction\",\"target\":{\"@type\":\"EntryPoint\",\"urlTemplate\":\"https:\/\/tolosaldekomankomunitatea.eus\/es\/?s={search_term_string}\"},\"query-input\":{\"@type\":\"PropertyValueSpecification\",\"valueRequired\":true,\"valueName\":\"search_term_string\"}}],\"inLanguage\":\"es\"}]}<\/script>\n<!-- \/ Yoast SEO plugin. -->","yoast_head_json":{"title":"Perfil del contratante - Tolosaldeako Mankomunitatea","robots":{"index":"index","follow":"follow","max-snippet":"max-snippet:-1","max-image-preview":"max-image-preview:large","max-video-preview":"max-video-preview:-1"},"canonical":"https:\/\/tolosaldekomankomunitatea.eus\/es\/mancomunidad\/perfil-del-contratante\/","og_locale":"es_ES","og_type":"article","og_title":"Perfil del contratante - Tolosaldeako Mankomunitatea","og_description":"Concurso para la contrataci\u00f3n del servicio de recogida y transporte de residuos urbanos en el \u00e1mbito territorial de los municipios que integran la Mancomunidad de Tolosaldea [cerrado] Anuncio licitaci\u00f3n DOUE [cerrado] Pliego de Cl\u00e1usulas Administrativas Particulares [cerrado] Pliego de Prescripciones T\u00e9cnicas [cerrado] Aclaraciones y correcci\u00f3n de errores [cerrado] Mesa de contrataci\u00f3n [cerrado] Fichas veh\u00edculos objeto [&hellip;]","og_url":"https:\/\/tolosaldekomankomunitatea.eus\/es\/mancomunidad\/perfil-del-contratante\/","og_site_name":"Tolosaldeako Mankomunitatea","article_modified_time":"2019-05-17T12:06:12+00:00","twitter_card":"summary_large_image","twitter_misc":{"Tiempo de lectura":"1 minuto"},"schema":{"@context":"https:\/\/schema.org","@graph":[{"@type":"WebPage","@id":"https:\/\/tolosaldekomankomunitatea.eus\/es\/mancomunidad\/perfil-del-contratante\/","url":"https:\/\/tolosaldekomankomunitatea.eus\/es\/mancomunidad\/perfil-del-contratante\/","name":"Perfil del contratante - Tolosaldeako Mankomunitatea","isPartOf":{"@id":"https:\/\/tolosaldekomankomunitatea.eus\/es\/#website"},"datePublished":"2018-11-28T09:46:18+00:00","dateModified":"2019-05-17T12:06:12+00:00","breadcrumb":{"@id":"https:\/\/tolosaldekomankomunitatea.eus\/es\/mancomunidad\/perfil-del-contratante\/#breadcrumb"},"inLanguage":"es","potentialAction":[{"@type":"ReadAction","target":["https:\/\/tolosaldekomankomunitatea.eus\/es\/mancomunidad\/perfil-del-contratante\/"]}]},{"@type":"BreadcrumbList","@id":"https:\/\/tolosaldekomankomunitatea.eus\/es\/mancomunidad\/perfil-del-contratante\/#breadcrumb","itemListElement":[{"@type":"ListItem","position":1,"name":"","item":"https:\/\/tolosaldekomankomunitatea.eus\/es\/"},{"@type":"ListItem","position":2,"name":"Mancomunidad","item":"https:\/\/tolosaldekomankomunitatea.eus\/es\/mancomunidad\/"},{"@type":"ListItem","position":3,"name":"Perfil del contratante"}]},{"@type":"WebSite","@id":"https:\/\/tolosaldekomankomunitatea.eus\/es\/#website","url":"https:\/\/tolosaldekomankomunitatea.eus\/es\/","name":"Tolosaldeako Mankomunitatea","description":"Zurekin, alde ederra!","potentialAction":[{"@type":"SearchAction","target":{"@type":"EntryPoint","urlTemplate":"https:\/\/tolosaldekomankomunitatea.eus\/es\/?s={search_term_string}"},"query-input":{"@type":"PropertyValueSpecification","valueRequired":true,"valueName":"search_term_string"}}],"inLanguage":"es"}]}},"_links":{"self":[{"href":"https:\/\/tolosaldekomankomunitatea.eus\/es\/wp-json\/wp\/v2\/pages\/5185","targetHints":{"allow":["GET"]}}],"collection":[{"href":"https:\/\/tolosaldekomankomunitatea.eus\/es\/wp-json\/wp\/v2\/pages"}],"about":[{"href":"https:\/\/tolosaldekomankomunitatea.eus\/es\/wp-json\/wp\/v2\/types\/page"}],"author":[{"embeddable":true,"href":"https:\/\/tolosaldekomankomunitatea.eus\/es\/wp-json\/wp\/v2\/users\/1"}],"replies":[{"embeddable":true,"href":"https:\/\/tolosaldekomankomunitatea.eus\/es\/wp-json\/wp\/v2\/comments?post=5185"}],"version-history":[{"count":5,"href":"https:\/\/tolosaldekomankomunitatea.eus\/es\/wp-json\/wp\/v2\/pages\/5185\/revisions"}],"predecessor-version":[{"id":5190,"href":"https:\/\/tolosaldekomankomunitatea.eus\/es\/wp-json\/wp\/v2\/pages\/5185\/revisions\/5190"}],"up":[{"embeddable":true,"href":"https:\/\/tolosaldekomankomunitatea.eus\/es\/wp-json\/wp\/v2\/pages\/5125"}],"wp:attachment":[{"href":"https:\/\/tolosaldekomankomunitatea.eus\/es\/wp-json\/wp\/v2\/media?parent=5185"}],"curies":[{"name":"wp","href":"https:\/\/api.w.org\/{rel}","templated":true}]}}