{"id":5117,"date":"2018-11-27T14:17:59","date_gmt":"2018-11-27T13:17:59","guid":{"rendered":"https:\/\/tolosaldekomankomunitatea.eus\/mankomunitatea-eta-bere-kideak\/"},"modified":"2021-03-17T09:53:36","modified_gmt":"2021-03-17T08:53:36","slug":"la-mancomunidad-y-sus-miembros","status":"publish","type":"page","link":"https:\/\/tolosaldekomankomunitatea.eus\/es\/mancomunidad\/la-mancomunidad-y-sus-miembros\/","title":{"rendered":"La Mancomunidad y sus miembros"},"content":{"rendered":"<div class=\"kokapena\">\n<div class=\"row\">\n<div class=\"col-12\">\n<h2 class=\"text-center\">La Mancomunidad<\/h2>\n<p>La Mancomunidad de Tolosaldea es un organismo p\u00fablico fundado en 1998. Est\u00e1 formado por 28 municipios suponiendo un total de 62.634 habitantes (seg\u00fan \u00faltimos datos al 01\/01\/2020). Los objetivos principales de la Mancomunidad de Tolosaldea son:<\/p>\n<ul>\n<li><i class=\"fa fa-check\"><\/i> La gesti\u00f3n de los residuos urbanos generados en los municipios que la componen.<\/li>\n<li><i class=\"fa fa-check\"><\/i> Impulsar acciones encaminadas a la reducci\u00f3n, reutilizaci\u00f3n y reciclado de los residuos urbanos.<\/li>\n<li><i class=\"fa fa-check\"><\/i> Realizaci\u00f3n de campa\u00f1as de comunicaci\u00f3n y sensibilizaci\u00f3n ciudadana.<\/li>\n<\/ul>\n<\/div>\n<\/div>\n<div class=\"row\">\n<div class=\"col-12\">\n<h2 class=\"text-center\">Miembros de la Mancomunidad<\/h2>\n<\/div>\n<div class=\"col-12 col-md-6\">\n<p><img decoding=\"async\" class=\"alignnone\" src=\"https:\/\/tolosaldekomankomunitatea.eus\/wp-content\/uploads\/2018\/12\/tolosaldeko-mankomunitatearen-mapa.png\" alt=\"\" width=\"100%\" height=\"auto\" \/><\/p>\n<\/div>\n<div class=\"col-12 col-md-6\">\n<table class=\"table table-striped\">\n<thead>\n<tr>\n<th>MUNICIPIO<\/th>\n<th style=\"text-align: center;\">HABITANTES (2020)<\/th>\n<\/tr>\n<\/thead>\n<tbody>\n<tr>\n<td><a title=\"Abaltzisketako Udala\" href=\"http:\/\/www.abaltzisketa.net\/eu\/html\/\" target=\"_blank\" rel=\"noopener noreferrer\">Abaltzisketa<\/a><\/td>\n<td style=\"text-align: center;\">318<\/td>\n<\/tr>\n<tr>\n<td><a title=\"Adunako Udala\" href=\"http:\/\/www.aduna.net\/eu\/html\/\" target=\"_blank\" rel=\"noopener noreferrer\">Aduna<\/a><\/td>\n<td style=\"text-align: center;\">472<\/td>\n<\/tr>\n<tr>\n<td><a title=\"Albizturgo Udala\" href=\"http:\/\/www.albiztur.com\/eu\/html\/\" target=\"_blank\" rel=\"noopener noreferrer\">Albiztur<\/a><\/td>\n<td style=\"text-align: center;\">302<\/td>\n<\/tr>\n<tr>\n<td><a title=\"Alegiako Udala\" href=\"http:\/\/www.alegia.eu\/\" target=\"_blank\" rel=\"noopener noreferrer\">Alegia<\/a><\/td>\n<td style=\"text-align: center;\">1.768<\/td>\n<\/tr>\n<tr>\n<td><a title=\"Alkizako Udala\" href=\"http:\/\/www.alkiza.eus\/eu\/\" target=\"_blank\" rel=\"noopener noreferrer\">Alkiza<\/a><\/td>\n<td style=\"text-align: center;\">371<\/td>\n<\/tr>\n<tr>\n<td><a title=\"Altzoko Udala\" href=\"http:\/\/www.altzo.net\/eu\/html\/\" target=\"_blank\" rel=\"noopener noreferrer\">Altzo<\/a><\/td>\n<td style=\"text-align: center;\">460<\/td>\n<\/tr>\n<tr>\n<td><a title=\"Amezketako Udala\" href=\"http:\/\/www.amezketa.eus\/\" target=\"_blank\" rel=\"noopener noreferrer\">Amezketa<\/a><\/td>\n<td style=\"text-align: center;\">935<\/td>\n<\/tr>\n<tr>\n<td><a title=\"Andoaingo Udala\" href=\"http:\/\/www.andoain.org\/eu\/html\/\" target=\"_blank\" rel=\"noopener noreferrer\">Andoain<\/a><\/td>\n<td style=\"text-align: center;\">14.691<\/td>\n<\/tr>\n<tr>\n<td><a title=\"Anoetako Udala\" href=\"http:\/\/www.anoeta.net\/eu\/html\/index.shtml\" target=\"_blank\" rel=\"noopener noreferrer\">Anoeta<\/a><\/td>\n<td style=\"text-align: center;\">2.085<\/td>\n<\/tr>\n<tr>\n<td><a title=\"Asteasuko Udala\" href=\"http:\/\/www.asteasu.eus\/eu\/hasiera\" target=\"_blank\" rel=\"noopener noreferrer\">Asteasu<\/a><\/td>\n<td style=\"text-align: center;\">1.561<\/td>\n<\/tr>\n<tr>\n<td><a title=\"Baliarraingo Udala\" href=\"http:\/\/www.baliarrain.net\/eu\/html\/\" target=\"_blank\" rel=\"noopener noreferrer\">Baliarrain<\/a><\/td>\n<td style=\"text-align: center;\">153<\/td>\n<\/tr>\n<tr>\n<td><a title=\"Belauntzako Udala\" href=\"http:\/\/www.belauntza.net\/eu\/html\/\" target=\"_blank\" rel=\"noopener noreferrer\">Belauntza<\/a><\/td>\n<td style=\"text-align: center;\">243<\/td>\n<\/tr>\n<tr>\n<td><a title=\"Berastegiko Udala\" href=\"http:\/\/www.berastegi.com\/eu\/html\/\" target=\"_blank\" rel=\"noopener noreferrer\">Berastegi<\/a><\/td>\n<td style=\"text-align: center;\">1.075<\/td>\n<\/tr>\n<tr>\n<td><a title=\"Berrobiko Udala\" href=\"http:\/\/www.berrobi.net\/eu\/html\/\" target=\"_blank\" rel=\"noopener noreferrer\">Berrobi<\/a><\/td>\n<td style=\"text-align: center;\">601<\/td>\n<\/tr>\n<tr>\n<td><a title=\"Elduaingo Udala\" href=\"http:\/\/www.elduain.com\/\" target=\"_blank\" rel=\"noopener noreferrer\">Elduain<\/a><\/td>\n<td style=\"text-align: center;\">243<\/td>\n<\/tr>\n<tr>\n<td><u>Gaztelu<\/u><\/td>\n<td style=\"text-align: center;\">154<\/td>\n<\/tr>\n<tr>\n<td><a title=\"Hernialdeko Udala\" href=\"http:\/\/www.hernialde.org\/\" target=\"_blank\" rel=\"noopener noreferrer\">Hernialde<\/a><\/td>\n<td style=\"text-align: center;\">303<\/td>\n<\/tr>\n<tr>\n<td><a title=\"Ibarrako Udala\" href=\"http:\/\/www.ibarrakoudala.net\/?sesion=14\" target=\"_blank\" rel=\"noopener noreferrer\">Ibarra<\/a><\/td>\n<td style=\"text-align: center;\">4.248<\/td>\n<\/tr>\n<tr>\n<td><a title=\"Ikaztegietako Udala\" href=\"http:\/\/www.ikaztegieta.com\/eu\/html\/\" target=\"_blank\" rel=\"noopener noreferrer\">Ikaztegieta<\/a><\/td>\n<td style=\"text-align: center;\">479<\/td>\n<\/tr>\n<tr>\n<td><a title=\"Irurako Udala\" href=\"http:\/\/www.irura.net\/eu\/html\/\" target=\"_blank\" rel=\"noopener noreferrer\">Irura<\/a><\/td>\n<td style=\"text-align: center;\">1.852<\/td>\n<\/tr>\n<tr>\n<td><a title=\"Larraulgo Udala\" href=\"http:\/\/www.larraul.net\/eu\/html\/\" target=\"_blank\" rel=\"noopener noreferrer\">Larraul<\/a><\/td>\n<td style=\"text-align: center;\">256<\/td>\n<\/tr>\n<tr>\n<td><a title=\"Leaburu-Txaramako Udala\" href=\"http:\/\/www.leaburu-txarama.net\/eu\/html\/\" target=\"_blank\" rel=\"noopener noreferrer\">Leaburu-Txarama<\/a><\/td>\n<td style=\"text-align: center;\">386<\/td>\n<\/tr>\n<tr>\n<td><a title=\"Lizartzako Udala\" href=\"http:\/\/www.lizartza.com\/\" target=\"_blank\" rel=\"noopener noreferrer\">Lizartza<\/a><\/td>\n<td style=\"text-align: center;\">617<\/td>\n<\/tr>\n<tr>\n<td><a title=\"Orendaingo Udala\" href=\"http:\/\/www.orendain.org\/eu\/html\/\" target=\"_blank\" rel=\"noopener noreferrer\">Orendain<\/a><\/td>\n<td style=\"text-align: center;\">227<\/td>\n<\/tr>\n<tr>\n<td><a title=\"Orexako Udala\" href=\"http:\/\/www.orexa.eus\/eu\/\" target=\"_blank\" rel=\"noopener noreferrer\">Orexa<\/a><\/td>\n<td style=\"text-align: center;\">117<\/td>\n<\/tr>\n<tr>\n<td><a title=\"Tolosako Udala\" href=\"https:\/\/www.tolosa.eus\/\" target=\"_blank\" rel=\"noopener noreferrer\">Tolosa<\/a><\/td>\n<td style=\"text-align: center;\">19.816<\/td>\n<\/tr>\n<tr>\n<td><a title=\"Villabonako Udala\" href=\"http:\/\/www.villabona.eu\/eu\/\" target=\"_blank\" rel=\"noopener noreferrer\">Villabona<\/a><\/td>\n<td style=\"text-align: center;\">5.876<\/td>\n<\/tr>\n<tr>\n<td><a title=\"Zizurkilgo Udala\" href=\"http:\/\/www.zizurkil.com\/\" target=\"_blank\" rel=\"noopener noreferrer\">Zizurkil<\/a><\/td>\n<td style=\"text-align: center;\">3.025<\/td>\n<\/tr>\n<\/tbody>\n<\/table>\n<\/div>\n<\/div>\n<\/div>\n","protected":false},"excerpt":{"rendered":"<p>La Mancomunidad La Mancomunidad de Tolosaldea es un organismo p\u00fablico fundado en 1998. Est\u00e1 formado por 28 municipios suponiendo un total de 62.634 habitantes (seg\u00fan \u00faltimos datos al 01\/01\/2020). Los objetivos principales de la Mancomunidad de Tolosaldea son: La gesti\u00f3n de los residuos urbanos generados en los municipios que la componen. Impulsar acciones encaminadas a [&hellip;]<\/p>\n","protected":false},"author":1,"featured_media":0,"parent":5125,"menu_order":0,"comment_status":"closed","ping_status":"closed","template":"template-mankomunitatea.php","meta":{"_acf_changed":false,"footnotes":""},"class_list":["post-5117","page","type-page","status-publish","hentry"],"acf":[],"yoast_head":"<!-- This site is optimized with the Yoast SEO plugin v25.3.1 - https:\/\/yoast.com\/wordpress\/plugins\/seo\/ -->\n<title>La Mancomunidad y sus miembros - Tolosaldeako Mankomunitatea<\/title>\n<meta name=\"robots\" content=\"index, follow, max-snippet:-1, max-image-preview:large, max-video-preview:-1\" \/>\n<link rel=\"canonical\" href=\"https:\/\/tolosaldekomankomunitatea.eus\/es\/mancomunidad\/la-mancomunidad-y-sus-miembros\/\" \/>\n<meta property=\"og:locale\" content=\"es_ES\" \/>\n<meta property=\"og:type\" content=\"article\" \/>\n<meta property=\"og:title\" content=\"La Mancomunidad y sus miembros - Tolosaldeako Mankomunitatea\" \/>\n<meta property=\"og:description\" content=\"La Mancomunidad La Mancomunidad de Tolosaldea es un organismo p\u00fablico fundado en 1998. Est\u00e1 formado por 28 municipios suponiendo un total de 62.634 habitantes (seg\u00fan \u00faltimos datos al 01\/01\/2020). Los objetivos principales de la Mancomunidad de Tolosaldea son: La gesti\u00f3n de los residuos urbanos generados en los municipios que la componen. Impulsar acciones encaminadas a [&hellip;]\" \/>\n<meta property=\"og:url\" content=\"https:\/\/tolosaldekomankomunitatea.eus\/es\/mancomunidad\/la-mancomunidad-y-sus-miembros\/\" \/>\n<meta property=\"og:site_name\" content=\"Tolosaldeako Mankomunitatea\" \/>\n<meta property=\"article:modified_time\" content=\"2021-03-17T08:53:36+00:00\" \/>\n<meta property=\"og:image\" content=\"https:\/\/tolosaldekomankomunitatea.eus\/wp-content\/uploads\/2018\/12\/tolosaldeko-mankomunitatearen-mapa.png\" \/>\n<meta name=\"twitter:card\" content=\"summary_large_image\" \/>\n<meta name=\"twitter:label1\" content=\"Tiempo de lectura\" \/>\n\t<meta name=\"twitter:data1\" content=\"1 minuto\" \/>\n<script type=\"application\/ld+json\" class=\"yoast-schema-graph\">{\"@context\":\"https:\/\/schema.org\",\"@graph\":[{\"@type\":\"WebPage\",\"@id\":\"https:\/\/tolosaldekomankomunitatea.eus\/es\/mancomunidad\/la-mancomunidad-y-sus-miembros\/\",\"url\":\"https:\/\/tolosaldekomankomunitatea.eus\/es\/mancomunidad\/la-mancomunidad-y-sus-miembros\/\",\"name\":\"La Mancomunidad y sus miembros - Tolosaldeako Mankomunitatea\",\"isPartOf\":{\"@id\":\"https:\/\/tolosaldekomankomunitatea.eus\/es\/#website\"},\"primaryImageOfPage\":{\"@id\":\"https:\/\/tolosaldekomankomunitatea.eus\/es\/mancomunidad\/la-mancomunidad-y-sus-miembros\/#primaryimage\"},\"image\":{\"@id\":\"https:\/\/tolosaldekomankomunitatea.eus\/es\/mancomunidad\/la-mancomunidad-y-sus-miembros\/#primaryimage\"},\"thumbnailUrl\":\"https:\/\/tolosaldekomankomunitatea.eus\/wp-content\/uploads\/2018\/12\/tolosaldeko-mankomunitatearen-mapa.png\",\"datePublished\":\"2018-11-27T13:17:59+00:00\",\"dateModified\":\"2021-03-17T08:53:36+00:00\",\"breadcrumb\":{\"@id\":\"https:\/\/tolosaldekomankomunitatea.eus\/es\/mancomunidad\/la-mancomunidad-y-sus-miembros\/#breadcrumb\"},\"inLanguage\":\"es\",\"potentialAction\":[{\"@type\":\"ReadAction\",\"target\":[\"https:\/\/tolosaldekomankomunitatea.eus\/es\/mancomunidad\/la-mancomunidad-y-sus-miembros\/\"]}]},{\"@type\":\"ImageObject\",\"inLanguage\":\"es\",\"@id\":\"https:\/\/tolosaldekomankomunitatea.eus\/es\/mancomunidad\/la-mancomunidad-y-sus-miembros\/#primaryimage\",\"url\":\"https:\/\/tolosaldekomankomunitatea.eus\/wp-content\/uploads\/2018\/12\/tolosaldeko-mankomunitatearen-mapa.png\",\"contentUrl\":\"https:\/\/tolosaldekomankomunitatea.eus\/wp-content\/uploads\/2018\/12\/tolosaldeko-mankomunitatearen-mapa.png\"},{\"@type\":\"BreadcrumbList\",\"@id\":\"https:\/\/tolosaldekomankomunitatea.eus\/es\/mancomunidad\/la-mancomunidad-y-sus-miembros\/#breadcrumb\",\"itemListElement\":[{\"@type\":\"ListItem\",\"position\":1,\"name\":\"\",\"item\":\"https:\/\/tolosaldekomankomunitatea.eus\/es\/\"},{\"@type\":\"ListItem\",\"position\":2,\"name\":\"Mancomunidad\",\"item\":\"https:\/\/tolosaldekomankomunitatea.eus\/es\/mancomunidad\/\"},{\"@type\":\"ListItem\",\"position\":3,\"name\":\"La Mancomunidad y sus miembros\"}]},{\"@type\":\"WebSite\",\"@id\":\"https:\/\/tolosaldekomankomunitatea.eus\/es\/#website\",\"url\":\"https:\/\/tolosaldekomankomunitatea.eus\/es\/\",\"name\":\"Tolosaldeako Mankomunitatea\",\"description\":\"Zurekin, alde ederra!\",\"potentialAction\":[{\"@type\":\"SearchAction\",\"target\":{\"@type\":\"EntryPoint\",\"urlTemplate\":\"https:\/\/tolosaldekomankomunitatea.eus\/es\/?s={search_term_string}\"},\"query-input\":{\"@type\":\"PropertyValueSpecification\",\"valueRequired\":true,\"valueName\":\"search_term_string\"}}],\"inLanguage\":\"es\"}]}<\/script>\n<!-- \/ Yoast SEO plugin. -->","yoast_head_json":{"title":"La Mancomunidad y sus miembros - Tolosaldeako Mankomunitatea","robots":{"index":"index","follow":"follow","max-snippet":"max-snippet:-1","max-image-preview":"max-image-preview:large","max-video-preview":"max-video-preview:-1"},"canonical":"https:\/\/tolosaldekomankomunitatea.eus\/es\/mancomunidad\/la-mancomunidad-y-sus-miembros\/","og_locale":"es_ES","og_type":"article","og_title":"La Mancomunidad y sus miembros - Tolosaldeako Mankomunitatea","og_description":"La Mancomunidad La Mancomunidad de Tolosaldea es un organismo p\u00fablico fundado en 1998. Est\u00e1 formado por 28 municipios suponiendo un total de 62.634 habitantes (seg\u00fan \u00faltimos datos al 01\/01\/2020). Los objetivos principales de la Mancomunidad de Tolosaldea son: La gesti\u00f3n de los residuos urbanos generados en los municipios que la componen. Impulsar acciones encaminadas a [&hellip;]","og_url":"https:\/\/tolosaldekomankomunitatea.eus\/es\/mancomunidad\/la-mancomunidad-y-sus-miembros\/","og_site_name":"Tolosaldeako Mankomunitatea","article_modified_time":"2021-03-17T08:53:36+00:00","og_image":[{"url":"https:\/\/tolosaldekomankomunitatea.eus\/wp-content\/uploads\/2018\/12\/tolosaldeko-mankomunitatearen-mapa.png","type":"","width":"","height":""}],"twitter_card":"summary_large_image","twitter_misc":{"Tiempo de lectura":"1 minuto"},"schema":{"@context":"https:\/\/schema.org","@graph":[{"@type":"WebPage","@id":"https:\/\/tolosaldekomankomunitatea.eus\/es\/mancomunidad\/la-mancomunidad-y-sus-miembros\/","url":"https:\/\/tolosaldekomankomunitatea.eus\/es\/mancomunidad\/la-mancomunidad-y-sus-miembros\/","name":"La Mancomunidad y sus miembros - Tolosaldeako Mankomunitatea","isPartOf":{"@id":"https:\/\/tolosaldekomankomunitatea.eus\/es\/#website"},"primaryImageOfPage":{"@id":"https:\/\/tolosaldekomankomunitatea.eus\/es\/mancomunidad\/la-mancomunidad-y-sus-miembros\/#primaryimage"},"image":{"@id":"https:\/\/tolosaldekomankomunitatea.eus\/es\/mancomunidad\/la-mancomunidad-y-sus-miembros\/#primaryimage"},"thumbnailUrl":"https:\/\/tolosaldekomankomunitatea.eus\/wp-content\/uploads\/2018\/12\/tolosaldeko-mankomunitatearen-mapa.png","datePublished":"2018-11-27T13:17:59+00:00","dateModified":"2021-03-17T08:53:36+00:00","breadcrumb":{"@id":"https:\/\/tolosaldekomankomunitatea.eus\/es\/mancomunidad\/la-mancomunidad-y-sus-miembros\/#breadcrumb"},"inLanguage":"es","potentialAction":[{"@type":"ReadAction","target":["https:\/\/tolosaldekomankomunitatea.eus\/es\/mancomunidad\/la-mancomunidad-y-sus-miembros\/"]}]},{"@type":"ImageObject","inLanguage":"es","@id":"https:\/\/tolosaldekomankomunitatea.eus\/es\/mancomunidad\/la-mancomunidad-y-sus-miembros\/#primaryimage","url":"https:\/\/tolosaldekomankomunitatea.eus\/wp-content\/uploads\/2018\/12\/tolosaldeko-mankomunitatearen-mapa.png","contentUrl":"https:\/\/tolosaldekomankomunitatea.eus\/wp-content\/uploads\/2018\/12\/tolosaldeko-mankomunitatearen-mapa.png"},{"@type":"BreadcrumbList","@id":"https:\/\/tolosaldekomankomunitatea.eus\/es\/mancomunidad\/la-mancomunidad-y-sus-miembros\/#breadcrumb","itemListElement":[{"@type":"ListItem","position":1,"name":"","item":"https:\/\/tolosaldekomankomunitatea.eus\/es\/"},{"@type":"ListItem","position":2,"name":"Mancomunidad","item":"https:\/\/tolosaldekomankomunitatea.eus\/es\/mancomunidad\/"},{"@type":"ListItem","position":3,"name":"La Mancomunidad y sus miembros"}]},{"@type":"WebSite","@id":"https:\/\/tolosaldekomankomunitatea.eus\/es\/#website","url":"https:\/\/tolosaldekomankomunitatea.eus\/es\/","name":"Tolosaldeako Mankomunitatea","description":"Zurekin, alde ederra!","potentialAction":[{"@type":"SearchAction","target":{"@type":"EntryPoint","urlTemplate":"https:\/\/tolosaldekomankomunitatea.eus\/es\/?s={search_term_string}"},"query-input":{"@type":"PropertyValueSpecification","valueRequired":true,"valueName":"search_term_string"}}],"inLanguage":"es"}]}},"_links":{"self":[{"href":"https:\/\/tolosaldekomankomunitatea.eus\/es\/wp-json\/wp\/v2\/pages\/5117","targetHints":{"allow":["GET"]}}],"collection":[{"href":"https:\/\/tolosaldekomankomunitatea.eus\/es\/wp-json\/wp\/v2\/pages"}],"about":[{"href":"https:\/\/tolosaldekomankomunitatea.eus\/es\/wp-json\/wp\/v2\/types\/page"}],"author":[{"embeddable":true,"href":"https:\/\/tolosaldekomankomunitatea.eus\/es\/wp-json\/wp\/v2\/users\/1"}],"replies":[{"embeddable":true,"href":"https:\/\/tolosaldekomankomunitatea.eus\/es\/wp-json\/wp\/v2\/comments?post=5117"}],"version-history":[{"count":3,"href":"https:\/\/tolosaldekomankomunitatea.eus\/es\/wp-json\/wp\/v2\/pages\/5117\/revisions"}],"predecessor-version":[{"id":7664,"href":"https:\/\/tolosaldekomankomunitatea.eus\/es\/wp-json\/wp\/v2\/pages\/5117\/revisions\/7664"}],"up":[{"embeddable":true,"href":"https:\/\/tolosaldekomankomunitatea.eus\/es\/wp-json\/wp\/v2\/pages\/5125"}],"wp:attachment":[{"href":"https:\/\/tolosaldekomankomunitatea.eus\/es\/wp-json\/wp\/v2\/media?parent=5117"}],"curies":[{"name":"wp","href":"https:\/\/api.w.org\/{rel}","templated":true}]}}